{"id":456,"date":"2021-03-11T15:29:00","date_gmt":"2021-03-11T15:29:00","guid":{"rendered":"https:\/\/www.cultureireland.ie\/?page_id=456"},"modified":"2026-04-29T13:36:11","modified_gmt":"2026-04-29T12:36:11","slug":"data-protection","status":"publish","type":"page","link":"https:\/\/www.cultureireland.ie\/ga\/data-protection\/","title":{"rendered":"Cosaint Sonra\u00ed"},"content":{"rendered":"<p>D\u00e9anfar gach sonra\u00ed pearsanta a phr\u00f3ise\u00e1lann an Roinn Cult\u00fair, Cumars\u00e1ide agus Sp\u00f3irt a phr\u00f3ise\u00e1il i gcomhr\u00e9ir leis an dl\u00ed maidir le cosaint sonra\u00ed agus n\u00ed \u00fas\u00e1idfear iad ach amh\u00e1in le haghaidh cusp\u00f3ir\u00ed a bhaineann le feidhmeanna na Roinne seo.<\/p>\n<p>T\u00e1 an Roinn tiomanta go hioml\u00e1n do na sonra\u00ed pearsanta ar fad a chuireann a custaim\u00e9ir\u00ed isteach a choinne\u00e1il sl\u00e1n s\u00e1bh\u00e1ilte le linn pr\u00f3iseas riarach\u00e1in. T\u00e1 na bearta teicni\u00fala riachtanacha go l\u00e9ir curtha i bhfeidhm chun s\u00e1bh\u00e1ilteacht agus sl\u00e1nd\u00e1il na gc\u00f3ras ina bhfuil na sonra\u00ed seo a chinnti\u00fa.<\/p>\n<p>D\u00e9anfar faisn\u00e9is faoi Chosaint Sonra\u00ed a nuashonr\u00fa ar an leathanach seo \u00f3 am go ham.<\/p>\n<p><strong>Reachta\u00edocht<\/strong><\/p>\n<p>Is \u00e9 an reachta\u00edocht reatha maidir le Cosaint Sonra\u00ed in \u00c9irinn n\u00e1 an tAcht um Chosaint Sonra\u00ed 1988 arna leas\u00fa ag an Acht um Chosaint Sonra\u00ed 2003. Th\u00e1inig an Rialach\u00e1n Ginear\u00e1lta maidir le Cosaint Sonra\u00ed (AE 2016\/679) i bhfeidhm an 25 Bealtaine 2018.<\/p>\n<p><strong>C\u00e9 hiad an Rialaitheoir Sonra\u00ed?<\/strong><\/p>\n<p>Is \u00ed an Roinn f\u00e9in an Rialaitheoir Sonra\u00ed maidir le baili\u00fa agus pr\u00f3ise\u00e1il na sonra\u00ed pearsanta go l\u00e9ir sa Roinn Cult\u00fair, Cumars\u00e1ide agus Sp\u00f3irt.<\/p>\n<p><strong>Conas a dh\u00e9anaim teagmh\u00e1il leis an Oifigeach Cosanta Sonra\u00ed?<\/strong><\/p>\n<p>Is f\u00e9idir teagmh\u00e1il a dh\u00e9anamh leis an Oifigeach Cosanta Sonra\u00ed mar seo a leanas:<\/p>\n<p>Oifig um Chosaint Sonra\u00ed,<\/p>\n<p>An Roinn Cult\u00fair, Cumars\u00e1ide agus Sp\u00f3irt,<\/p>\n<p>Oifig L\u00e1na L\u00edosain,<\/p>\n<p>BAILE \u00c1THA CLIATH, D02 R5Y3<\/p>\n<p>R\u00edomhphost: <a href=\"mailto:data.protection@ccs.gov.ie\">data.protection@ccs.gov.ie<\/a><\/p>\n<p><strong>Beartas Cosanta Sonra\u00ed<\/strong><\/p>\n<p>Is f\u00e9idir teacht ar Beartas Cosanta Sonra\u00ed na Roinne <a href=\"https:\/\/assets.gov.ie\/static\/documents\/69713b7a\/Data_Protection_Policy.pdf\">anseo<\/a>.<\/p>\n<p><strong>Cad iad mo chearta faoin reachta\u00edocht um Chosaint Sonra\u00ed?<\/strong><\/p>\n<p>Nuair a shol\u00e1thra\u00edonn t\u00fa, mar chustaim\u00e9ir, sonra\u00ed pearsanta don Roinn, t\u00e1 cearta \u00e1irithe agat maidir leis na sonra\u00ed sin.Mar sin f\u00e9in, ba cheart a thabhairt faoi deara nach mbeidh feidhm ag na cearta go l\u00e9ir at\u00e1 liostaithe i ngach c\u00e1s. T\u00e1 na cearta seo leagtha amach th\u00edos agus is f\u00e9idir iad a fheidhmi\u00fa tr\u00ed theagmh\u00e1il a dh\u00e9anamh leis an Oifigeach Cosanta Sonra\u00ed, mar at\u00e1 mionsonraithe thuas, agus a chur in i\u00fal c\u00e9 na cearta is mian leat a fheidhmi\u00fa:<\/p>\n<ul>\n<li>Rochtain ar do shonra\u00ed pearsanta \u2013 clice\u00e1il <a href=\"https:\/\/www.gov.ie\/en\/department-of-culture-communications-and-sport\/organisation-information\/data-protection\/#right-of-access-subject-access-request\">anseo<\/a> le haghaidh eolas faoin gceart rochtana, lena n-\u00e1ir\u00edtear conas Iarratas Rochtana \u00c1bhair a chur isteach;<\/li>\n<li>Ceart\u00fa do shonra\u00ed pearsanta;<\/li>\n<li>Inaistritheacht sonra\u00ed;<\/li>\n<li>Srianadh ar phr\u00f3ise\u00e1il do shonra\u00ed pearsanta;<\/li>\n<li>Ag\u00f3id i gcoinne phr\u00f3ise\u00e1il do shonra\u00ed pearsanta;<\/li>\n<li>Toili\u00fa a tharraingt siar m\u00e1 tugadh roimhe seo \u00e9 maidir le pr\u00f3ise\u00e1il do shonra\u00ed pearsanta;<\/li>\n<li>Scriosadh do shonra\u00ed pearsanta;<\/li>\n<li>An ceart gear\u00e1n a thaisceadh leis an \u00dadar\u00e1s Maoirseachta (An Coimisi\u00fan um Chosaint Sonra\u00ed, Teach na Can\u00e1la, B\u00f3thar an St\u00e1isi\u00fain, C\u00fail an tS\u00fadaire, Co. Laoise R32 AP23 \u2013 <a href=\"http:\/\/www.dataprotection.ie\/\">dataprotection.ie<\/a>);<\/li>\n<\/ul>\n<p><strong>An bhfuil aon srianta ann?<\/strong><\/p>\n<p>T\u00e1 \u2013 ceada\u00edtear srianta ar fheidhmi\u00fa chearta \u00e1bhar sonra\u00ed faoi alt 61(1) i gc\u00e1s ina nd\u00e9antar an phr\u00f3ise\u00e1il le haghaidh cusp\u00f3ir\u00ed cartlann\u00fach\u00e1in ar mhaithe le leas an phobail.T\u00e1 cearta \u00e1bhair sonra\u00ed a leagtar amach in Airteagail 15 (ceart rochtana), 16 (ceart ceart\u00fach\u00e1in), 18 (ceart srianta pr\u00f3ise\u00e1la), 19 (ceart f\u00f3gra a thabhairt faoi cheart\u00fa, scriosadh n\u00f3 srianadh pr\u00f3ise\u00e1la sonra\u00ed pearsanta), 20 (ceart inaistritheacht sonra\u00ed), agus 21 (ceart ag\u00f3ide) den RGCS srianta a mh\u00e9id a bhaineann:<\/p>\n<ol>\n<li>go mbeadh s\u00e9 d\u00f3ch\u00fail go nd\u00e9anfadh feidhmi\u00fa aon cheann de na cearta sin dodh\u00e9anta na cusp\u00f3ir\u00ed sin a bhaint amach, n\u00f3 go nd\u00e9anfa\u00ed dochar tromch\u00faiseach d\u00f3ibh, agus<\/li>\n<li>go bhfuil g\u00e1 leis an srian chun na cusp\u00f3ir\u00ed sin a chomhl\u00edonadh.<\/li>\n<\/ol>\n<p>I gc\u00e1s ina bhfuil pr\u00f3ise\u00e1il ar si\u00fal ag an am c\u00e9anna le haghaidh aon chusp\u00f3ir eile, seachas cusp\u00f3ir\u00ed cartlann\u00fach\u00e1in ar mhaithe le leas an phobail, n\u00ed bheidh feidhm ag na srianta seo ach amh\u00e1in maidir le pr\u00f3ise\u00e1il le haghaidh cusp\u00f3ir\u00ed cartlann\u00fach\u00e1in ar mhaithe le leas an phobail.<\/p>\n<p><strong>C\u00e1 roinnfear mo chuid faisn\u00e9ise pearsanta?<\/strong><\/p>\n<p>N\u00ed roinnfear do shonra\u00ed pearsanta i gc\u00f3na\u00ed ach amh\u00e1in i gc\u00e1s ina bhfuil bun\u00fas dl\u00edthi\u00fail bail\u00ed ann chuige sin agus i gcomhr\u00e9ir leis an reachta\u00edocht chu\u00ed maidir le Cosaint Sonra\u00ed.<\/p>\n<p><strong>Ceisteanna Parlaiminte agus Ionada\u00edochta \u00f3 Ionadaithe Poibl\u00ed<\/strong><\/p>\n<p>Agus iarratais ar Cheisteanna Parlaiminte \u00e1 bhfreagairt, baintear gach p\u00edosa faisn\u00e9is phearsanta as an bhfreagra a chuirtear ar an taifead poibl\u00ed ina dhiaidh sin.<\/p>\n<p>N\u00ed choinneofar faisn\u00e9is a phr\u00f3ise\u00e1iltear le haghaidh an chusp\u00f3ir seo ach chomh fada agus a bheidh g\u00e1 gn\u00f3 leis agus ina dhiaidh sin marc\u00e1lfar \u00ed lena scriosadh agus scriosfar \u00ed i gcomhr\u00e9ir le treoirl\u00ednte inmhe\u00e1nacha n\u00f3 treoirl\u00ednte maidir le scriosadh a fhaightear \u00f3 Chartlann N\u00e1isi\u00fanta na h\u00c9ireann n\u00f3 ceadanna gaolmhara a fhaightear uathu.<\/p>\n<p><strong>Sonra\u00ed pearsanta a anaithnidi\u00fa n\u00f3 a ainmni\u00fa go br\u00e9agach<\/strong><\/p>\n<p>I gc\u00e1s inar f\u00e9idir, is f\u00e9idir leis an Roinn sonra\u00ed pearsanta a anaithnidi\u00fa n\u00f3 a chur faoi bhr\u00e9ag (ceilt) ionas nach mbeidh na sonra\u00ed pearsanta ar f\u00e1il ach d\u00f3ibh si\u00fad a bhfuil g\u00e1 soil\u00e9ir gn\u00f3 acu chun iad a fheice\u00e1il.<\/p>\n<p><strong>Faisn\u00e9is theicni\u00fail faoi shonra\u00ed a bail\u00edodh<\/strong><\/p>\n<p>T\u00e1 faisn\u00e9is theicni\u00fail faoi na fian\u00e1in a \u00fas\u00e1idtear ar shu\u00edomh gr\u00e9as\u00e1in na Roinne ar f\u00e1il <a href=\"https:\/\/www.gov.ie\/en\/help\/privacy-policy\/?section=collection-and-use-of-personal-information\">anseo<\/a>.<\/p>\n<p><strong>Taifead Gn\u00edomha\u00edochta\u00ed Pr\u00f3ise\u00e1la (ROPA)<\/strong><\/p>\n<p>Th\u00e1inig an Rialach\u00e1n Ginear\u00e1lta maidir le Cosaint Sonra\u00ed (RGCS) i bhfeidhm i m\u00ed na Bealtaine 2018, ina raibh ceanglas faoi Airteagal 30 ar gach comhlacht poibl\u00ed Taifead de Ghn\u00edomha\u00edochta\u00ed Pr\u00f3ise\u00e1la a th\u00e1irgeadh.<\/p>\n<p>Is liosta cuimsitheach agus neamh-ioml\u00e1n \u00e9 an doicim\u00e9ad seo de na pr\u00f3isis a dh\u00e9anann rann\u00f3ga laistigh den Roinn a \u00fas\u00e1ideann sonra\u00ed pearsanta; de ghn\u00e1th, b\u00edonn s\u00e9 i bhfoirm doicim\u00e9id bheo, a dh\u00e9anfar a nuashonr\u00fa go rialta le hathruithe agus leasuithe.M\u00e1 t\u00e1 aon cheist agat maidir le pr\u00f3isis shonracha a \u00fas\u00e1ideann sonra\u00ed pearsanta nach bhfuil cl\u00fadaithe ag an doicim\u00e9ad seo, d\u00e9an teagmh\u00e1il leis an Oifigeach Cosanta Sonra\u00ed, mar at\u00e1 mionsonraithe thuas.<\/p>\n","protected":false},"excerpt":{"rendered":"<p>D\u00e9anfar gach sonra\u00ed pearsanta a phr\u00f3ise\u00e1lann an Roinn Cult\u00fair, Cumars\u00e1ide agus Sp\u00f3irt a phr\u00f3ise\u00e1il i gcomhr\u00e9ir leis an dl\u00ed maidir le cosaint sonra\u00ed agus n\u00ed \u00fas\u00e1idfear iad ach amh\u00e1in le haghaidh cusp\u00f3ir\u00ed a bhaineann le feidhmeanna na Roinne seo. T\u00e1 an Roinn tiomanta go hioml\u00e1n do na sonra\u00ed pearsanta ar fad a chuireann a custaim\u00e9ir\u00ed&#8230; <\/p>\n","protected":false},"author":1,"featured_media":0,"parent":0,"menu_order":18,"comment_status":"closed","ping_status":"closed","template":"full-width.php","meta":{"_acf_changed":false,"footnotes":""},"class_list":["post-456","page","type-page","status-publish","hentry"],"acf":[],"yoast_head":"<!-- This site is optimized with the Yoast SEO plugin v27.2 - https:\/\/yoast.com\/product\/yoast-seo-wordpress\/ -->\n<title>Cosaint Sonra\u00ed - Culture Ireland | Cult\u00far \u00c9ireann<\/title>\n<meta name=\"robots\" content=\"index, follow, max-snippet:-1, max-image-preview:large, max-video-preview:-1\" \/>\n<link rel=\"canonical\" href=\"https:\/\/www.cultureireland.ie\/ga\/data-protection\/\" \/>\n<meta property=\"og:locale\" content=\"ga_IE\" \/>\n<meta property=\"og:type\" content=\"article\" \/>\n<meta property=\"og:title\" content=\"Cosaint Sonra\u00ed - Culture Ireland | Cult\u00far \u00c9ireann\" \/>\n<meta property=\"og:description\" content=\"D\u00e9anfar gach sonra\u00ed pearsanta a phr\u00f3ise\u00e1lann an Roinn Cult\u00fair, Cumars\u00e1ide agus Sp\u00f3irt a phr\u00f3ise\u00e1il i gcomhr\u00e9ir leis an dl\u00ed maidir le cosaint sonra\u00ed agus n\u00ed \u00fas\u00e1idfear iad ach amh\u00e1in le haghaidh cusp\u00f3ir\u00ed a bhaineann le feidhmeanna na Roinne seo. T\u00e1 an Roinn tiomanta go hioml\u00e1n do na sonra\u00ed pearsanta ar fad a chuireann a custaim\u00e9ir\u00ed...\" \/>\n<meta property=\"og:url\" content=\"https:\/\/www.cultureireland.ie\/ga\/data-protection\/\" \/>\n<meta property=\"og:site_name\" content=\"Culture Ireland | Cult\u00far \u00c9ireann\" \/>\n<meta property=\"article:modified_time\" content=\"2026-04-29T12:36:11+00:00\" \/>\n<meta property=\"og:image\" content=\"https:\/\/www.cultureireland.ie\/wp-content\/uploads\/2021\/05\/1400x544CI_logo_tagline_RGB.png\" \/>\n\t<meta property=\"og:image:width\" content=\"1400\" \/>\n\t<meta property=\"og:image:height\" content=\"544\" \/>\n\t<meta property=\"og:image:type\" content=\"image\/png\" \/>\n<meta name=\"twitter:card\" content=\"summary_large_image\" \/>\n<meta name=\"twitter:label1\" content=\"Est. reading time\" \/>\n\t<meta name=\"twitter:data1\" content=\"4 minutes\" \/>\n<script type=\"application\/ld+json\" class=\"yoast-schema-graph\">{\"@context\":\"https:\/\/schema.org\",\"@graph\":[{\"@type\":\"WebPage\",\"@id\":\"https:\/\/www.cultureireland.ie\/ga\/data-protection\/\",\"url\":\"https:\/\/www.cultureireland.ie\/ga\/data-protection\/\",\"name\":\"Cosaint Sonra\u00ed - Culture Ireland | Cult\u00far \u00c9ireann\",\"isPartOf\":{\"@id\":\"https:\/\/www.cultureireland.ie\/#website\"},\"datePublished\":\"2021-03-11T15:29:00+00:00\",\"dateModified\":\"2026-04-29T12:36:11+00:00\",\"breadcrumb\":{\"@id\":\"https:\/\/www.cultureireland.ie\/ga\/data-protection\/#breadcrumb\"},\"inLanguage\":\"ga-IE\",\"potentialAction\":[{\"@type\":\"ReadAction\",\"target\":[\"https:\/\/www.cultureireland.ie\/ga\/data-protection\/\"]}]},{\"@type\":\"BreadcrumbList\",\"@id\":\"https:\/\/www.cultureireland.ie\/ga\/data-protection\/#breadcrumb\",\"itemListElement\":[{\"@type\":\"ListItem\",\"position\":1,\"name\":\"Home\",\"item\":\"https:\/\/www.cultureireland.ie\/\"},{\"@type\":\"ListItem\",\"position\":2,\"name\":\"Cosaint Sonra\u00ed\"}]},{\"@type\":\"WebSite\",\"@id\":\"https:\/\/www.cultureireland.ie\/#website\",\"url\":\"https:\/\/www.cultureireland.ie\/\",\"name\":\"Culture Ireland | Cult\u00far \u00c9ireann\",\"description\":\"\",\"publisher\":{\"@id\":\"https:\/\/www.cultureireland.ie\/#organization\"},\"potentialAction\":[{\"@type\":\"SearchAction\",\"target\":{\"@type\":\"EntryPoint\",\"urlTemplate\":\"https:\/\/www.cultureireland.ie\/?s={search_term_string}\"},\"query-input\":{\"@type\":\"PropertyValueSpecification\",\"valueRequired\":true,\"valueName\":\"search_term_string\"}}],\"inLanguage\":\"ga-IE\"},{\"@type\":\"Organization\",\"@id\":\"https:\/\/www.cultureireland.ie\/#organization\",\"name\":\"Culture Ireland\",\"url\":\"https:\/\/www.cultureireland.ie\/\",\"logo\":{\"@type\":\"ImageObject\",\"inLanguage\":\"ga-IE\",\"@id\":\"https:\/\/www.cultureireland.ie\/#\/schema\/logo\/image\/\",\"url\":\"https:\/\/www.cultureireland.ie\/wp-content\/uploads\/2024\/04\/Department-Tourism.png\",\"contentUrl\":\"https:\/\/www.cultureireland.ie\/wp-content\/uploads\/2024\/04\/Department-Tourism.png\",\"width\":231,\"height\":218,\"caption\":\"Culture Ireland\"},\"image\":{\"@id\":\"https:\/\/www.cultureireland.ie\/#\/schema\/logo\/image\/\"}}]}<\/script>\n<!-- \/ Yoast SEO plugin. -->","yoast_head_json":{"title":"Cosaint Sonra\u00ed - Culture Ireland | Cult\u00far \u00c9ireann","robots":{"index":"index","follow":"follow","max-snippet":"max-snippet:-1","max-image-preview":"max-image-preview:large","max-video-preview":"max-video-preview:-1"},"canonical":"https:\/\/www.cultureireland.ie\/ga\/data-protection\/","og_locale":"ga_IE","og_type":"article","og_title":"Cosaint Sonra\u00ed - Culture Ireland | Cult\u00far \u00c9ireann","og_description":"D\u00e9anfar gach sonra\u00ed pearsanta a phr\u00f3ise\u00e1lann an Roinn Cult\u00fair, Cumars\u00e1ide agus Sp\u00f3irt a phr\u00f3ise\u00e1il i gcomhr\u00e9ir leis an dl\u00ed maidir le cosaint sonra\u00ed agus n\u00ed \u00fas\u00e1idfear iad ach amh\u00e1in le haghaidh cusp\u00f3ir\u00ed a bhaineann le feidhmeanna na Roinne seo. T\u00e1 an Roinn tiomanta go hioml\u00e1n do na sonra\u00ed pearsanta ar fad a chuireann a custaim\u00e9ir\u00ed...","og_url":"https:\/\/www.cultureireland.ie\/ga\/data-protection\/","og_site_name":"Culture Ireland | Cult\u00far \u00c9ireann","article_modified_time":"2026-04-29T12:36:11+00:00","og_image":[{"width":1400,"height":544,"url":"https:\/\/www.cultureireland.ie\/wp-content\/uploads\/2021\/05\/1400x544CI_logo_tagline_RGB.png","type":"image\/png"}],"twitter_card":"summary_large_image","twitter_misc":{"Est. reading time":"4 minutes"},"schema":{"@context":"https:\/\/schema.org","@graph":[{"@type":"WebPage","@id":"https:\/\/www.cultureireland.ie\/ga\/data-protection\/","url":"https:\/\/www.cultureireland.ie\/ga\/data-protection\/","name":"Cosaint Sonra\u00ed - Culture Ireland | Cult\u00far \u00c9ireann","isPartOf":{"@id":"https:\/\/www.cultureireland.ie\/#website"},"datePublished":"2021-03-11T15:29:00+00:00","dateModified":"2026-04-29T12:36:11+00:00","breadcrumb":{"@id":"https:\/\/www.cultureireland.ie\/ga\/data-protection\/#breadcrumb"},"inLanguage":"ga-IE","potentialAction":[{"@type":"ReadAction","target":["https:\/\/www.cultureireland.ie\/ga\/data-protection\/"]}]},{"@type":"BreadcrumbList","@id":"https:\/\/www.cultureireland.ie\/ga\/data-protection\/#breadcrumb","itemListElement":[{"@type":"ListItem","position":1,"name":"Home","item":"https:\/\/www.cultureireland.ie\/"},{"@type":"ListItem","position":2,"name":"Cosaint Sonra\u00ed"}]},{"@type":"WebSite","@id":"https:\/\/www.cultureireland.ie\/#website","url":"https:\/\/www.cultureireland.ie\/","name":"Culture Ireland | Cult\u00far \u00c9ireann","description":"","publisher":{"@id":"https:\/\/www.cultureireland.ie\/#organization"},"potentialAction":[{"@type":"SearchAction","target":{"@type":"EntryPoint","urlTemplate":"https:\/\/www.cultureireland.ie\/?s={search_term_string}"},"query-input":{"@type":"PropertyValueSpecification","valueRequired":true,"valueName":"search_term_string"}}],"inLanguage":"ga-IE"},{"@type":"Organization","@id":"https:\/\/www.cultureireland.ie\/#organization","name":"Culture Ireland","url":"https:\/\/www.cultureireland.ie\/","logo":{"@type":"ImageObject","inLanguage":"ga-IE","@id":"https:\/\/www.cultureireland.ie\/#\/schema\/logo\/image\/","url":"https:\/\/www.cultureireland.ie\/wp-content\/uploads\/2024\/04\/Department-Tourism.png","contentUrl":"https:\/\/www.cultureireland.ie\/wp-content\/uploads\/2024\/04\/Department-Tourism.png","width":231,"height":218,"caption":"Culture Ireland"},"image":{"@id":"https:\/\/www.cultureireland.ie\/#\/schema\/logo\/image\/"}}]}},"_links":{"self":[{"href":"https:\/\/www.cultureireland.ie\/ga\/wp-json\/wp\/v2\/pages\/456","targetHints":{"allow":["GET"]}}],"collection":[{"href":"https:\/\/www.cultureireland.ie\/ga\/wp-json\/wp\/v2\/pages"}],"about":[{"href":"https:\/\/www.cultureireland.ie\/ga\/wp-json\/wp\/v2\/types\/page"}],"author":[{"embeddable":true,"href":"https:\/\/www.cultureireland.ie\/ga\/wp-json\/wp\/v2\/users\/1"}],"replies":[{"embeddable":true,"href":"https:\/\/www.cultureireland.ie\/ga\/wp-json\/wp\/v2\/comments?post=456"}],"version-history":[{"count":10,"href":"https:\/\/www.cultureireland.ie\/ga\/wp-json\/wp\/v2\/pages\/456\/revisions"}],"predecessor-version":[{"id":3825,"href":"https:\/\/www.cultureireland.ie\/ga\/wp-json\/wp\/v2\/pages\/456\/revisions\/3825"}],"wp:attachment":[{"href":"https:\/\/www.cultureireland.ie\/ga\/wp-json\/wp\/v2\/media?parent=456"}],"curies":[{"name":"wp","href":"https:\/\/api.w.org\/{rel}","templated":true}]}}