{"id":2400,"date":"2020-08-25T14:20:18","date_gmt":"2020-08-25T13:20:18","guid":{"rendered":"https:\/\/www.cultureireland.ie\/resources\/logonna\/"},"modified":"2020-08-25T14:20:18","modified_gmt":"2020-08-25T13:20:18","slug":"logonna","status":"publish","type":"page","link":"https:\/\/www.cultureireland.ie\/ga\/resources\/logonna\/","title":{"rendered":"L\u00f3g\u00f3nna"},"content":{"rendered":"<p><a href=\"https:\/\/www.cultureireland.ie\/wp-content\/uploads\/2021\/05\/CI_logo_RGB_1-1.png\" target=\"_blank\" rel=\"noopener\"><img loading=\"lazy\" decoding=\"async\" class=\"wp-image-962 size-medium alignleft\" src=\"https:\/\/www.cultureireland.ie\/wp-content\/uploads\/2021\/05\/CI_logo_RGB-1-300x120.jpg\" alt=\"\" width=\"300\" height=\"120\" srcset=\"https:\/\/www.cultureireland.ie\/wp-content\/uploads\/2021\/05\/CI_logo_RGB-1-300x120.jpg 300w, https:\/\/www.cultureireland.ie\/wp-content\/uploads\/2021\/05\/CI_logo_RGB-1-1024x410.jpg 1024w, https:\/\/www.cultureireland.ie\/wp-content\/uploads\/2021\/05\/CI_logo_RGB-1-768x307.jpg 768w, https:\/\/www.cultureireland.ie\/wp-content\/uploads\/2021\/05\/CI_logo_RGB-1-1536x614.jpg 1536w, https:\/\/www.cultureireland.ie\/wp-content\/uploads\/2021\/05\/CI_logo_RGB-1-2048x819.jpg 2048w\" sizes=\"auto, (max-width: 300px) 100vw, 300px\" \/><\/a><\/p>\n<h1>\u00a0 \u00a0 \u00a0 \u00a0 \u00a0 \u00a0 \u00a0 \u00a0<a href=\"https:\/\/www.cultureireland.ie\/wp-content\/uploads\/2021\/05\/CI_logo_RGB-1.jpg\" target=\"_blank\" rel=\"https:\/\/www.cultureireland.ie\/wp-content\/uploads\/2021\/05\/CI_logo_RGB.jpg noopener\"><img loading=\"lazy\" decoding=\"async\" class=\"alignnone wp-image-962 size-medium\" src=\"https:\/\/www.cultureireland.ie\/wp-content\/uploads\/2021\/05\/CI_logo_RGB-1-300x120.jpg\" alt=\"\" width=\"300\" height=\"120\" srcset=\"https:\/\/www.cultureireland.ie\/wp-content\/uploads\/2021\/05\/CI_logo_RGB-1-300x120.jpg 300w, https:\/\/www.cultureireland.ie\/wp-content\/uploads\/2021\/05\/CI_logo_RGB-1-1024x410.jpg 1024w, https:\/\/www.cultureireland.ie\/wp-content\/uploads\/2021\/05\/CI_logo_RGB-1-768x307.jpg 768w, https:\/\/www.cultureireland.ie\/wp-content\/uploads\/2021\/05\/CI_logo_RGB-1-1536x614.jpg 1536w, https:\/\/www.cultureireland.ie\/wp-content\/uploads\/2021\/05\/CI_logo_RGB-1-2048x819.jpg 2048w\" sizes=\"auto, (max-width: 300px) 100vw, 300px\" \/><\/a><\/h1>\n<h1><span style=\"font-size: 24pt; color: #000000;\"><a href=\"https:\/\/www.cultureireland.ie\/wp-content\/uploads\/2021\/05\/CI_logo_black-1.jpg\" target=\"_blank\" rel=\"noopener\"><img loading=\"lazy\" decoding=\"async\" class=\"alignnone wp-image-959 size-medium\" src=\"https:\/\/www.cultureireland.ie\/wp-content\/uploads\/2021\/05\/CI_logo_black-1-300x120.jpg\" alt=\"\" width=\"300\" height=\"120\" srcset=\"https:\/\/www.cultureireland.ie\/wp-content\/uploads\/2021\/05\/CI_logo_black-1-300x120.jpg 300w, https:\/\/www.cultureireland.ie\/wp-content\/uploads\/2021\/05\/CI_logo_black-1-1024x410.jpg 1024w, https:\/\/www.cultureireland.ie\/wp-content\/uploads\/2021\/05\/CI_logo_black-1-768x307.jpg 768w, https:\/\/www.cultureireland.ie\/wp-content\/uploads\/2021\/05\/CI_logo_black-1-1536x614.jpg 1536w, https:\/\/www.cultureireland.ie\/wp-content\/uploads\/2021\/05\/CI_logo_black-1-2048x819.jpg 2048w\" sizes=\"auto, (max-width: 300px) 100vw, 300px\" \/><\/a>\u00a0 \u00a0 \u00a0 \u00a0 \u00a0 \u00a0 \u00a0 \u00a0 \u00a0<a href=\"https:\/\/www.cultureireland.ie\/wp-content\/uploads\/2021\/05\/CI_logo_black-1.png\" target=\"_blank\" rel=\"noopener\"><img loading=\"lazy\" decoding=\"async\" class=\"alignnone wp-image-960 size-medium\" src=\"https:\/\/www.cultureireland.ie\/wp-content\/uploads\/2021\/05\/CI_logo_black-1-300x120.png\" alt=\"\" width=\"300\" height=\"120\" srcset=\"https:\/\/www.cultureireland.ie\/wp-content\/uploads\/2021\/05\/CI_logo_black-1-300x120.png 300w, https:\/\/www.cultureireland.ie\/wp-content\/uploads\/2021\/05\/CI_logo_black-1-1024x410.png 1024w, https:\/\/www.cultureireland.ie\/wp-content\/uploads\/2021\/05\/CI_logo_black-1-768x307.png 768w, https:\/\/www.cultureireland.ie\/wp-content\/uploads\/2021\/05\/CI_logo_black-1-1536x614.png 1536w, https:\/\/www.cultureireland.ie\/wp-content\/uploads\/2021\/05\/CI_logo_black-1-2048x819.png 2048w\" sizes=\"auto, (max-width: 300px) 100vw, 300px\" \/><\/a><\/span><\/h1>\n<h1><a href=\"https:\/\/www.cultureireland.ie\/wp-content\/uploads\/2024\/04\/CI_logo_tagline_RGB.png\" target=\"_blank\" rel=\"noopener\"><img loading=\"lazy\" decoding=\"async\" class=\"alignnone wp-image-2235 size-medium\" src=\"https:\/\/www.cultureireland.ie\/wp-content\/uploads\/2024\/04\/CI_logo_tagline_RGB-300x120.png\" alt=\"\" width=\"300\" height=\"120\" srcset=\"https:\/\/www.cultureireland.ie\/wp-content\/uploads\/2024\/04\/CI_logo_tagline_RGB-300x120.png 300w, https:\/\/www.cultureireland.ie\/wp-content\/uploads\/2024\/04\/CI_logo_tagline_RGB-1024x410.png 1024w, https:\/\/www.cultureireland.ie\/wp-content\/uploads\/2024\/04\/CI_logo_tagline_RGB-768x307.png 768w, https:\/\/www.cultureireland.ie\/wp-content\/uploads\/2024\/04\/CI_logo_tagline_RGB-1536x614.png 1536w, https:\/\/www.cultureireland.ie\/wp-content\/uploads\/2024\/04\/CI_logo_tagline_RGB-2048x819.png 2048w\" sizes=\"auto, (max-width: 300px) 100vw, 300px\" \/><\/a>\u00a0 \u00a0 \u00a0 \u00a0 \u00a0 \u00a0 \u00a0 \u00a0 \u00a0<a href=\"https:\/\/www.cultureireland.ie\/wp-content\/uploads\/2024\/04\/CI_logo_tagline_black.png\" target=\"_blank\" rel=\"noopener\"><img loading=\"lazy\" decoding=\"async\" class=\"alignnone wp-image-2237 size-medium\" style=\"font-size: 16px;\" src=\"https:\/\/www.cultureireland.ie\/wp-content\/uploads\/2024\/04\/CI_logo_tagline_black-300x120.png\" alt=\"\" width=\"300\" height=\"120\" srcset=\"https:\/\/www.cultureireland.ie\/wp-content\/uploads\/2024\/04\/CI_logo_tagline_black-300x120.png 300w, https:\/\/www.cultureireland.ie\/wp-content\/uploads\/2024\/04\/CI_logo_tagline_black-1024x410.png 1024w, https:\/\/www.cultureireland.ie\/wp-content\/uploads\/2024\/04\/CI_logo_tagline_black-768x307.png 768w, https:\/\/www.cultureireland.ie\/wp-content\/uploads\/2024\/04\/CI_logo_tagline_black-1536x614.png 1536w, https:\/\/www.cultureireland.ie\/wp-content\/uploads\/2024\/04\/CI_logo_tagline_black-2048x819.png 2048w\" sizes=\"auto, (max-width: 300px) 100vw, 300px\" \/><\/a><\/h1>\n<h1><\/h1>\n<h1><a href=\"https:\/\/www.cultureireland.ie\/wp-content\/uploads\/2024\/04\/CI_logo_black-Copy.jpg\" target=\"_blank\" rel=\"noopener\"><img loading=\"lazy\" decoding=\"async\" class=\"alignnone wp-image-2247 size-medium\" src=\"https:\/\/www.cultureireland.ie\/wp-content\/uploads\/2024\/04\/CI_logo_black-Copy-300x300.jpg\" alt=\"\" width=\"300\" height=\"300\" srcset=\"https:\/\/www.cultureireland.ie\/wp-content\/uploads\/2024\/04\/CI_logo_black-Copy-300x300.jpg 300w, https:\/\/www.cultureireland.ie\/wp-content\/uploads\/2024\/04\/CI_logo_black-Copy-1024x1024.jpg 1024w, https:\/\/www.cultureireland.ie\/wp-content\/uploads\/2024\/04\/CI_logo_black-Copy-150x150.jpg 150w, https:\/\/www.cultureireland.ie\/wp-content\/uploads\/2024\/04\/CI_logo_black-Copy-768x768.jpg 768w, https:\/\/www.cultureireland.ie\/wp-content\/uploads\/2024\/04\/CI_logo_black-Copy.jpg 1064w\" sizes=\"auto, (max-width: 300px) 100vw, 300px\" \/><\/a>\u00a0 \u00a0 \u00a0 \u00a0 \u00a0 \u00a0 \u00a0 \u00a0 \u00a0 <a href=\"https:\/\/www.cultureireland.ie\/wp-content\/uploads\/2024\/04\/CI-twitter-profile.png\" target=\"_blank\" rel=\"noopener\"><img loading=\"lazy\" decoding=\"async\" class=\"alignnone wp-image-2249 size-medium\" style=\"font-size: 16px;\" src=\"https:\/\/www.cultureireland.ie\/wp-content\/uploads\/2024\/04\/CI-twitter-profile-300x300.png\" alt=\"\" width=\"300\" height=\"300\" srcset=\"https:\/\/www.cultureireland.ie\/wp-content\/uploads\/2024\/04\/CI-twitter-profile-300x300.png 300w, https:\/\/www.cultureireland.ie\/wp-content\/uploads\/2024\/04\/CI-twitter-profile-150x150.png 150w, https:\/\/www.cultureireland.ie\/wp-content\/uploads\/2024\/04\/CI-twitter-profile.png 400w\" sizes=\"auto, (max-width: 300px) 100vw, 300px\" \/><\/a><\/h1>\n<p>&nbsp;<\/p>\n<h1><a href=\"https:\/\/www.cultureireland.ie\/wp-content\/uploads\/2024\/04\/ZeitgeistIrland24_primary_black.png\" target=\"_blank\" rel=\"noopener\"><img loading=\"lazy\" decoding=\"async\" class=\"alignnone wp-image-2243 size-medium\" src=\"https:\/\/www.cultureireland.ie\/wp-content\/uploads\/2024\/04\/ZeitgeistIrland24_primary_black-300x188.png\" alt=\"\" width=\"300\" height=\"188\" srcset=\"https:\/\/www.cultureireland.ie\/wp-content\/uploads\/2024\/04\/ZeitgeistIrland24_primary_black-300x188.png 300w, https:\/\/www.cultureireland.ie\/wp-content\/uploads\/2024\/04\/ZeitgeistIrland24_primary_black-1024x640.png 1024w, https:\/\/www.cultureireland.ie\/wp-content\/uploads\/2024\/04\/ZeitgeistIrland24_primary_black-768x480.png 768w, https:\/\/www.cultureireland.ie\/wp-content\/uploads\/2024\/04\/ZeitgeistIrland24_primary_black-1536x960.png 1536w, https:\/\/www.cultureireland.ie\/wp-content\/uploads\/2024\/04\/ZeitgeistIrland24_primary_black-2048x1280.png 2048w\" sizes=\"auto, (max-width: 300px) 100vw, 300px\" \/><\/a>\u00a0 \u00a0 \u00a0 \u00a0 \u00a0 \u00a0 \u00a0 \u00a0 \u00a0 \u00a0 \u00a0 \u00a0<a href=\"https:\/\/www.cultureireland.ie\/wp-content\/uploads\/2024\/04\/ZeitgeistIrland24_combined_black.png\" target=\"_blank\" rel=\"noopener\"><img loading=\"lazy\" decoding=\"async\" class=\"alignnone wp-image-2241 size-medium\" src=\"https:\/\/www.cultureireland.ie\/wp-content\/uploads\/2024\/04\/ZeitgeistIrland24_combined_black-300x116.png\" alt=\"\" width=\"300\" height=\"116\" srcset=\"https:\/\/www.cultureireland.ie\/wp-content\/uploads\/2024\/04\/ZeitgeistIrland24_combined_black-300x116.png 300w, https:\/\/www.cultureireland.ie\/wp-content\/uploads\/2024\/04\/ZeitgeistIrland24_combined_black-1024x395.png 1024w, https:\/\/www.cultureireland.ie\/wp-content\/uploads\/2024\/04\/ZeitgeistIrland24_combined_black-768x296.png 768w, https:\/\/www.cultureireland.ie\/wp-content\/uploads\/2024\/04\/ZeitgeistIrland24_combined_black-1536x592.png 1536w, https:\/\/www.cultureireland.ie\/wp-content\/uploads\/2024\/04\/ZeitgeistIrland24_combined_black-2048x790.png 2048w\" sizes=\"auto, (max-width: 300px) 100vw, 300px\" \/><\/a><\/h1>\n<p><a href=\"https:\/\/www.cultureireland.ie\/wp-content\/uploads\/2024\/04\/ZeitgeistIrland24_secondary_black.png\" target=\"_blank\" rel=\"noopener\"><img loading=\"lazy\" decoding=\"async\" class=\"alignnone wp-image-2245 size-medium\" src=\"https:\/\/www.cultureireland.ie\/wp-content\/uploads\/2024\/04\/ZeitgeistIrland24_secondary_black-300x300.png\" alt=\"\" width=\"300\" height=\"300\" srcset=\"https:\/\/www.cultureireland.ie\/wp-content\/uploads\/2024\/04\/ZeitgeistIrland24_secondary_black-300x300.png 300w, https:\/\/www.cultureireland.ie\/wp-content\/uploads\/2024\/04\/ZeitgeistIrland24_secondary_black-1024x1024.png 1024w, https:\/\/www.cultureireland.ie\/wp-content\/uploads\/2024\/04\/ZeitgeistIrland24_secondary_black-150x150.png 150w, https:\/\/www.cultureireland.ie\/wp-content\/uploads\/2024\/04\/ZeitgeistIrland24_secondary_black-768x768.png 768w, https:\/\/www.cultureireland.ie\/wp-content\/uploads\/2024\/04\/ZeitgeistIrland24_secondary_black-1536x1536.png 1536w, https:\/\/www.cultureireland.ie\/wp-content\/uploads\/2024\/04\/ZeitgeistIrland24_secondary_black-2048x2048.png 2048w\" sizes=\"auto, (max-width: 300px) 100vw, 300px\" \/><\/a><\/p>\n<p><span style=\"font-size: 12pt;\">All recipients of grants are required to acknowledge Culture Ireland&#8217;s support and use Culture Ireland&#8217;s logo in all promotional material associated with the supported event. Such recognition must match that given to corporate or other sponsors or donors for similar support. Culture Ireland reserves the right to request copies of all such promotional material publicising an event. Compliance with this rule of acknowledgement will be monitored, non-compliance will be regarded as a breach of grant conditions.<\/span><\/p>\n<p><span style=\"font-size: 12pt;\">Culture Ireland logos available here are for use by its partners and grant recipients only.<\/span><\/p>\n<p><span style=\"font-size: 12pt;\">Please use an official version of our logo available here and only in the way it is supplied (please refer to <a href=\"https:\/\/www.cultureireland.ie\/wp-content\/uploads\/2021\/05\/Culture_Ireland_Logo_Guidelines-2021.pdf\">Culture Ireland Logo Guidelines<\/a>). Do not skew, squash or amend its colours. If in any doubt, please contact us via <a href=\"mailto:info@cultureireland.gov.ie?subject=Re.%20Culture%20Ireland%20Guidelines%20from%20website.\">info@cultureireland.gov.ie<\/a>.<\/span><\/p>\n<hr \/>\n<p>&nbsp;<\/p>\n<p>&nbsp;<\/p>\n","protected":false},"excerpt":{"rendered":"<p>\u00a0 \u00a0 \u00a0 \u00a0 \u00a0 \u00a0 \u00a0 \u00a0 \u00a0 \u00a0 \u00a0 \u00a0 \u00a0 \u00a0 \u00a0 \u00a0 \u00a0 \u00a0 \u00a0 \u00a0 \u00a0 \u00a0 \u00a0 \u00a0 \u00a0 \u00a0 \u00a0 \u00a0 \u00a0 \u00a0 \u00a0 \u00a0 \u00a0 \u00a0 \u00a0 &nbsp; \u00a0 \u00a0 \u00a0 \u00a0 \u00a0 \u00a0 \u00a0 \u00a0 \u00a0 \u00a0 \u00a0 \u00a0 All recipients of grants are required to&#8230; <\/p>\n","protected":false},"author":1,"featured_media":0,"parent":2270,"menu_order":16,"comment_status":"closed","ping_status":"closed","template":"full-width.php","meta":{"_acf_changed":false,"footnotes":""},"class_list":["post-2400","page","type-page","status-publish","hentry"],"acf":[],"yoast_head":"<!-- This site is optimized with the Yoast SEO plugin v27.2 - https:\/\/yoast.com\/product\/yoast-seo-wordpress\/ -->\n<title>L\u00f3g\u00f3nna - Culture Ireland | Cult\u00far \u00c9ireann<\/title>\n<meta name=\"robots\" content=\"index, follow, max-snippet:-1, max-image-preview:large, max-video-preview:-1\" \/>\n<link rel=\"canonical\" href=\"https:\/\/www.cultureireland.ie\/ga\/resources\/logonna\/\" \/>\n<meta property=\"og:locale\" content=\"ga_IE\" \/>\n<meta property=\"og:type\" content=\"article\" \/>\n<meta property=\"og:title\" content=\"L\u00f3g\u00f3nna - Culture Ireland | Cult\u00far \u00c9ireann\" \/>\n<meta property=\"og:description\" content=\"\u00a0 \u00a0 \u00a0 \u00a0 \u00a0 \u00a0 \u00a0 \u00a0 \u00a0 \u00a0 \u00a0 \u00a0 \u00a0 \u00a0 \u00a0 \u00a0 \u00a0 \u00a0 \u00a0 \u00a0 \u00a0 \u00a0 \u00a0 \u00a0 \u00a0 \u00a0 \u00a0 \u00a0 \u00a0 \u00a0 \u00a0 \u00a0 \u00a0 \u00a0 \u00a0 &nbsp; \u00a0 \u00a0 \u00a0 \u00a0 \u00a0 \u00a0 \u00a0 \u00a0 \u00a0 \u00a0 \u00a0 \u00a0 All recipients of grants are required to...\" \/>\n<meta property=\"og:url\" content=\"https:\/\/www.cultureireland.ie\/ga\/resources\/logonna\/\" \/>\n<meta property=\"og:site_name\" content=\"Culture Ireland | Cult\u00far \u00c9ireann\" \/>\n<meta property=\"og:image\" content=\"https:\/\/www.cultureireland.ie\/wp-content\/uploads\/2021\/05\/CI_logo_RGB-1-300x120.jpg\" \/>\n<meta name=\"twitter:card\" content=\"summary_large_image\" \/>\n<meta name=\"twitter:label1\" content=\"Est. reading time\" \/>\n\t<meta name=\"twitter:data1\" content=\"1 minute\" \/>\n<script type=\"application\/ld+json\" class=\"yoast-schema-graph\">{\"@context\":\"https:\/\/schema.org\",\"@graph\":[{\"@type\":\"WebPage\",\"@id\":\"https:\/\/www.cultureireland.ie\/ga\/resources\/logonna\/\",\"url\":\"https:\/\/www.cultureireland.ie\/ga\/resources\/logonna\/\",\"name\":\"L\u00f3g\u00f3nna - Culture Ireland | Cult\u00far \u00c9ireann\",\"isPartOf\":{\"@id\":\"https:\/\/www.cultureireland.ie\/#website\"},\"primaryImageOfPage\":{\"@id\":\"https:\/\/www.cultureireland.ie\/ga\/resources\/logonna\/#primaryimage\"},\"image\":{\"@id\":\"https:\/\/www.cultureireland.ie\/ga\/resources\/logonna\/#primaryimage\"},\"thumbnailUrl\":\"https:\/\/www.cultureireland.ie\/wp-content\/uploads\/2021\/05\/CI_logo_RGB-1-300x120.jpg\",\"datePublished\":\"2020-08-25T13:20:18+00:00\",\"breadcrumb\":{\"@id\":\"https:\/\/www.cultureireland.ie\/ga\/resources\/logonna\/#breadcrumb\"},\"inLanguage\":\"ga-IE\",\"potentialAction\":[{\"@type\":\"ReadAction\",\"target\":[\"https:\/\/www.cultureireland.ie\/ga\/resources\/logonna\/\"]}]},{\"@type\":\"ImageObject\",\"inLanguage\":\"ga-IE\",\"@id\":\"https:\/\/www.cultureireland.ie\/ga\/resources\/logonna\/#primaryimage\",\"url\":\"https:\/\/www.cultureireland.ie\/wp-content\/uploads\/2021\/05\/CI_logo_RGB-1-300x120.jpg\",\"contentUrl\":\"https:\/\/www.cultureireland.ie\/wp-content\/uploads\/2021\/05\/CI_logo_RGB-1-300x120.jpg\"},{\"@type\":\"BreadcrumbList\",\"@id\":\"https:\/\/www.cultureireland.ie\/ga\/resources\/logonna\/#breadcrumb\",\"itemListElement\":[{\"@type\":\"ListItem\",\"position\":1,\"name\":\"Home\",\"item\":\"https:\/\/www.cultureireland.ie\/\"},{\"@type\":\"ListItem\",\"position\":2,\"name\":\"Acmhainn\u00ed\",\"item\":\"https:\/\/www.cultureireland.ie\/ga\/resources\/\"},{\"@type\":\"ListItem\",\"position\":3,\"name\":\"L\u00f3g\u00f3nna\"}]},{\"@type\":\"WebSite\",\"@id\":\"https:\/\/www.cultureireland.ie\/#website\",\"url\":\"https:\/\/www.cultureireland.ie\/\",\"name\":\"Culture Ireland | Cult\u00far \u00c9ireann\",\"description\":\"\",\"publisher\":{\"@id\":\"https:\/\/www.cultureireland.ie\/#organization\"},\"potentialAction\":[{\"@type\":\"SearchAction\",\"target\":{\"@type\":\"EntryPoint\",\"urlTemplate\":\"https:\/\/www.cultureireland.ie\/?s={search_term_string}\"},\"query-input\":{\"@type\":\"PropertyValueSpecification\",\"valueRequired\":true,\"valueName\":\"search_term_string\"}}],\"inLanguage\":\"ga-IE\"},{\"@type\":\"Organization\",\"@id\":\"https:\/\/www.cultureireland.ie\/#organization\",\"name\":\"Culture Ireland\",\"url\":\"https:\/\/www.cultureireland.ie\/\",\"logo\":{\"@type\":\"ImageObject\",\"inLanguage\":\"ga-IE\",\"@id\":\"https:\/\/www.cultureireland.ie\/#\/schema\/logo\/image\/\",\"url\":\"https:\/\/www.cultureireland.ie\/wp-content\/uploads\/2024\/04\/Department-Tourism.png\",\"contentUrl\":\"https:\/\/www.cultureireland.ie\/wp-content\/uploads\/2024\/04\/Department-Tourism.png\",\"width\":231,\"height\":218,\"caption\":\"Culture Ireland\"},\"image\":{\"@id\":\"https:\/\/www.cultureireland.ie\/#\/schema\/logo\/image\/\"}}]}<\/script>\n<!-- \/ Yoast SEO plugin. -->","yoast_head_json":{"title":"L\u00f3g\u00f3nna - Culture Ireland | Cult\u00far \u00c9ireann","robots":{"index":"index","follow":"follow","max-snippet":"max-snippet:-1","max-image-preview":"max-image-preview:large","max-video-preview":"max-video-preview:-1"},"canonical":"https:\/\/www.cultureireland.ie\/ga\/resources\/logonna\/","og_locale":"ga_IE","og_type":"article","og_title":"L\u00f3g\u00f3nna - Culture Ireland | Cult\u00far \u00c9ireann","og_description":"\u00a0 \u00a0 \u00a0 \u00a0 \u00a0 \u00a0 \u00a0 \u00a0 \u00a0 \u00a0 \u00a0 \u00a0 \u00a0 \u00a0 \u00a0 \u00a0 \u00a0 \u00a0 \u00a0 \u00a0 \u00a0 \u00a0 \u00a0 \u00a0 \u00a0 \u00a0 \u00a0 \u00a0 \u00a0 \u00a0 \u00a0 \u00a0 \u00a0 \u00a0 \u00a0 &nbsp; \u00a0 \u00a0 \u00a0 \u00a0 \u00a0 \u00a0 \u00a0 \u00a0 \u00a0 \u00a0 \u00a0 \u00a0 All recipients of grants are required to...","og_url":"https:\/\/www.cultureireland.ie\/ga\/resources\/logonna\/","og_site_name":"Culture Ireland | Cult\u00far \u00c9ireann","og_image":[{"url":"https:\/\/www.cultureireland.ie\/wp-content\/uploads\/2021\/05\/CI_logo_RGB-1-300x120.jpg","type":"","width":"","height":""}],"twitter_card":"summary_large_image","twitter_misc":{"Est. reading time":"1 minute"},"schema":{"@context":"https:\/\/schema.org","@graph":[{"@type":"WebPage","@id":"https:\/\/www.cultureireland.ie\/ga\/resources\/logonna\/","url":"https:\/\/www.cultureireland.ie\/ga\/resources\/logonna\/","name":"L\u00f3g\u00f3nna - Culture Ireland | Cult\u00far \u00c9ireann","isPartOf":{"@id":"https:\/\/www.cultureireland.ie\/#website"},"primaryImageOfPage":{"@id":"https:\/\/www.cultureireland.ie\/ga\/resources\/logonna\/#primaryimage"},"image":{"@id":"https:\/\/www.cultureireland.ie\/ga\/resources\/logonna\/#primaryimage"},"thumbnailUrl":"https:\/\/www.cultureireland.ie\/wp-content\/uploads\/2021\/05\/CI_logo_RGB-1-300x120.jpg","datePublished":"2020-08-25T13:20:18+00:00","breadcrumb":{"@id":"https:\/\/www.cultureireland.ie\/ga\/resources\/logonna\/#breadcrumb"},"inLanguage":"ga-IE","potentialAction":[{"@type":"ReadAction","target":["https:\/\/www.cultureireland.ie\/ga\/resources\/logonna\/"]}]},{"@type":"ImageObject","inLanguage":"ga-IE","@id":"https:\/\/www.cultureireland.ie\/ga\/resources\/logonna\/#primaryimage","url":"https:\/\/www.cultureireland.ie\/wp-content\/uploads\/2021\/05\/CI_logo_RGB-1-300x120.jpg","contentUrl":"https:\/\/www.cultureireland.ie\/wp-content\/uploads\/2021\/05\/CI_logo_RGB-1-300x120.jpg"},{"@type":"BreadcrumbList","@id":"https:\/\/www.cultureireland.ie\/ga\/resources\/logonna\/#breadcrumb","itemListElement":[{"@type":"ListItem","position":1,"name":"Home","item":"https:\/\/www.cultureireland.ie\/"},{"@type":"ListItem","position":2,"name":"Acmhainn\u00ed","item":"https:\/\/www.cultureireland.ie\/ga\/resources\/"},{"@type":"ListItem","position":3,"name":"L\u00f3g\u00f3nna"}]},{"@type":"WebSite","@id":"https:\/\/www.cultureireland.ie\/#website","url":"https:\/\/www.cultureireland.ie\/","name":"Culture Ireland | Cult\u00far \u00c9ireann","description":"","publisher":{"@id":"https:\/\/www.cultureireland.ie\/#organization"},"potentialAction":[{"@type":"SearchAction","target":{"@type":"EntryPoint","urlTemplate":"https:\/\/www.cultureireland.ie\/?s={search_term_string}"},"query-input":{"@type":"PropertyValueSpecification","valueRequired":true,"valueName":"search_term_string"}}],"inLanguage":"ga-IE"},{"@type":"Organization","@id":"https:\/\/www.cultureireland.ie\/#organization","name":"Culture Ireland","url":"https:\/\/www.cultureireland.ie\/","logo":{"@type":"ImageObject","inLanguage":"ga-IE","@id":"https:\/\/www.cultureireland.ie\/#\/schema\/logo\/image\/","url":"https:\/\/www.cultureireland.ie\/wp-content\/uploads\/2024\/04\/Department-Tourism.png","contentUrl":"https:\/\/www.cultureireland.ie\/wp-content\/uploads\/2024\/04\/Department-Tourism.png","width":231,"height":218,"caption":"Culture Ireland"},"image":{"@id":"https:\/\/www.cultureireland.ie\/#\/schema\/logo\/image\/"}}]}},"_links":{"self":[{"href":"https:\/\/www.cultureireland.ie\/ga\/wp-json\/wp\/v2\/pages\/2400","targetHints":{"allow":["GET"]}}],"collection":[{"href":"https:\/\/www.cultureireland.ie\/ga\/wp-json\/wp\/v2\/pages"}],"about":[{"href":"https:\/\/www.cultureireland.ie\/ga\/wp-json\/wp\/v2\/types\/page"}],"author":[{"embeddable":true,"href":"https:\/\/www.cultureireland.ie\/ga\/wp-json\/wp\/v2\/users\/1"}],"replies":[{"embeddable":true,"href":"https:\/\/www.cultureireland.ie\/ga\/wp-json\/wp\/v2\/comments?post=2400"}],"version-history":[{"count":0,"href":"https:\/\/www.cultureireland.ie\/ga\/wp-json\/wp\/v2\/pages\/2400\/revisions"}],"up":[{"embeddable":true,"href":"https:\/\/www.cultureireland.ie\/ga\/wp-json\/wp\/v2\/pages\/2270"}],"wp:attachment":[{"href":"https:\/\/www.cultureireland.ie\/ga\/wp-json\/wp\/v2\/media?parent=2400"}],"curies":[{"name":"wp","href":"https:\/\/api.w.org\/{rel}","templated":true}]}}