{"id":2388,"date":"2020-12-08T11:30:18","date_gmt":"2020-12-08T11:30:18","guid":{"rendered":"https:\/\/www.cultureireland.ie\/maoinithe\/sceim-feach-anseo\/"},"modified":"2024-12-18T14:32:53","modified_gmt":"2024-12-18T14:32:53","slug":"sceim-feach-anseo","status":"publish","type":"page","link":"https:\/\/www.cultureireland.ie\/ga\/maoinithe\/sceim-feach-anseo\/","title":{"rendered":"Sc\u00e9im F\u00e9ach Anseo"},"content":{"rendered":"<p>Dearadh Sc\u00e9im F\u00e9ach Anseo go sonrach chun tac\u00fa le saothar eala\u00edont\u00f3ir\u00ed \u00c9ireannacha in \u00c9irinn a chur i l\u00e1thair do phoiblitheoir\u00ed agus cl\u00e1raitheoir\u00ed idirn\u00e1isi\u00fanta d\u2019fhonn deiseanna l\u00e9irithe thar lear a chinnti\u00fa amach anseo.<\/p>\n<p>De ghn\u00e1th is \u00e9ard a bh\u00edonn i gceist le taca\u00edocht Chult\u00far \u00c9ireann faoi Sc\u00e9im F\u00e9ach Anseo n\u00e1 taisteal thoscair\u00ed idirn\u00e1isi\u00fanta chun freastal ar fh\u00e9ilte ina mb\u00edonn cl\u00e1r eala\u00edont\u00f3ir\u00ed \u00c9ireannacha \u00e1 chur i l\u00e1thair agus ag bualadh le heala\u00edont\u00f3ir\u00ed in \u00c9irinn. Faoi l\u00e1thair, i bhfianaise srianta taistil tarla\u00edonn s\u00e9 seo go digiteach agus b\u00edonn measc\u00e1n de thaibhithe r\u00e9amhthaifeadta agus rannph\u00e1irt\u00edocht bheo i gceist.<\/p>\n<p>Tugtar t\u00fas \u00e1ite do fhreastal ar imeachta\u00ed ina bhfeicfidh na toscair\u00ed idirn\u00e1isi\u00fanta raon saothar le heala\u00edont\u00f3ir\u00ed \u00c9ireannacha agus do thoscair\u00ed a bhfuil baint acu le hionaid n\u00f3 le f\u00e9ilte a bhfuil sp\u00e9is acu i gcl\u00e1r\u00fa eala\u00edont\u00f3ir\u00ed idirn\u00e1isi\u00fanta.<\/p>\n<p>&nbsp;<\/p>\n<p>N\u00ed m\u00f3r d\u2019iarratas\u00f3ir\u00ed a \u00e9ir\u00edonn leo <a href=\"https:\/\/applications.cultureireland.ie\/index.php?r=form10\">Foirm Tuairisce<\/a> F\u00e9ach Anseo a chomhl\u00e1n\u00fa tar \u00e9is a gcuairte agus a mh\u00edni\u00fa c\u00e9ard at\u00e1 ar intinn acu a dh\u00e9anamh maidir le saothar a chonaic siad in \u00c9irinn.<\/p>\n<p>&nbsp;<\/p>\n<h3><strong><span style=\"font-size: 18pt;\">2025 <\/span><\/strong><span style=\"font-size: 18pt;\">Sc\u00e9im F\u00e9ach Anseo S<\/span><span class=\"Y2IQFc\" lang=\"ga\" style=\"font-size: 18pt;\">ceideal<\/span><\/h3>\n<h3><img loading=\"lazy\" decoding=\"async\" class=\"alignnone  wp-image-2909\" src=\"https:\/\/www.cultureireland.ie\/wp-content\/uploads\/2024\/12\/Feilire-Feach-Anseo-2025-300x213.png\" alt=\"\" width=\"1144\" height=\"812\" srcset=\"https:\/\/www.cultureireland.ie\/wp-content\/uploads\/2024\/12\/Feilire-Feach-Anseo-2025-300x213.png 300w, https:\/\/www.cultureireland.ie\/wp-content\/uploads\/2024\/12\/Feilire-Feach-Anseo-2025-1024x727.png 1024w, https:\/\/www.cultureireland.ie\/wp-content\/uploads\/2024\/12\/Feilire-Feach-Anseo-2025-768x545.png 768w, https:\/\/www.cultureireland.ie\/wp-content\/uploads\/2024\/12\/Feilire-Feach-Anseo-2025-1536x1090.png 1536w, https:\/\/www.cultureireland.ie\/wp-content\/uploads\/2024\/12\/Feilire-Feach-Anseo-2025-2048x1453.png 2048w\" sizes=\"auto, (max-width: 1144px) 100vw, 1144px\" \/><\/h3>\n<p><a href=\"https:\/\/applications.cultureireland.ie\/index.php?r=form2\"><img loading=\"lazy\" decoding=\"async\" class=\"alignnone size-medium wp-image-1597\" src=\"https:\/\/www.cultureireland.ie\/wp-content\/uploads\/2021\/06\/apply-online-here-300x45.jpg\" alt=\"\" width=\"300\" height=\"45\" srcset=\"https:\/\/www.cultureireland.ie\/wp-content\/uploads\/2021\/06\/apply-online-here-300x45.jpg 300w, https:\/\/www.cultureireland.ie\/wp-content\/uploads\/2021\/06\/apply-online-here.jpg 442w\" sizes=\"auto, (max-width: 300px) 100vw, 300px\" \/><\/a><\/p>\n<p>&nbsp;<\/p>\n","protected":false},"excerpt":{"rendered":"<p>Dearadh Sc\u00e9im F\u00e9ach Anseo go sonrach chun tac\u00fa le saothar eala\u00edont\u00f3ir\u00ed \u00c9ireannacha in \u00c9irinn a chur i l\u00e1thair do phoiblitheoir\u00ed agus cl\u00e1raitheoir\u00ed idirn\u00e1isi\u00fanta d\u2019fhonn deiseanna l\u00e9irithe thar lear a chinnti\u00fa amach anseo. De ghn\u00e1th is \u00e9ard a bh\u00edonn i gceist le taca\u00edocht Chult\u00far \u00c9ireann faoi Sc\u00e9im F\u00e9ach Anseo n\u00e1 taisteal thoscair\u00ed idirn\u00e1isi\u00fanta chun freastal ar&#8230; <\/p>\n","protected":false},"author":1,"featured_media":3335,"parent":2203,"menu_order":9,"comment_status":"closed","ping_status":"closed","template":"full-width.php","meta":{"_acf_changed":false,"footnotes":""},"class_list":["post-2388","page","type-page","status-publish","has-post-thumbnail","hentry"],"acf":[],"yoast_head":"<!-- This site is optimized with the Yoast SEO plugin v27.2 - https:\/\/yoast.com\/product\/yoast-seo-wordpress\/ -->\n<title>Sc\u00e9im F\u00e9ach Anseo - Culture Ireland | Cult\u00far \u00c9ireann<\/title>\n<meta name=\"robots\" content=\"index, follow, max-snippet:-1, max-image-preview:large, max-video-preview:-1\" \/>\n<link rel=\"canonical\" href=\"https:\/\/www.cultureireland.ie\/ga\/maoinithe\/sceim-feach-anseo\/\" \/>\n<meta property=\"og:locale\" content=\"ga_IE\" \/>\n<meta property=\"og:type\" content=\"article\" \/>\n<meta property=\"og:title\" content=\"Sc\u00e9im F\u00e9ach Anseo - Culture Ireland | Cult\u00far \u00c9ireann\" \/>\n<meta property=\"og:description\" content=\"Dearadh Sc\u00e9im F\u00e9ach Anseo go sonrach chun tac\u00fa le saothar eala\u00edont\u00f3ir\u00ed \u00c9ireannacha in \u00c9irinn a chur i l\u00e1thair do phoiblitheoir\u00ed agus cl\u00e1raitheoir\u00ed idirn\u00e1isi\u00fanta d\u2019fhonn deiseanna l\u00e9irithe thar lear a chinnti\u00fa amach anseo. De ghn\u00e1th is \u00e9ard a bh\u00edonn i gceist le taca\u00edocht Chult\u00far \u00c9ireann faoi Sc\u00e9im F\u00e9ach Anseo n\u00e1 taisteal thoscair\u00ed idirn\u00e1isi\u00fanta chun freastal ar...\" \/>\n<meta property=\"og:url\" content=\"https:\/\/www.cultureireland.ie\/ga\/maoinithe\/sceim-feach-anseo\/\" \/>\n<meta property=\"og:site_name\" content=\"Culture Ireland | Cult\u00far \u00c9ireann\" \/>\n<meta property=\"article:modified_time\" content=\"2024-12-18T14:32:53+00:00\" \/>\n<meta property=\"og:image\" content=\"https:\/\/www.cultureireland.ie\/wp-content\/uploads\/2024\/12\/G12I3261.jpg\" \/>\n\t<meta property=\"og:image:width\" content=\"2048\" \/>\n\t<meta property=\"og:image:height\" content=\"1365\" \/>\n\t<meta property=\"og:image:type\" content=\"image\/jpeg\" \/>\n<meta name=\"twitter:card\" content=\"summary_large_image\" \/>\n<meta name=\"twitter:label1\" content=\"Est. reading time\" \/>\n\t<meta name=\"twitter:data1\" content=\"2 minutes\" \/>\n<script type=\"application\/ld+json\" class=\"yoast-schema-graph\">{\"@context\":\"https:\/\/schema.org\",\"@graph\":[{\"@type\":\"WebPage\",\"@id\":\"https:\/\/www.cultureireland.ie\/ga\/maoinithe\/sceim-feach-anseo\/\",\"url\":\"https:\/\/www.cultureireland.ie\/ga\/maoinithe\/sceim-feach-anseo\/\",\"name\":\"Sc\u00e9im F\u00e9ach Anseo - Culture Ireland | Cult\u00far \u00c9ireann\",\"isPartOf\":{\"@id\":\"https:\/\/www.cultureireland.ie\/#website\"},\"primaryImageOfPage\":{\"@id\":\"https:\/\/www.cultureireland.ie\/ga\/maoinithe\/sceim-feach-anseo\/#primaryimage\"},\"image\":{\"@id\":\"https:\/\/www.cultureireland.ie\/ga\/maoinithe\/sceim-feach-anseo\/#primaryimage\"},\"thumbnailUrl\":\"https:\/\/www.cultureireland.ie\/wp-content\/uploads\/2025\/07\/1.-Cairde-Festival-2024-See-Here-Programme.jpg\",\"datePublished\":\"2020-12-08T11:30:18+00:00\",\"dateModified\":\"2024-12-18T14:32:53+00:00\",\"breadcrumb\":{\"@id\":\"https:\/\/www.cultureireland.ie\/ga\/maoinithe\/sceim-feach-anseo\/#breadcrumb\"},\"inLanguage\":\"ga-IE\",\"potentialAction\":[{\"@type\":\"ReadAction\",\"target\":[\"https:\/\/www.cultureireland.ie\/ga\/maoinithe\/sceim-feach-anseo\/\"]}]},{\"@type\":\"ImageObject\",\"inLanguage\":\"ga-IE\",\"@id\":\"https:\/\/www.cultureireland.ie\/ga\/maoinithe\/sceim-feach-anseo\/#primaryimage\",\"url\":\"https:\/\/www.cultureireland.ie\/wp-content\/uploads\/2025\/07\/1.-Cairde-Festival-2024-See-Here-Programme.jpg\",\"contentUrl\":\"https:\/\/www.cultureireland.ie\/wp-content\/uploads\/2025\/07\/1.-Cairde-Festival-2024-See-Here-Programme.jpg\",\"width\":2000,\"height\":1126},{\"@type\":\"BreadcrumbList\",\"@id\":\"https:\/\/www.cultureireland.ie\/ga\/maoinithe\/sceim-feach-anseo\/#breadcrumb\",\"itemListElement\":[{\"@type\":\"ListItem\",\"position\":1,\"name\":\"Home\",\"item\":\"https:\/\/www.cultureireland.ie\/\"},{\"@type\":\"ListItem\",\"position\":2,\"name\":\"Maoinithe\",\"item\":\"https:\/\/www.cultureireland.ie\/funding\/\"},{\"@type\":\"ListItem\",\"position\":3,\"name\":\"Sc\u00e9im F\u00e9ach Anseo\"}]},{\"@type\":\"WebSite\",\"@id\":\"https:\/\/www.cultureireland.ie\/#website\",\"url\":\"https:\/\/www.cultureireland.ie\/\",\"name\":\"Culture Ireland | Cult\u00far \u00c9ireann\",\"description\":\"\",\"publisher\":{\"@id\":\"https:\/\/www.cultureireland.ie\/#organization\"},\"potentialAction\":[{\"@type\":\"SearchAction\",\"target\":{\"@type\":\"EntryPoint\",\"urlTemplate\":\"https:\/\/www.cultureireland.ie\/?s={search_term_string}\"},\"query-input\":{\"@type\":\"PropertyValueSpecification\",\"valueRequired\":true,\"valueName\":\"search_term_string\"}}],\"inLanguage\":\"ga-IE\"},{\"@type\":\"Organization\",\"@id\":\"https:\/\/www.cultureireland.ie\/#organization\",\"name\":\"Culture Ireland\",\"url\":\"https:\/\/www.cultureireland.ie\/\",\"logo\":{\"@type\":\"ImageObject\",\"inLanguage\":\"ga-IE\",\"@id\":\"https:\/\/www.cultureireland.ie\/#\/schema\/logo\/image\/\",\"url\":\"https:\/\/www.cultureireland.ie\/wp-content\/uploads\/2024\/04\/Department-Tourism.png\",\"contentUrl\":\"https:\/\/www.cultureireland.ie\/wp-content\/uploads\/2024\/04\/Department-Tourism.png\",\"width\":231,\"height\":218,\"caption\":\"Culture Ireland\"},\"image\":{\"@id\":\"https:\/\/www.cultureireland.ie\/#\/schema\/logo\/image\/\"}}]}<\/script>\n<!-- \/ Yoast SEO plugin. -->","yoast_head_json":{"title":"Sc\u00e9im F\u00e9ach Anseo - Culture Ireland | Cult\u00far \u00c9ireann","robots":{"index":"index","follow":"follow","max-snippet":"max-snippet:-1","max-image-preview":"max-image-preview:large","max-video-preview":"max-video-preview:-1"},"canonical":"https:\/\/www.cultureireland.ie\/ga\/maoinithe\/sceim-feach-anseo\/","og_locale":"ga_IE","og_type":"article","og_title":"Sc\u00e9im F\u00e9ach Anseo - Culture Ireland | Cult\u00far \u00c9ireann","og_description":"Dearadh Sc\u00e9im F\u00e9ach Anseo go sonrach chun tac\u00fa le saothar eala\u00edont\u00f3ir\u00ed \u00c9ireannacha in \u00c9irinn a chur i l\u00e1thair do phoiblitheoir\u00ed agus cl\u00e1raitheoir\u00ed idirn\u00e1isi\u00fanta d\u2019fhonn deiseanna l\u00e9irithe thar lear a chinnti\u00fa amach anseo. De ghn\u00e1th is \u00e9ard a bh\u00edonn i gceist le taca\u00edocht Chult\u00far \u00c9ireann faoi Sc\u00e9im F\u00e9ach Anseo n\u00e1 taisteal thoscair\u00ed idirn\u00e1isi\u00fanta chun freastal ar...","og_url":"https:\/\/www.cultureireland.ie\/ga\/maoinithe\/sceim-feach-anseo\/","og_site_name":"Culture Ireland | Cult\u00far \u00c9ireann","article_modified_time":"2024-12-18T14:32:53+00:00","og_image":[{"width":2048,"height":1365,"url":"https:\/\/www.cultureireland.ie\/wp-content\/uploads\/2024\/12\/G12I3261.jpg","type":"image\/jpeg"}],"twitter_card":"summary_large_image","twitter_misc":{"Est. reading time":"2 minutes"},"schema":{"@context":"https:\/\/schema.org","@graph":[{"@type":"WebPage","@id":"https:\/\/www.cultureireland.ie\/ga\/maoinithe\/sceim-feach-anseo\/","url":"https:\/\/www.cultureireland.ie\/ga\/maoinithe\/sceim-feach-anseo\/","name":"Sc\u00e9im F\u00e9ach Anseo - Culture Ireland | Cult\u00far \u00c9ireann","isPartOf":{"@id":"https:\/\/www.cultureireland.ie\/#website"},"primaryImageOfPage":{"@id":"https:\/\/www.cultureireland.ie\/ga\/maoinithe\/sceim-feach-anseo\/#primaryimage"},"image":{"@id":"https:\/\/www.cultureireland.ie\/ga\/maoinithe\/sceim-feach-anseo\/#primaryimage"},"thumbnailUrl":"https:\/\/www.cultureireland.ie\/wp-content\/uploads\/2025\/07\/1.-Cairde-Festival-2024-See-Here-Programme.jpg","datePublished":"2020-12-08T11:30:18+00:00","dateModified":"2024-12-18T14:32:53+00:00","breadcrumb":{"@id":"https:\/\/www.cultureireland.ie\/ga\/maoinithe\/sceim-feach-anseo\/#breadcrumb"},"inLanguage":"ga-IE","potentialAction":[{"@type":"ReadAction","target":["https:\/\/www.cultureireland.ie\/ga\/maoinithe\/sceim-feach-anseo\/"]}]},{"@type":"ImageObject","inLanguage":"ga-IE","@id":"https:\/\/www.cultureireland.ie\/ga\/maoinithe\/sceim-feach-anseo\/#primaryimage","url":"https:\/\/www.cultureireland.ie\/wp-content\/uploads\/2025\/07\/1.-Cairde-Festival-2024-See-Here-Programme.jpg","contentUrl":"https:\/\/www.cultureireland.ie\/wp-content\/uploads\/2025\/07\/1.-Cairde-Festival-2024-See-Here-Programme.jpg","width":2000,"height":1126},{"@type":"BreadcrumbList","@id":"https:\/\/www.cultureireland.ie\/ga\/maoinithe\/sceim-feach-anseo\/#breadcrumb","itemListElement":[{"@type":"ListItem","position":1,"name":"Home","item":"https:\/\/www.cultureireland.ie\/"},{"@type":"ListItem","position":2,"name":"Maoinithe","item":"https:\/\/www.cultureireland.ie\/funding\/"},{"@type":"ListItem","position":3,"name":"Sc\u00e9im F\u00e9ach Anseo"}]},{"@type":"WebSite","@id":"https:\/\/www.cultureireland.ie\/#website","url":"https:\/\/www.cultureireland.ie\/","name":"Culture Ireland | Cult\u00far \u00c9ireann","description":"","publisher":{"@id":"https:\/\/www.cultureireland.ie\/#organization"},"potentialAction":[{"@type":"SearchAction","target":{"@type":"EntryPoint","urlTemplate":"https:\/\/www.cultureireland.ie\/?s={search_term_string}"},"query-input":{"@type":"PropertyValueSpecification","valueRequired":true,"valueName":"search_term_string"}}],"inLanguage":"ga-IE"},{"@type":"Organization","@id":"https:\/\/www.cultureireland.ie\/#organization","name":"Culture Ireland","url":"https:\/\/www.cultureireland.ie\/","logo":{"@type":"ImageObject","inLanguage":"ga-IE","@id":"https:\/\/www.cultureireland.ie\/#\/schema\/logo\/image\/","url":"https:\/\/www.cultureireland.ie\/wp-content\/uploads\/2024\/04\/Department-Tourism.png","contentUrl":"https:\/\/www.cultureireland.ie\/wp-content\/uploads\/2024\/04\/Department-Tourism.png","width":231,"height":218,"caption":"Culture Ireland"},"image":{"@id":"https:\/\/www.cultureireland.ie\/#\/schema\/logo\/image\/"}}]}},"_links":{"self":[{"href":"https:\/\/www.cultureireland.ie\/ga\/wp-json\/wp\/v2\/pages\/2388","targetHints":{"allow":["GET"]}}],"collection":[{"href":"https:\/\/www.cultureireland.ie\/ga\/wp-json\/wp\/v2\/pages"}],"about":[{"href":"https:\/\/www.cultureireland.ie\/ga\/wp-json\/wp\/v2\/types\/page"}],"author":[{"embeddable":true,"href":"https:\/\/www.cultureireland.ie\/ga\/wp-json\/wp\/v2\/users\/1"}],"replies":[{"embeddable":true,"href":"https:\/\/www.cultureireland.ie\/ga\/wp-json\/wp\/v2\/comments?post=2388"}],"version-history":[{"count":3,"href":"https:\/\/www.cultureireland.ie\/ga\/wp-json\/wp\/v2\/pages\/2388\/revisions"}],"predecessor-version":[{"id":2911,"href":"https:\/\/www.cultureireland.ie\/ga\/wp-json\/wp\/v2\/pages\/2388\/revisions\/2911"}],"up":[{"embeddable":true,"href":"https:\/\/www.cultureireland.ie\/ga\/wp-json\/wp\/v2\/pages\/2203"}],"wp:featuredmedia":[{"embeddable":true,"href":"https:\/\/www.cultureireland.ie\/ga\/wp-json\/wp\/v2\/media\/3335"}],"wp:attachment":[{"href":"https:\/\/www.cultureireland.ie\/ga\/wp-json\/wp\/v2\/media?parent=2388"}],"curies":[{"name":"wp","href":"https:\/\/api.w.org\/{rel}","templated":true}]}}