{"id":2384,"date":"2020-12-08T11:10:02","date_gmt":"2020-12-08T11:10:02","guid":{"rendered":"https:\/\/www.cultureireland.ie\/maoinithe\/an-sceim-taispeantais\/"},"modified":"2024-12-18T14:28:43","modified_gmt":"2024-12-18T14:28:43","slug":"an-sceim-taispeantais","status":"publish","type":"page","link":"https:\/\/www.cultureireland.ie\/ga\/maoinithe\/an-sceim-taispeantais\/","title":{"rendered":"An Sc\u00e9im Taispe\u00e1ntais"},"content":{"rendered":"<p>T\u00e1 s\u00e9 mar phr\u00edomhaidhm ag an Sc\u00e9im Taispe\u00e1ntais deiseanna nua a chruth\u00fa d\u2019eala\u00edont\u00f3ir\u00ed \u00c9ireannacha a saothar a chur i l\u00e1thair ar an ard\u00e1n domhanda.<\/p>\n<p>Baintear an aidhm seo amach tr\u00ed thaca\u00edocht d\u2019eala\u00edont\u00f3ir\u00ed \u00c9ireannacha chun p\u00e1irt a ghlacadh in imeachta\u00ed taispe\u00e1ntais tionscail. Mar chuid d\u00e1 rannph\u00e1irt\u00edocht nuair is f\u00e9idir. \u00c9asca\u00edonn Cult\u00far \u00c9ireann eala\u00edont\u00f3ir\u00ed a saothar a chur i l\u00e1thair do thoscair\u00ed idirn\u00e1isi\u00fanta, lena n-\u00e1ir\u00edtear cl\u00e1raitheoir\u00ed agus l\u00e1ithreoir\u00ed.<\/p>\n<p>Seo a leanas tosa\u00edochta\u00ed strait\u00e9iseacha na Sc\u00e9ime Taispe\u00e1tais:<\/p>\n<ul>\n<li>Teagmh\u00e1il lean\u00fanach a chinnti\u00fa idir eala\u00edont\u00f3ir\u00ed \u00c9ireannacha agus pr\u00edomh-l\u00e1ithreoir\u00ed\/chl\u00e1raitheoir\u00ed idirn\u00e1isi\u00fanta<\/li>\n<li>Feasacht agus sp\u00e9is na hearn\u00e1la idirn\u00e1isi\u00fanta a mh\u00e9ad\u00fa ar shaothar nua agus le d\u00e9ana\u00ed le heala\u00edont\u00f3ir\u00ed \u00c9ireannacha d\u2019fhonn comhoibri\u00fa\/comhph\u00e1irt\u00edocht\/cur i l\u00e1thair a dh\u00e9anamh amach anseo.<\/li>\n<li>Meant\u00f3ireacht a chur ar f\u00e1il d&#8217;eala\u00edont\u00f3ir\u00ed le tagairt ar leith do chur i l\u00e1thair a saothar sa timpeallacht idirn\u00e1isi\u00fanta<\/li>\n<li>Taifeadta\u00ed digiteacha\/\u00e1bhar poibl\u00edochta ar ardchaighde\u00e1n a chur chun cinn chun eala\u00edont\u00f3ir\u00ed \u00c9ireannacha a chur ar taispe\u00e1int.<\/li>\n<\/ul>\n<p>Is cl\u00e1r \u00e9 Music from Ireland, a chuirtear ar f\u00e1il i gcomhph\u00e1irt\u00edocht le First Music Contact chun ceol \u00c9ireannach a chur i l\u00e1thair go hidirn\u00e1isi\u00fanta. L\u00e9igh n\u00edos m\u00f3\u00a0<a href=\"https:\/\/www.musicfromireland.org\/\">anseo<\/a>.<\/p>\n<p>T\u00f3gann Cult\u00far \u00c9ireann toscaireachta\u00ed \u00c9ireannacha chuig imeachta\u00ed ar n\u00f3s WOMEX World Music Expo, Classical: Next agus Folk Alliance International agus t\u00e9ann s\u00e9 i gcomhph\u00e1irt\u00edocht le heagra\u00edochta\u00ed acmhainne n\u00e1isi\u00fanta i seachadadh go leor de na Taispe\u00e1ntais eile th\u00edosluaite.<\/p>\n<p>&nbsp;<\/p>\n<p>&nbsp;<\/p>\n<h3><strong>2025 Culture Ireland Showcase Programme<\/strong><\/h3>\n<p><img loading=\"lazy\" decoding=\"async\" class=\"alignnone  wp-image-2899\" src=\"https:\/\/www.cultureireland.ie\/wp-content\/uploads\/2024\/12\/Feilire-Seothaispeantais-2025-300x213.png\" alt=\"\" width=\"1156\" height=\"820\" srcset=\"https:\/\/www.cultureireland.ie\/wp-content\/uploads\/2024\/12\/Feilire-Seothaispeantais-2025-300x213.png 300w, https:\/\/www.cultureireland.ie\/wp-content\/uploads\/2024\/12\/Feilire-Seothaispeantais-2025-1024x727.png 1024w, https:\/\/www.cultureireland.ie\/wp-content\/uploads\/2024\/12\/Feilire-Seothaispeantais-2025-768x545.png 768w, https:\/\/www.cultureireland.ie\/wp-content\/uploads\/2024\/12\/Feilire-Seothaispeantais-2025-1536x1090.png 1536w, https:\/\/www.cultureireland.ie\/wp-content\/uploads\/2024\/12\/Feilire-Seothaispeantais-2025-2048x1453.png 2048w\" sizes=\"auto, (max-width: 1156px) 100vw, 1156px\" \/><\/p>\n<p>N\u00ed m\u00f3r d\u2019iarratas\u00f3ir\u00ed a n-\u00e9ir\u00edonn leo <a href=\"https:\/\/applications.cultureireland.ie\/index.php?r=form12\">Foirm Tuairisce Taispe\u00e1ntais<\/a> a chomhl\u00e1n\u00fa nuair a chuirtear an ghn\u00edomha\u00edocht i gcr\u00edch.<\/p>\n<p><a href=\"https:\/\/applications.cultureireland.ie\/index.php?r=form8\"><img loading=\"lazy\" decoding=\"async\" class=\"alignleft wp-image-1597 size-medium\" src=\"https:\/\/www.cultureireland.ie\/wp-content\/uploads\/2021\/06\/apply-online-here-300x45.jpg\" alt=\"\" width=\"300\" height=\"45\" srcset=\"https:\/\/www.cultureireland.ie\/wp-content\/uploads\/2021\/06\/apply-online-here-300x45.jpg 300w, https:\/\/www.cultureireland.ie\/wp-content\/uploads\/2021\/06\/apply-online-here.jpg 442w\" sizes=\"auto, (max-width: 300px) 100vw, 300px\" \/><\/a><\/p>\n<p>&nbsp;<\/p>\n<p>&nbsp;<\/p>\n","protected":false},"excerpt":{"rendered":"<p>T\u00e1 s\u00e9 mar phr\u00edomhaidhm ag an Sc\u00e9im Taispe\u00e1ntais deiseanna nua a chruth\u00fa d\u2019eala\u00edont\u00f3ir\u00ed \u00c9ireannacha a saothar a chur i l\u00e1thair ar an ard\u00e1n domhanda. Baintear an aidhm seo amach tr\u00ed thaca\u00edocht d\u2019eala\u00edont\u00f3ir\u00ed \u00c9ireannacha chun p\u00e1irt a ghlacadh in imeachta\u00ed taispe\u00e1ntais tionscail. Mar chuid d\u00e1 rannph\u00e1irt\u00edocht nuair is f\u00e9idir. \u00c9asca\u00edonn Cult\u00far \u00c9ireann eala\u00edont\u00f3ir\u00ed a saothar a&#8230; <\/p>\n","protected":false},"author":1,"featured_media":2897,"parent":2203,"menu_order":8,"comment_status":"closed","ping_status":"closed","template":"full-width.php","meta":{"_acf_changed":false,"footnotes":""},"class_list":["post-2384","page","type-page","status-publish","has-post-thumbnail","hentry"],"acf":[],"yoast_head":"<!-- This site is optimized with the Yoast SEO plugin v27.2 - https:\/\/yoast.com\/product\/yoast-seo-wordpress\/ -->\n<title>An Sc\u00e9im Taispe\u00e1ntais - Culture Ireland | Cult\u00far \u00c9ireann<\/title>\n<meta name=\"robots\" content=\"index, follow, max-snippet:-1, max-image-preview:large, max-video-preview:-1\" \/>\n<link rel=\"canonical\" href=\"https:\/\/www.cultureireland.ie\/ga\/maoinithe\/an-sceim-taispeantais\/\" \/>\n<meta property=\"og:locale\" content=\"ga_IE\" \/>\n<meta property=\"og:type\" content=\"article\" \/>\n<meta property=\"og:title\" content=\"An Sc\u00e9im Taispe\u00e1ntais - Culture Ireland | Cult\u00far \u00c9ireann\" \/>\n<meta property=\"og:description\" content=\"T\u00e1 s\u00e9 mar phr\u00edomhaidhm ag an Sc\u00e9im Taispe\u00e1ntais deiseanna nua a chruth\u00fa d\u2019eala\u00edont\u00f3ir\u00ed \u00c9ireannacha a saothar a chur i l\u00e1thair ar an ard\u00e1n domhanda. Baintear an aidhm seo amach tr\u00ed thaca\u00edocht d\u2019eala\u00edont\u00f3ir\u00ed \u00c9ireannacha chun p\u00e1irt a ghlacadh in imeachta\u00ed taispe\u00e1ntais tionscail. Mar chuid d\u00e1 rannph\u00e1irt\u00edocht nuair is f\u00e9idir. \u00c9asca\u00edonn Cult\u00far \u00c9ireann eala\u00edont\u00f3ir\u00ed a saothar a...\" \/>\n<meta property=\"og:url\" content=\"https:\/\/www.cultureireland.ie\/ga\/maoinithe\/an-sceim-taispeantais\/\" \/>\n<meta property=\"og:site_name\" content=\"Culture Ireland | Cult\u00far \u00c9ireann\" \/>\n<meta property=\"article:modified_time\" content=\"2024-12-18T14:28:43+00:00\" \/>\n<meta property=\"og:image\" content=\"https:\/\/www.cultureireland.ie\/wp-content\/uploads\/2024\/12\/Meet-the-Irish-IAC-image-296-scaled.jpg\" \/>\n\t<meta property=\"og:image:width\" content=\"2560\" \/>\n\t<meta property=\"og:image:height\" content=\"1703\" \/>\n\t<meta property=\"og:image:type\" content=\"image\/jpeg\" \/>\n<meta name=\"twitter:card\" content=\"summary_large_image\" \/>\n<meta name=\"twitter:label1\" content=\"Est. reading time\" \/>\n\t<meta name=\"twitter:data1\" content=\"2 minutes\" \/>\n<script type=\"application\/ld+json\" class=\"yoast-schema-graph\">{\"@context\":\"https:\/\/schema.org\",\"@graph\":[{\"@type\":\"WebPage\",\"@id\":\"https:\/\/www.cultureireland.ie\/ga\/maoinithe\/an-sceim-taispeantais\/\",\"url\":\"https:\/\/www.cultureireland.ie\/ga\/maoinithe\/an-sceim-taispeantais\/\",\"name\":\"An Sc\u00e9im Taispe\u00e1ntais - Culture Ireland | Cult\u00far \u00c9ireann\",\"isPartOf\":{\"@id\":\"https:\/\/www.cultureireland.ie\/#website\"},\"primaryImageOfPage\":{\"@id\":\"https:\/\/www.cultureireland.ie\/ga\/maoinithe\/an-sceim-taispeantais\/#primaryimage\"},\"image\":{\"@id\":\"https:\/\/www.cultureireland.ie\/ga\/maoinithe\/an-sceim-taispeantais\/#primaryimage\"},\"thumbnailUrl\":\"https:\/\/www.cultureireland.ie\/wp-content\/uploads\/2024\/12\/Meet-the-Irish-IAC-image-296-scaled.jpg\",\"datePublished\":\"2020-12-08T11:10:02+00:00\",\"dateModified\":\"2024-12-18T14:28:43+00:00\",\"breadcrumb\":{\"@id\":\"https:\/\/www.cultureireland.ie\/ga\/maoinithe\/an-sceim-taispeantais\/#breadcrumb\"},\"inLanguage\":\"ga-IE\",\"potentialAction\":[{\"@type\":\"ReadAction\",\"target\":[\"https:\/\/www.cultureireland.ie\/ga\/maoinithe\/an-sceim-taispeantais\/\"]}]},{\"@type\":\"ImageObject\",\"inLanguage\":\"ga-IE\",\"@id\":\"https:\/\/www.cultureireland.ie\/ga\/maoinithe\/an-sceim-taispeantais\/#primaryimage\",\"url\":\"https:\/\/www.cultureireland.ie\/wp-content\/uploads\/2024\/12\/Meet-the-Irish-IAC-image-296-scaled.jpg\",\"contentUrl\":\"https:\/\/www.cultureireland.ie\/wp-content\/uploads\/2024\/12\/Meet-the-Irish-IAC-image-296-scaled.jpg\",\"width\":2560,\"height\":1703},{\"@type\":\"BreadcrumbList\",\"@id\":\"https:\/\/www.cultureireland.ie\/ga\/maoinithe\/an-sceim-taispeantais\/#breadcrumb\",\"itemListElement\":[{\"@type\":\"ListItem\",\"position\":1,\"name\":\"Home\",\"item\":\"https:\/\/www.cultureireland.ie\/\"},{\"@type\":\"ListItem\",\"position\":2,\"name\":\"Maoinithe\",\"item\":\"https:\/\/www.cultureireland.ie\/funding\/\"},{\"@type\":\"ListItem\",\"position\":3,\"name\":\"An Sc\u00e9im Taispe\u00e1ntais\"}]},{\"@type\":\"WebSite\",\"@id\":\"https:\/\/www.cultureireland.ie\/#website\",\"url\":\"https:\/\/www.cultureireland.ie\/\",\"name\":\"Culture Ireland | Cult\u00far \u00c9ireann\",\"description\":\"\",\"publisher\":{\"@id\":\"https:\/\/www.cultureireland.ie\/#organization\"},\"potentialAction\":[{\"@type\":\"SearchAction\",\"target\":{\"@type\":\"EntryPoint\",\"urlTemplate\":\"https:\/\/www.cultureireland.ie\/?s={search_term_string}\"},\"query-input\":{\"@type\":\"PropertyValueSpecification\",\"valueRequired\":true,\"valueName\":\"search_term_string\"}}],\"inLanguage\":\"ga-IE\"},{\"@type\":\"Organization\",\"@id\":\"https:\/\/www.cultureireland.ie\/#organization\",\"name\":\"Culture Ireland\",\"url\":\"https:\/\/www.cultureireland.ie\/\",\"logo\":{\"@type\":\"ImageObject\",\"inLanguage\":\"ga-IE\",\"@id\":\"https:\/\/www.cultureireland.ie\/#\/schema\/logo\/image\/\",\"url\":\"https:\/\/www.cultureireland.ie\/wp-content\/uploads\/2024\/04\/Department-Tourism.png\",\"contentUrl\":\"https:\/\/www.cultureireland.ie\/wp-content\/uploads\/2024\/04\/Department-Tourism.png\",\"width\":231,\"height\":218,\"caption\":\"Culture Ireland\"},\"image\":{\"@id\":\"https:\/\/www.cultureireland.ie\/#\/schema\/logo\/image\/\"}}]}<\/script>\n<!-- \/ Yoast SEO plugin. -->","yoast_head_json":{"title":"An Sc\u00e9im Taispe\u00e1ntais - Culture Ireland | Cult\u00far \u00c9ireann","robots":{"index":"index","follow":"follow","max-snippet":"max-snippet:-1","max-image-preview":"max-image-preview:large","max-video-preview":"max-video-preview:-1"},"canonical":"https:\/\/www.cultureireland.ie\/ga\/maoinithe\/an-sceim-taispeantais\/","og_locale":"ga_IE","og_type":"article","og_title":"An Sc\u00e9im Taispe\u00e1ntais - Culture Ireland | Cult\u00far \u00c9ireann","og_description":"T\u00e1 s\u00e9 mar phr\u00edomhaidhm ag an Sc\u00e9im Taispe\u00e1ntais deiseanna nua a chruth\u00fa d\u2019eala\u00edont\u00f3ir\u00ed \u00c9ireannacha a saothar a chur i l\u00e1thair ar an ard\u00e1n domhanda. Baintear an aidhm seo amach tr\u00ed thaca\u00edocht d\u2019eala\u00edont\u00f3ir\u00ed \u00c9ireannacha chun p\u00e1irt a ghlacadh in imeachta\u00ed taispe\u00e1ntais tionscail. Mar chuid d\u00e1 rannph\u00e1irt\u00edocht nuair is f\u00e9idir. \u00c9asca\u00edonn Cult\u00far \u00c9ireann eala\u00edont\u00f3ir\u00ed a saothar a...","og_url":"https:\/\/www.cultureireland.ie\/ga\/maoinithe\/an-sceim-taispeantais\/","og_site_name":"Culture Ireland | Cult\u00far \u00c9ireann","article_modified_time":"2024-12-18T14:28:43+00:00","og_image":[{"width":2560,"height":1703,"url":"https:\/\/www.cultureireland.ie\/wp-content\/uploads\/2024\/12\/Meet-the-Irish-IAC-image-296-scaled.jpg","type":"image\/jpeg"}],"twitter_card":"summary_large_image","twitter_misc":{"Est. reading time":"2 minutes"},"schema":{"@context":"https:\/\/schema.org","@graph":[{"@type":"WebPage","@id":"https:\/\/www.cultureireland.ie\/ga\/maoinithe\/an-sceim-taispeantais\/","url":"https:\/\/www.cultureireland.ie\/ga\/maoinithe\/an-sceim-taispeantais\/","name":"An Sc\u00e9im Taispe\u00e1ntais - Culture Ireland | Cult\u00far \u00c9ireann","isPartOf":{"@id":"https:\/\/www.cultureireland.ie\/#website"},"primaryImageOfPage":{"@id":"https:\/\/www.cultureireland.ie\/ga\/maoinithe\/an-sceim-taispeantais\/#primaryimage"},"image":{"@id":"https:\/\/www.cultureireland.ie\/ga\/maoinithe\/an-sceim-taispeantais\/#primaryimage"},"thumbnailUrl":"https:\/\/www.cultureireland.ie\/wp-content\/uploads\/2024\/12\/Meet-the-Irish-IAC-image-296-scaled.jpg","datePublished":"2020-12-08T11:10:02+00:00","dateModified":"2024-12-18T14:28:43+00:00","breadcrumb":{"@id":"https:\/\/www.cultureireland.ie\/ga\/maoinithe\/an-sceim-taispeantais\/#breadcrumb"},"inLanguage":"ga-IE","potentialAction":[{"@type":"ReadAction","target":["https:\/\/www.cultureireland.ie\/ga\/maoinithe\/an-sceim-taispeantais\/"]}]},{"@type":"ImageObject","inLanguage":"ga-IE","@id":"https:\/\/www.cultureireland.ie\/ga\/maoinithe\/an-sceim-taispeantais\/#primaryimage","url":"https:\/\/www.cultureireland.ie\/wp-content\/uploads\/2024\/12\/Meet-the-Irish-IAC-image-296-scaled.jpg","contentUrl":"https:\/\/www.cultureireland.ie\/wp-content\/uploads\/2024\/12\/Meet-the-Irish-IAC-image-296-scaled.jpg","width":2560,"height":1703},{"@type":"BreadcrumbList","@id":"https:\/\/www.cultureireland.ie\/ga\/maoinithe\/an-sceim-taispeantais\/#breadcrumb","itemListElement":[{"@type":"ListItem","position":1,"name":"Home","item":"https:\/\/www.cultureireland.ie\/"},{"@type":"ListItem","position":2,"name":"Maoinithe","item":"https:\/\/www.cultureireland.ie\/funding\/"},{"@type":"ListItem","position":3,"name":"An Sc\u00e9im Taispe\u00e1ntais"}]},{"@type":"WebSite","@id":"https:\/\/www.cultureireland.ie\/#website","url":"https:\/\/www.cultureireland.ie\/","name":"Culture Ireland | Cult\u00far \u00c9ireann","description":"","publisher":{"@id":"https:\/\/www.cultureireland.ie\/#organization"},"potentialAction":[{"@type":"SearchAction","target":{"@type":"EntryPoint","urlTemplate":"https:\/\/www.cultureireland.ie\/?s={search_term_string}"},"query-input":{"@type":"PropertyValueSpecification","valueRequired":true,"valueName":"search_term_string"}}],"inLanguage":"ga-IE"},{"@type":"Organization","@id":"https:\/\/www.cultureireland.ie\/#organization","name":"Culture Ireland","url":"https:\/\/www.cultureireland.ie\/","logo":{"@type":"ImageObject","inLanguage":"ga-IE","@id":"https:\/\/www.cultureireland.ie\/#\/schema\/logo\/image\/","url":"https:\/\/www.cultureireland.ie\/wp-content\/uploads\/2024\/04\/Department-Tourism.png","contentUrl":"https:\/\/www.cultureireland.ie\/wp-content\/uploads\/2024\/04\/Department-Tourism.png","width":231,"height":218,"caption":"Culture Ireland"},"image":{"@id":"https:\/\/www.cultureireland.ie\/#\/schema\/logo\/image\/"}}]}},"_links":{"self":[{"href":"https:\/\/www.cultureireland.ie\/ga\/wp-json\/wp\/v2\/pages\/2384","targetHints":{"allow":["GET"]}}],"collection":[{"href":"https:\/\/www.cultureireland.ie\/ga\/wp-json\/wp\/v2\/pages"}],"about":[{"href":"https:\/\/www.cultureireland.ie\/ga\/wp-json\/wp\/v2\/types\/page"}],"author":[{"embeddable":true,"href":"https:\/\/www.cultureireland.ie\/ga\/wp-json\/wp\/v2\/users\/1"}],"replies":[{"embeddable":true,"href":"https:\/\/www.cultureireland.ie\/ga\/wp-json\/wp\/v2\/comments?post=2384"}],"version-history":[{"count":4,"href":"https:\/\/www.cultureireland.ie\/ga\/wp-json\/wp\/v2\/pages\/2384\/revisions"}],"predecessor-version":[{"id":2902,"href":"https:\/\/www.cultureireland.ie\/ga\/wp-json\/wp\/v2\/pages\/2384\/revisions\/2902"}],"up":[{"embeddable":true,"href":"https:\/\/www.cultureireland.ie\/ga\/wp-json\/wp\/v2\/pages\/2203"}],"wp:featuredmedia":[{"embeddable":true,"href":"https:\/\/www.cultureireland.ie\/ga\/wp-json\/wp\/v2\/media\/2897"}],"wp:attachment":[{"href":"https:\/\/www.cultureireland.ie\/ga\/wp-json\/wp\/v2\/media?parent=2384"}],"curies":[{"name":"wp","href":"https:\/\/api.w.org\/{rel}","templated":true}]}}