{"id":2275,"date":"2021-03-16T13:04:20","date_gmt":"2021-03-16T13:04:20","guid":{"rendered":"https:\/\/www.cultureireland.ie\/projects-funded\/"},"modified":"2024-04-12T13:20:52","modified_gmt":"2024-04-12T12:20:52","slug":"projects-funded","status":"publish","type":"page","link":"https:\/\/www.cultureireland.ie\/ga\/projects-funded\/","title":{"rendered":"Tionscadail Mhaoinithe"},"content":{"rendered":"<p>Here you will find a selection of Projects Culture Ireland has funded recently.<\/p>\n<p>&nbsp;<\/p>\n<h3><span style=\"font-size: 18pt;\"><strong><em>The Approach<\/em> by Mark O\u2019Rowe<\/strong><\/span><\/h3>\n<h3><span style=\"font-size: 14pt;\"><strong>produced by Landmark Productions in association with Project Arts Centre and St Ann\u2019s Warehouse, Brooklyn, NY<\/strong><\/span><\/h3>\n<div id=\"attachment_554\" style=\"width: 1034px\" class=\"wp-caption alignnone\"><img loading=\"lazy\" decoding=\"async\" aria-describedby=\"caption-attachment-554\" class=\"wp-image-554 size-large\" title=\"Aisling O'Sullivan, Cathy Belton and Derbhle Crotty in The Approach (Image by Patrick Redmond)\" src=\"https:\/\/www.cultureireland.ie\/wp-content\/uploads\/2021\/03\/The-Approach-triptych-Patrick-Redmond-1024x573.jpg\" alt=\"The-Approach-triptych - Patrick Redmond\" width=\"1024\" height=\"573\" srcset=\"https:\/\/www.cultureireland.ie\/wp-content\/uploads\/2021\/03\/The-Approach-triptych-Patrick-Redmond-1024x573.jpg 1024w, https:\/\/www.cultureireland.ie\/wp-content\/uploads\/2021\/03\/The-Approach-triptych-Patrick-Redmond-300x168.jpg 300w, https:\/\/www.cultureireland.ie\/wp-content\/uploads\/2021\/03\/The-Approach-triptych-Patrick-Redmond-768x430.jpg 768w, https:\/\/www.cultureireland.ie\/wp-content\/uploads\/2021\/03\/The-Approach-triptych-Patrick-Redmond-1536x860.jpg 1536w, https:\/\/www.cultureireland.ie\/wp-content\/uploads\/2021\/03\/The-Approach-triptych-Patrick-Redmond-2048x1146.jpg 2048w\" sizes=\"auto, (max-width: 1024px) 100vw, 1024px\" \/><p id=\"caption-attachment-554\" class=\"wp-caption-text\">Aisling O&#8217;Sullivan, Cathy Belton and Derbhle Crotty in The Approach (Image by Patrick Redmond)<\/p><\/div>\n<p>&nbsp;<\/p>\n<p>January 2021 saw Culture Ireland\u2019s first endeavour to virtually bring contemporary Irish theatre to a large international audience was a resounding success. Landmark Production\u2019s acclaimed \u2018The Approach\u2019, a play by Mark O\u2019Rowe, was staged in the Project Arts Centre in January 2021. Boasting an outstanding cast featuring Cathy Belton, Derbhle Crotty and Aisling O\u2019Sullivan, and a design team that includes Sinead McKenna and Philip Stewart, this all-Irish team of artists present work that speaks to contemporary Ireland, both in its subject matter and form. Livestreamed by St Ann\u2019s Warehouse, Brooklyn, \u2018The Approach\u2019 met with live audience number reaching 6,534 over three evenings. Audience reviews were extremely positive:<\/p>\n<p>\u201c\u2018I live in Anchorage, Alaska, and usually travel to get my hit of theatre. With the pandemic, I instead organized a group of seven women to watch a play online and then meet over Zoom to discuss it. So far, we\u2019ve watched eight plays from London, New York, wherever; but we all agreed that it was The Approach that knocked our socks off. We totally appreciated the cast and playwright discussion, too.\u201d<\/p>\n<p>Such collaborative works between Irish cultural institutions and their counterparts abroad provide artists and playwrights like O\u2019Rowe prominent platforms for their works to find new audiences, with people watching from 44 countries across 6 continents \u2013 from Alaska to New Zealand. \u2018The Approach\u2019 has shown Ireland to be at the cutting edge of how live performances can be presented through new broadcast technologies. Moreover, Landmark Productions strengthened its ongoing relationship with St Ann\u2019s Warehouse, while the Project Arts Centre and St Ann\u2019s Warehouse were connected as organisations for the first time, forging a new transatlantic cultural partnership. Such fruitful collaborations have paved the way for new virtual theatre productions.<\/p>\n<p>\u2605\u2605\u2605\u2605 The Guardian &#8211; Arifa Akbar https:\/\/www.theguardian.com\/stage\/2021\/jan\/22\/the-approach-review-lockdown-theatre \u2018of all the streamed productions that I have seen in the past year, this one comes closest to capturing the focus and tension of live theatre\u2019 New York Magazine \/ Vulture &#8211; Helen Shaw https:\/\/www.vulture.com\/2021\/01\/review-of-mark-orowes-the-approach-streaming-from-dublin.html \u201cThe Irish playwright Mark O\u2019Rowe doesn\u2019t bring his work to New York often, but when he does, the seats catch fire \u2026 live from Dublin on your computer screen, it\u2019s a superb performance of The Approach.\u201d<\/p>\n<p>&nbsp;<\/p>\n<h3><span style=\"font-size: 18pt;\"><strong><em>15th Capital Irish Film Festival (CIFF), <\/em><\/strong><\/span><span style=\"font-size: 18pt;\"><strong>Solas Nua<\/strong><\/span><\/h3>\n<p><img loading=\"lazy\" decoding=\"async\" class=\"alignnone size-large wp-image-618\" src=\"https:\/\/www.cultureireland.ie\/wp-content\/uploads\/2021\/04\/Capital-Irish-Film-Festival-Posters_16-9_List-1024x576.jpg\" alt=\"Capital Irish Film Festival\" width=\"1024\" height=\"576\" srcset=\"https:\/\/www.cultureireland.ie\/wp-content\/uploads\/2021\/04\/Capital-Irish-Film-Festival-Posters_16-9_List-1024x576.jpg 1024w, https:\/\/www.cultureireland.ie\/wp-content\/uploads\/2021\/04\/Capital-Irish-Film-Festival-Posters_16-9_List-300x169.jpg 300w, https:\/\/www.cultureireland.ie\/wp-content\/uploads\/2021\/04\/Capital-Irish-Film-Festival-Posters_16-9_List-768x432.jpg 768w, https:\/\/www.cultureireland.ie\/wp-content\/uploads\/2021\/04\/Capital-Irish-Film-Festival-Posters_16-9_List-1536x864.jpg 1536w, https:\/\/www.cultureireland.ie\/wp-content\/uploads\/2021\/04\/Capital-Irish-Film-Festival-Posters_16-9_List.jpg 1920w\" sizes=\"auto, (max-width: 1024px) 100vw, 1024px\" \/><\/p>\n<p>&nbsp;<\/p>\n<p>Solas Nua (New Light) is a leading multidisciplinary arts organization which works to promote contemporary Irish arts in Washington D.C. since its foundation in 2005. Solas Nua virtually presented the 15th Capital Irish Film Festival (CIFF) at the American Film Institute Silver Theatre and Cultural Center in Silver Spring, Maryland, USA, from 4\u20137 March 2021, in partnership with the American Film Institute. This was a very successful event that was greatly enhanced by the participation of filmmakers in six post-film discussions. There were also two music events, one of which was held free of charge and open to Irish audiences online. This was the first time \u00a0Solas Nua presented the festival online to a national audience, providing a showcase for contemporary Irish films, such as Arracht (Monster), an award-winning Irish-language film set during the Great Famine, by director Tom Sullivan, Wildfire, a moving tale of family and mental health in modern-day Northern Ireland, by director Cathy Brady, The 8TH, a documentary by Maeve O\u2019Boyle which traces Ireland&#8217;s campaign to overturn the 8th Amendment, Wolfwalkers, the Academy-Award nominated animation from filmmakers Tomm Moore and Ross Stewart, and many more, with ticket sales exceeding 2,800 over the 11-day event.<\/p>\n<p>&nbsp;<\/p>\n<h3><span style=\"font-size: 18pt;\"><strong>Irish Film Festival in Russia (Moscow)<\/strong><\/span><\/h3>\n<p><img loading=\"lazy\" decoding=\"async\" class=\"alignnone size-large wp-image-619\" src=\"https:\/\/www.cultureireland.ie\/wp-content\/uploads\/2021\/04\/Irish-Film-Festival-2021-Moscow-1024x656.png\" alt=\"Irish Film Festival 2021, Moscow\" width=\"1024\" height=\"656\" srcset=\"https:\/\/www.cultureireland.ie\/wp-content\/uploads\/2021\/04\/Irish-Film-Festival-2021-Moscow-1024x656.png 1024w, https:\/\/www.cultureireland.ie\/wp-content\/uploads\/2021\/04\/Irish-Film-Festival-2021-Moscow-300x192.png 300w, https:\/\/www.cultureireland.ie\/wp-content\/uploads\/2021\/04\/Irish-Film-Festival-2021-Moscow-768x492.png 768w, https:\/\/www.cultureireland.ie\/wp-content\/uploads\/2021\/04\/Irish-Film-Festival-2021-Moscow.png 1312w\" sizes=\"auto, (max-width: 1024px) 100vw, 1024px\" \/><\/p>\n<p>The 14th Irish Film Festival (Russia) was held in cinemas in Moscow, St. Petersburg, Ekaterinburg and Novosibirsk on 10 \u2013 21 March 2021. The festival showcased the best of modern Irish cinema, and featured extensive participation in workshops and virtual Q&amp;As with Irish film-makers.<\/p>\n<p>Established in 2008 by Moscow based Irish filmmakers Gerard Michael MacCarthy and Johnny O\u2019Reilly, the Irish Film Festival in Russia has become the central element of Irish cultural activities taking place around St. Patrick&#8217;s Day in Moscow and presents Irish films to new and existing audiences every year. Through their partner, Karo, Russia\u2019s largest cinema chain, a series of contemporary Irish film were presented, including \u2018Calm with Horses\u2019, an Irish crime thriller directed by Nick Rowland and featuring Barry Keoghan and Cosmo Jarvis, \u2018Tomorrow is Saturday\u2019, an intimate look at the life of Irish collage artist Sean Hillen , Dave Minogue\u2019s \u2018Poster Boys\u2019, a black comedy about dysfunctional family life, and \u2018Here Are the Young Men\u2019, a film which looks at disaffected youth in Dublin during the Celtic Tiger era with Ana-Taylor Joy.<\/p>\n<h3><\/h3>\n<p>&nbsp;<\/p>\n<h3><span style=\"font-size: 18pt;\"><strong><em>St Patrick\u2019s Day At Home<\/em>, Milwaukee Irish Fest, CelticMKE<\/strong><\/span><\/h3>\n<p>&nbsp;<\/p>\n<p><img loading=\"lazy\" decoding=\"async\" class=\"alignnone wp-image-621 size-large\" src=\"https:\/\/www.cultureireland.ie\/wp-content\/uploads\/2021\/04\/pop-1024x559.png\" alt=\"Celtic MKE Image\" width=\"1024\" height=\"559\" srcset=\"https:\/\/www.cultureireland.ie\/wp-content\/uploads\/2021\/04\/pop-1024x559.png 1024w, https:\/\/www.cultureireland.ie\/wp-content\/uploads\/2021\/04\/pop-300x164.png 300w, https:\/\/www.cultureireland.ie\/wp-content\/uploads\/2021\/04\/pop-768x419.png 768w, https:\/\/www.cultureireland.ie\/wp-content\/uploads\/2021\/04\/pop-1536x838.png 1536w, https:\/\/www.cultureireland.ie\/wp-content\/uploads\/2021\/04\/pop.png 1980w\" sizes=\"auto, (max-width: 1024px) 100vw, 1024px\" \/><\/p>\n<p>&nbsp;<\/p>\n<p>Culture Ireland has long partnership with The Milwaukee Irish Fest, an annual festival produced by CelticMKE and held annually on the third weekend of every August. Having a tradition of presenting Irish artists to a large American audience, and celebrating all aspects of Irish culture. Over the years, bands featured include Moxie, Screaming Orphans, We Banjo 3, and many more contemporary Irish artists. In 2019, the 39<sup>th<\/sup> Milwaukee Irish Fest had a Galway Showcase stage in honour of Galway being chosen as the European Capital of Culture in 2020. Galway acts featured included We Banjo 3, The Whileaways, BackWest, Leo Moran &amp; Padraig Stevens, and The Kane Sisters.<\/p>\n<p>In March 2021, the Milwaukee Irish Fest presented online the St. Patrick\u2019s Day At Home event featuring ten music performances from emerging artists in Ireland, alongside four culture &amp; history shows, providing a full eight-hours of entertainment, with support from Culture Ireland. Artists featured include Br\u00edd\u00edn, Sive, Gr\u00e1inne Hunt and Brendan Walsh, The Finns, Seamus &amp; Caoimhe U\u00ed Fhlatharta, Nicole Ni Dhubhshlaine &amp; Kyle Macaulay, Sharon Howley, Niall Hanna, Diane Cannon and Cup O&#8217;Joe. There was family entertainment with events such as Storytime with Princess Merida and performances with Glencastle Irish Dancers, Milwaukee Irish Dance Company, and Trinity Academy of Irish Dance, and cultural shows including &#8211; The Irish War of Independence with Irish Ambassador Mulhall, and a series of tiny plays presented by Ireland theatrical group Fishamble. The event was viewed over 7,000 times from audiences across the USA and received very positive media coverage.<\/p>\n<p>&nbsp;<\/p>\n<p><img loading=\"lazy\" decoding=\"async\" class=\"alignnone wp-image-622 size-large\" src=\"https:\/\/www.cultureireland.ie\/wp-content\/uploads\/2021\/04\/Sive-1024x576.png\" alt=\"Sive image\" width=\"1024\" height=\"576\" srcset=\"https:\/\/www.cultureireland.ie\/wp-content\/uploads\/2021\/04\/Sive-1024x576.png 1024w, https:\/\/www.cultureireland.ie\/wp-content\/uploads\/2021\/04\/Sive-300x169.png 300w, https:\/\/www.cultureireland.ie\/wp-content\/uploads\/2021\/04\/Sive-768x432.png 768w, https:\/\/www.cultureireland.ie\/wp-content\/uploads\/2021\/04\/Sive-1536x864.png 1536w, https:\/\/www.cultureireland.ie\/wp-content\/uploads\/2021\/04\/Sive.png 1920w\" sizes=\"auto, (max-width: 1024px) 100vw, 1024px\" \/><\/p>\n","protected":false},"excerpt":{"rendered":"<p>Here you will find a selection of Projects Culture Ireland has funded recently. &nbsp; The Approach by Mark O\u2019Rowe produced by Landmark Productions in association with Project Arts Centre and St Ann\u2019s Warehouse, Brooklyn, NY &nbsp; January 2021 saw Culture Ireland\u2019s first endeavour to virtually bring contemporary Irish theatre to a large international audience was&#8230; <\/p>\n","protected":false},"author":1,"featured_media":2004,"parent":0,"menu_order":1,"comment_status":"closed","ping_status":"closed","template":"full-width.php","meta":{"_acf_changed":false,"footnotes":""},"class_list":["post-2275","page","type-page","status-publish","has-post-thumbnail","hentry"],"acf":[],"yoast_head":"<!-- This site is optimized with the Yoast SEO plugin v27.2 - https:\/\/yoast.com\/product\/yoast-seo-wordpress\/ -->\n<title>Tionscadail Mhaoinithe - Culture Ireland | Cult\u00far \u00c9ireann<\/title>\n<meta name=\"robots\" content=\"index, follow, max-snippet:-1, max-image-preview:large, max-video-preview:-1\" \/>\n<link rel=\"canonical\" href=\"https:\/\/www.cultureireland.ie\/ga\/projects-funded\/\" \/>\n<meta property=\"og:locale\" content=\"ga_IE\" \/>\n<meta property=\"og:type\" content=\"article\" \/>\n<meta property=\"og:title\" content=\"Tionscadail Mhaoinithe - Culture Ireland | Cult\u00far \u00c9ireann\" \/>\n<meta property=\"og:description\" content=\"Here you will find a selection of Projects Culture Ireland has funded recently. &nbsp; The Approach by Mark O\u2019Rowe produced by Landmark Productions in association with Project Arts Centre and St Ann\u2019s Warehouse, Brooklyn, NY &nbsp; January 2021 saw Culture Ireland\u2019s first endeavour to virtually bring contemporary Irish theatre to a large international audience was...\" \/>\n<meta property=\"og:url\" content=\"https:\/\/www.cultureireland.ie\/ga\/projects-funded\/\" \/>\n<meta property=\"og:site_name\" content=\"Culture Ireland | Cult\u00far \u00c9ireann\" \/>\n<meta property=\"article:modified_time\" content=\"2024-04-12T12:20:52+00:00\" \/>\n<meta property=\"og:image\" content=\"https:\/\/www.cultureireland.ie\/wp-content\/uploads\/2021\/05\/1400x544_INSIDE-THE-GPO-l-r-Don-Wycherley-Ronan-Leahy-and-Gavin-Fullam-Photo-by-Dan-ONeill-.png\" \/>\n\t<meta property=\"og:image:width\" content=\"1400\" \/>\n\t<meta property=\"og:image:height\" content=\"544\" \/>\n\t<meta property=\"og:image:type\" content=\"image\/png\" \/>\n<meta name=\"twitter:card\" content=\"summary_large_image\" \/>\n<meta name=\"twitter:label1\" content=\"Est. reading time\" \/>\n\t<meta name=\"twitter:data1\" content=\"6 minutes\" \/>\n<script type=\"application\/ld+json\" class=\"yoast-schema-graph\">{\"@context\":\"https:\/\/schema.org\",\"@graph\":[{\"@type\":\"WebPage\",\"@id\":\"https:\/\/www.cultureireland.ie\/ga\/projects-funded\/\",\"url\":\"https:\/\/www.cultureireland.ie\/ga\/projects-funded\/\",\"name\":\"Tionscadail Mhaoinithe - Culture Ireland | Cult\u00far \u00c9ireann\",\"isPartOf\":{\"@id\":\"https:\/\/www.cultureireland.ie\/#website\"},\"primaryImageOfPage\":{\"@id\":\"https:\/\/www.cultureireland.ie\/ga\/projects-funded\/#primaryimage\"},\"image\":{\"@id\":\"https:\/\/www.cultureireland.ie\/ga\/projects-funded\/#primaryimage\"},\"thumbnailUrl\":\"https:\/\/www.cultureireland.ie\/wp-content\/uploads\/2021\/05\/1400x544_INSIDE-THE-GPO-l-r-Don-Wycherley-Ronan-Leahy-and-Gavin-Fullam-Photo-by-Dan-ONeill-.png\",\"datePublished\":\"2021-03-16T13:04:20+00:00\",\"dateModified\":\"2024-04-12T12:20:52+00:00\",\"breadcrumb\":{\"@id\":\"https:\/\/www.cultureireland.ie\/ga\/projects-funded\/#breadcrumb\"},\"inLanguage\":\"ga-IE\",\"potentialAction\":[{\"@type\":\"ReadAction\",\"target\":[\"https:\/\/www.cultureireland.ie\/ga\/projects-funded\/\"]}]},{\"@type\":\"ImageObject\",\"inLanguage\":\"ga-IE\",\"@id\":\"https:\/\/www.cultureireland.ie\/ga\/projects-funded\/#primaryimage\",\"url\":\"https:\/\/www.cultureireland.ie\/wp-content\/uploads\/2021\/05\/1400x544_INSIDE-THE-GPO-l-r-Don-Wycherley-Ronan-Leahy-and-Gavin-Fullam-Photo-by-Dan-ONeill-.png\",\"contentUrl\":\"https:\/\/www.cultureireland.ie\/wp-content\/uploads\/2021\/05\/1400x544_INSIDE-THE-GPO-l-r-Don-Wycherley-Ronan-Leahy-and-Gavin-Fullam-Photo-by-Dan-ONeill-.png\",\"width\":1400,\"height\":544},{\"@type\":\"BreadcrumbList\",\"@id\":\"https:\/\/www.cultureireland.ie\/ga\/projects-funded\/#breadcrumb\",\"itemListElement\":[{\"@type\":\"ListItem\",\"position\":1,\"name\":\"Home\",\"item\":\"https:\/\/www.cultureireland.ie\/\"},{\"@type\":\"ListItem\",\"position\":2,\"name\":\"Tionscadail Mhaoinithe\"}]},{\"@type\":\"WebSite\",\"@id\":\"https:\/\/www.cultureireland.ie\/#website\",\"url\":\"https:\/\/www.cultureireland.ie\/\",\"name\":\"Culture Ireland | Cult\u00far \u00c9ireann\",\"description\":\"\",\"publisher\":{\"@id\":\"https:\/\/www.cultureireland.ie\/#organization\"},\"potentialAction\":[{\"@type\":\"SearchAction\",\"target\":{\"@type\":\"EntryPoint\",\"urlTemplate\":\"https:\/\/www.cultureireland.ie\/?s={search_term_string}\"},\"query-input\":{\"@type\":\"PropertyValueSpecification\",\"valueRequired\":true,\"valueName\":\"search_term_string\"}}],\"inLanguage\":\"ga-IE\"},{\"@type\":\"Organization\",\"@id\":\"https:\/\/www.cultureireland.ie\/#organization\",\"name\":\"Culture Ireland\",\"url\":\"https:\/\/www.cultureireland.ie\/\",\"logo\":{\"@type\":\"ImageObject\",\"inLanguage\":\"ga-IE\",\"@id\":\"https:\/\/www.cultureireland.ie\/#\/schema\/logo\/image\/\",\"url\":\"https:\/\/www.cultureireland.ie\/wp-content\/uploads\/2024\/04\/Department-Tourism.png\",\"contentUrl\":\"https:\/\/www.cultureireland.ie\/wp-content\/uploads\/2024\/04\/Department-Tourism.png\",\"width\":231,\"height\":218,\"caption\":\"Culture Ireland\"},\"image\":{\"@id\":\"https:\/\/www.cultureireland.ie\/#\/schema\/logo\/image\/\"}}]}<\/script>\n<!-- \/ Yoast SEO plugin. -->","yoast_head_json":{"title":"Tionscadail Mhaoinithe - Culture Ireland | Cult\u00far \u00c9ireann","robots":{"index":"index","follow":"follow","max-snippet":"max-snippet:-1","max-image-preview":"max-image-preview:large","max-video-preview":"max-video-preview:-1"},"canonical":"https:\/\/www.cultureireland.ie\/ga\/projects-funded\/","og_locale":"ga_IE","og_type":"article","og_title":"Tionscadail Mhaoinithe - Culture Ireland | Cult\u00far \u00c9ireann","og_description":"Here you will find a selection of Projects Culture Ireland has funded recently. &nbsp; The Approach by Mark O\u2019Rowe produced by Landmark Productions in association with Project Arts Centre and St Ann\u2019s Warehouse, Brooklyn, NY &nbsp; January 2021 saw Culture Ireland\u2019s first endeavour to virtually bring contemporary Irish theatre to a large international audience was...","og_url":"https:\/\/www.cultureireland.ie\/ga\/projects-funded\/","og_site_name":"Culture Ireland | Cult\u00far \u00c9ireann","article_modified_time":"2024-04-12T12:20:52+00:00","og_image":[{"width":1400,"height":544,"url":"https:\/\/www.cultureireland.ie\/wp-content\/uploads\/2021\/05\/1400x544_INSIDE-THE-GPO-l-r-Don-Wycherley-Ronan-Leahy-and-Gavin-Fullam-Photo-by-Dan-ONeill-.png","type":"image\/png"}],"twitter_card":"summary_large_image","twitter_misc":{"Est. reading time":"6 minutes"},"schema":{"@context":"https:\/\/schema.org","@graph":[{"@type":"WebPage","@id":"https:\/\/www.cultureireland.ie\/ga\/projects-funded\/","url":"https:\/\/www.cultureireland.ie\/ga\/projects-funded\/","name":"Tionscadail Mhaoinithe - Culture Ireland | Cult\u00far \u00c9ireann","isPartOf":{"@id":"https:\/\/www.cultureireland.ie\/#website"},"primaryImageOfPage":{"@id":"https:\/\/www.cultureireland.ie\/ga\/projects-funded\/#primaryimage"},"image":{"@id":"https:\/\/www.cultureireland.ie\/ga\/projects-funded\/#primaryimage"},"thumbnailUrl":"https:\/\/www.cultureireland.ie\/wp-content\/uploads\/2021\/05\/1400x544_INSIDE-THE-GPO-l-r-Don-Wycherley-Ronan-Leahy-and-Gavin-Fullam-Photo-by-Dan-ONeill-.png","datePublished":"2021-03-16T13:04:20+00:00","dateModified":"2024-04-12T12:20:52+00:00","breadcrumb":{"@id":"https:\/\/www.cultureireland.ie\/ga\/projects-funded\/#breadcrumb"},"inLanguage":"ga-IE","potentialAction":[{"@type":"ReadAction","target":["https:\/\/www.cultureireland.ie\/ga\/projects-funded\/"]}]},{"@type":"ImageObject","inLanguage":"ga-IE","@id":"https:\/\/www.cultureireland.ie\/ga\/projects-funded\/#primaryimage","url":"https:\/\/www.cultureireland.ie\/wp-content\/uploads\/2021\/05\/1400x544_INSIDE-THE-GPO-l-r-Don-Wycherley-Ronan-Leahy-and-Gavin-Fullam-Photo-by-Dan-ONeill-.png","contentUrl":"https:\/\/www.cultureireland.ie\/wp-content\/uploads\/2021\/05\/1400x544_INSIDE-THE-GPO-l-r-Don-Wycherley-Ronan-Leahy-and-Gavin-Fullam-Photo-by-Dan-ONeill-.png","width":1400,"height":544},{"@type":"BreadcrumbList","@id":"https:\/\/www.cultureireland.ie\/ga\/projects-funded\/#breadcrumb","itemListElement":[{"@type":"ListItem","position":1,"name":"Home","item":"https:\/\/www.cultureireland.ie\/"},{"@type":"ListItem","position":2,"name":"Tionscadail Mhaoinithe"}]},{"@type":"WebSite","@id":"https:\/\/www.cultureireland.ie\/#website","url":"https:\/\/www.cultureireland.ie\/","name":"Culture Ireland | Cult\u00far \u00c9ireann","description":"","publisher":{"@id":"https:\/\/www.cultureireland.ie\/#organization"},"potentialAction":[{"@type":"SearchAction","target":{"@type":"EntryPoint","urlTemplate":"https:\/\/www.cultureireland.ie\/?s={search_term_string}"},"query-input":{"@type":"PropertyValueSpecification","valueRequired":true,"valueName":"search_term_string"}}],"inLanguage":"ga-IE"},{"@type":"Organization","@id":"https:\/\/www.cultureireland.ie\/#organization","name":"Culture Ireland","url":"https:\/\/www.cultureireland.ie\/","logo":{"@type":"ImageObject","inLanguage":"ga-IE","@id":"https:\/\/www.cultureireland.ie\/#\/schema\/logo\/image\/","url":"https:\/\/www.cultureireland.ie\/wp-content\/uploads\/2024\/04\/Department-Tourism.png","contentUrl":"https:\/\/www.cultureireland.ie\/wp-content\/uploads\/2024\/04\/Department-Tourism.png","width":231,"height":218,"caption":"Culture Ireland"},"image":{"@id":"https:\/\/www.cultureireland.ie\/#\/schema\/logo\/image\/"}}]}},"_links":{"self":[{"href":"https:\/\/www.cultureireland.ie\/ga\/wp-json\/wp\/v2\/pages\/2275","targetHints":{"allow":["GET"]}}],"collection":[{"href":"https:\/\/www.cultureireland.ie\/ga\/wp-json\/wp\/v2\/pages"}],"about":[{"href":"https:\/\/www.cultureireland.ie\/ga\/wp-json\/wp\/v2\/types\/page"}],"author":[{"embeddable":true,"href":"https:\/\/www.cultureireland.ie\/ga\/wp-json\/wp\/v2\/users\/1"}],"replies":[{"embeddable":true,"href":"https:\/\/www.cultureireland.ie\/ga\/wp-json\/wp\/v2\/comments?post=2275"}],"version-history":[{"count":1,"href":"https:\/\/www.cultureireland.ie\/ga\/wp-json\/wp\/v2\/pages\/2275\/revisions"}],"predecessor-version":[{"id":2276,"href":"https:\/\/www.cultureireland.ie\/ga\/wp-json\/wp\/v2\/pages\/2275\/revisions\/2276"}],"wp:featuredmedia":[{"embeddable":true,"href":"https:\/\/www.cultureireland.ie\/ga\/wp-json\/wp\/v2\/media\/2004"}],"wp:attachment":[{"href":"https:\/\/www.cultureireland.ie\/ga\/wp-json\/wp\/v2\/media?parent=2275"}],"curies":[{"name":"wp","href":"https:\/\/api.w.org\/{rel}","templated":true}]}}