{"id":2270,"date":"2020-08-25T13:44:05","date_gmt":"2020-08-25T12:44:05","guid":{"rendered":"https:\/\/www.cultureireland.ie\/resources\/"},"modified":"2024-04-23T11:31:51","modified_gmt":"2024-04-23T10:31:51","slug":"resources","status":"publish","type":"page","link":"https:\/\/www.cultureireland.ie\/ga\/resources\/","title":{"rendered":"Acmhainn\u00ed"},"content":{"rendered":"<p>F\u00e1ilte chuig \u00e1r n-acmhainn\u00ed.<\/p>\n<p>T\u00e1 naisc agus \u00e1bhar ar f\u00e9idir a \u00edosl\u00f3d\u00e1il anseo.<\/p>\n<p><a href=\"\/resources-downloads\/reference-documents\/\">C\u00e1ip\u00e9is\u00ed tagartha<\/a><\/p>\n<h3 style=\"padding-left: 40px;\"><\/h3>\n<p>&nbsp;<\/p>\n<p>&nbsp;<\/p>\n<p>&nbsp;<\/p>\n<p>&nbsp;<\/p>\n<p>&nbsp;<\/p>\n","protected":false},"excerpt":{"rendered":"<p>F\u00e1ilte chuig \u00e1r n-acmhainn\u00ed. T\u00e1 naisc agus \u00e1bhar ar f\u00e9idir a \u00edosl\u00f3d\u00e1il anseo. C\u00e1ip\u00e9is\u00ed tagartha &nbsp; &nbsp; &nbsp; &nbsp; &nbsp;<\/p>\n","protected":false},"author":1,"featured_media":2338,"parent":0,"menu_order":15,"comment_status":"closed","ping_status":"closed","template":"full-width.php","meta":{"_acf_changed":false,"footnotes":""},"class_list":["post-2270","page","type-page","status-publish","has-post-thumbnail","hentry"],"acf":[],"yoast_head":"<!-- This site is optimized with the Yoast SEO plugin v27.2 - https:\/\/yoast.com\/product\/yoast-seo-wordpress\/ -->\n<title>Acmhainn\u00ed - Culture Ireland | Cult\u00far \u00c9ireann<\/title>\n<meta name=\"robots\" content=\"index, follow, max-snippet:-1, max-image-preview:large, max-video-preview:-1\" \/>\n<link rel=\"canonical\" href=\"https:\/\/www.cultureireland.ie\/ga\/resources\/\" \/>\n<meta property=\"og:locale\" content=\"ga_IE\" \/>\n<meta property=\"og:type\" content=\"article\" \/>\n<meta property=\"og:title\" content=\"Acmhainn\u00ed - Culture Ireland | Cult\u00far \u00c9ireann\" \/>\n<meta property=\"og:description\" content=\"F\u00e1ilte chuig \u00e1r n-acmhainn\u00ed. T\u00e1 naisc agus \u00e1bhar ar f\u00e9idir a \u00edosl\u00f3d\u00e1il anseo. C\u00e1ip\u00e9is\u00ed tagartha &nbsp; &nbsp; &nbsp; &nbsp; &nbsp;\" \/>\n<meta property=\"og:url\" content=\"https:\/\/www.cultureireland.ie\/ga\/resources\/\" \/>\n<meta property=\"og:site_name\" content=\"Culture Ireland | Cult\u00far \u00c9ireann\" \/>\n<meta property=\"article:modified_time\" content=\"2024-04-23T10:31:51+00:00\" \/>\n<meta property=\"og:image\" content=\"https:\/\/www.cultureireland.ie\/wp-content\/uploads\/2024\/04\/Navy-Blue-3-Sinje-Hasheider-resized-for-website.jpg\" \/>\n\t<meta property=\"og:image:width\" content=\"1902\" \/>\n\t<meta property=\"og:image:height\" content=\"1122\" \/>\n\t<meta property=\"og:image:type\" content=\"image\/jpeg\" \/>\n<meta name=\"twitter:card\" content=\"summary_large_image\" \/>\n<meta name=\"twitter:label1\" content=\"Est. reading time\" \/>\n\t<meta name=\"twitter:data1\" content=\"1 minute\" \/>\n<script type=\"application\/ld+json\" class=\"yoast-schema-graph\">{\"@context\":\"https:\/\/schema.org\",\"@graph\":[{\"@type\":\"WebPage\",\"@id\":\"https:\/\/www.cultureireland.ie\/ga\/resources\/\",\"url\":\"https:\/\/www.cultureireland.ie\/ga\/resources\/\",\"name\":\"Acmhainn\u00ed - Culture Ireland | Cult\u00far \u00c9ireann\",\"isPartOf\":{\"@id\":\"https:\/\/www.cultureireland.ie\/#website\"},\"primaryImageOfPage\":{\"@id\":\"https:\/\/www.cultureireland.ie\/ga\/resources\/#primaryimage\"},\"image\":{\"@id\":\"https:\/\/www.cultureireland.ie\/ga\/resources\/#primaryimage\"},\"thumbnailUrl\":\"https:\/\/www.cultureireland.ie\/wp-content\/uploads\/2024\/04\/Navy-Blue-3-Sinje-Hasheider-resized-for-website.jpg\",\"datePublished\":\"2020-08-25T12:44:05+00:00\",\"dateModified\":\"2024-04-23T10:31:51+00:00\",\"breadcrumb\":{\"@id\":\"https:\/\/www.cultureireland.ie\/ga\/resources\/#breadcrumb\"},\"inLanguage\":\"ga-IE\",\"potentialAction\":[{\"@type\":\"ReadAction\",\"target\":[\"https:\/\/www.cultureireland.ie\/ga\/resources\/\"]}]},{\"@type\":\"ImageObject\",\"inLanguage\":\"ga-IE\",\"@id\":\"https:\/\/www.cultureireland.ie\/ga\/resources\/#primaryimage\",\"url\":\"https:\/\/www.cultureireland.ie\/wp-content\/uploads\/2024\/04\/Navy-Blue-3-Sinje-Hasheider-resized-for-website.jpg\",\"contentUrl\":\"https:\/\/www.cultureireland.ie\/wp-content\/uploads\/2024\/04\/Navy-Blue-3-Sinje-Hasheider-resized-for-website.jpg\",\"width\":1902,\"height\":1122,\"caption\":\"Oona Doherty\"},{\"@type\":\"BreadcrumbList\",\"@id\":\"https:\/\/www.cultureireland.ie\/ga\/resources\/#breadcrumb\",\"itemListElement\":[{\"@type\":\"ListItem\",\"position\":1,\"name\":\"Home\",\"item\":\"https:\/\/www.cultureireland.ie\/\"},{\"@type\":\"ListItem\",\"position\":2,\"name\":\"Acmhainn\u00ed\"}]},{\"@type\":\"WebSite\",\"@id\":\"https:\/\/www.cultureireland.ie\/#website\",\"url\":\"https:\/\/www.cultureireland.ie\/\",\"name\":\"Culture Ireland | Cult\u00far \u00c9ireann\",\"description\":\"\",\"publisher\":{\"@id\":\"https:\/\/www.cultureireland.ie\/#organization\"},\"potentialAction\":[{\"@type\":\"SearchAction\",\"target\":{\"@type\":\"EntryPoint\",\"urlTemplate\":\"https:\/\/www.cultureireland.ie\/?s={search_term_string}\"},\"query-input\":{\"@type\":\"PropertyValueSpecification\",\"valueRequired\":true,\"valueName\":\"search_term_string\"}}],\"inLanguage\":\"ga-IE\"},{\"@type\":\"Organization\",\"@id\":\"https:\/\/www.cultureireland.ie\/#organization\",\"name\":\"Culture Ireland\",\"url\":\"https:\/\/www.cultureireland.ie\/\",\"logo\":{\"@type\":\"ImageObject\",\"inLanguage\":\"ga-IE\",\"@id\":\"https:\/\/www.cultureireland.ie\/#\/schema\/logo\/image\/\",\"url\":\"https:\/\/www.cultureireland.ie\/wp-content\/uploads\/2024\/04\/Department-Tourism.png\",\"contentUrl\":\"https:\/\/www.cultureireland.ie\/wp-content\/uploads\/2024\/04\/Department-Tourism.png\",\"width\":231,\"height\":218,\"caption\":\"Culture Ireland\"},\"image\":{\"@id\":\"https:\/\/www.cultureireland.ie\/#\/schema\/logo\/image\/\"}}]}<\/script>\n<!-- \/ Yoast SEO plugin. -->","yoast_head_json":{"title":"Acmhainn\u00ed - Culture Ireland | Cult\u00far \u00c9ireann","robots":{"index":"index","follow":"follow","max-snippet":"max-snippet:-1","max-image-preview":"max-image-preview:large","max-video-preview":"max-video-preview:-1"},"canonical":"https:\/\/www.cultureireland.ie\/ga\/resources\/","og_locale":"ga_IE","og_type":"article","og_title":"Acmhainn\u00ed - Culture Ireland | Cult\u00far \u00c9ireann","og_description":"F\u00e1ilte chuig \u00e1r n-acmhainn\u00ed. T\u00e1 naisc agus \u00e1bhar ar f\u00e9idir a \u00edosl\u00f3d\u00e1il anseo. C\u00e1ip\u00e9is\u00ed tagartha &nbsp; &nbsp; &nbsp; &nbsp; &nbsp;","og_url":"https:\/\/www.cultureireland.ie\/ga\/resources\/","og_site_name":"Culture Ireland | Cult\u00far \u00c9ireann","article_modified_time":"2024-04-23T10:31:51+00:00","og_image":[{"width":1902,"height":1122,"url":"https:\/\/www.cultureireland.ie\/wp-content\/uploads\/2024\/04\/Navy-Blue-3-Sinje-Hasheider-resized-for-website.jpg","type":"image\/jpeg"}],"twitter_card":"summary_large_image","twitter_misc":{"Est. reading time":"1 minute"},"schema":{"@context":"https:\/\/schema.org","@graph":[{"@type":"WebPage","@id":"https:\/\/www.cultureireland.ie\/ga\/resources\/","url":"https:\/\/www.cultureireland.ie\/ga\/resources\/","name":"Acmhainn\u00ed - Culture Ireland | Cult\u00far \u00c9ireann","isPartOf":{"@id":"https:\/\/www.cultureireland.ie\/#website"},"primaryImageOfPage":{"@id":"https:\/\/www.cultureireland.ie\/ga\/resources\/#primaryimage"},"image":{"@id":"https:\/\/www.cultureireland.ie\/ga\/resources\/#primaryimage"},"thumbnailUrl":"https:\/\/www.cultureireland.ie\/wp-content\/uploads\/2024\/04\/Navy-Blue-3-Sinje-Hasheider-resized-for-website.jpg","datePublished":"2020-08-25T12:44:05+00:00","dateModified":"2024-04-23T10:31:51+00:00","breadcrumb":{"@id":"https:\/\/www.cultureireland.ie\/ga\/resources\/#breadcrumb"},"inLanguage":"ga-IE","potentialAction":[{"@type":"ReadAction","target":["https:\/\/www.cultureireland.ie\/ga\/resources\/"]}]},{"@type":"ImageObject","inLanguage":"ga-IE","@id":"https:\/\/www.cultureireland.ie\/ga\/resources\/#primaryimage","url":"https:\/\/www.cultureireland.ie\/wp-content\/uploads\/2024\/04\/Navy-Blue-3-Sinje-Hasheider-resized-for-website.jpg","contentUrl":"https:\/\/www.cultureireland.ie\/wp-content\/uploads\/2024\/04\/Navy-Blue-3-Sinje-Hasheider-resized-for-website.jpg","width":1902,"height":1122,"caption":"Oona Doherty"},{"@type":"BreadcrumbList","@id":"https:\/\/www.cultureireland.ie\/ga\/resources\/#breadcrumb","itemListElement":[{"@type":"ListItem","position":1,"name":"Home","item":"https:\/\/www.cultureireland.ie\/"},{"@type":"ListItem","position":2,"name":"Acmhainn\u00ed"}]},{"@type":"WebSite","@id":"https:\/\/www.cultureireland.ie\/#website","url":"https:\/\/www.cultureireland.ie\/","name":"Culture Ireland | Cult\u00far \u00c9ireann","description":"","publisher":{"@id":"https:\/\/www.cultureireland.ie\/#organization"},"potentialAction":[{"@type":"SearchAction","target":{"@type":"EntryPoint","urlTemplate":"https:\/\/www.cultureireland.ie\/?s={search_term_string}"},"query-input":{"@type":"PropertyValueSpecification","valueRequired":true,"valueName":"search_term_string"}}],"inLanguage":"ga-IE"},{"@type":"Organization","@id":"https:\/\/www.cultureireland.ie\/#organization","name":"Culture Ireland","url":"https:\/\/www.cultureireland.ie\/","logo":{"@type":"ImageObject","inLanguage":"ga-IE","@id":"https:\/\/www.cultureireland.ie\/#\/schema\/logo\/image\/","url":"https:\/\/www.cultureireland.ie\/wp-content\/uploads\/2024\/04\/Department-Tourism.png","contentUrl":"https:\/\/www.cultureireland.ie\/wp-content\/uploads\/2024\/04\/Department-Tourism.png","width":231,"height":218,"caption":"Culture Ireland"},"image":{"@id":"https:\/\/www.cultureireland.ie\/#\/schema\/logo\/image\/"}}]}},"_links":{"self":[{"href":"https:\/\/www.cultureireland.ie\/ga\/wp-json\/wp\/v2\/pages\/2270","targetHints":{"allow":["GET"]}}],"collection":[{"href":"https:\/\/www.cultureireland.ie\/ga\/wp-json\/wp\/v2\/pages"}],"about":[{"href":"https:\/\/www.cultureireland.ie\/ga\/wp-json\/wp\/v2\/types\/page"}],"author":[{"embeddable":true,"href":"https:\/\/www.cultureireland.ie\/ga\/wp-json\/wp\/v2\/users\/1"}],"replies":[{"embeddable":true,"href":"https:\/\/www.cultureireland.ie\/ga\/wp-json\/wp\/v2\/comments?post=2270"}],"version-history":[{"count":3,"href":"https:\/\/www.cultureireland.ie\/ga\/wp-json\/wp\/v2\/pages\/2270\/revisions"}],"predecessor-version":[{"id":2381,"href":"https:\/\/www.cultureireland.ie\/ga\/wp-json\/wp\/v2\/pages\/2270\/revisions\/2381"}],"wp:featuredmedia":[{"embeddable":true,"href":"https:\/\/www.cultureireland.ie\/ga\/wp-json\/wp\/v2\/media\/2338"}],"wp:attachment":[{"href":"https:\/\/www.cultureireland.ie\/ga\/wp-json\/wp\/v2\/media?parent=2270"}],"curies":[{"name":"wp","href":"https:\/\/api.w.org\/{rel}","templated":true}]}}