{"id":2256,"date":"2021-05-20T11:13:43","date_gmt":"2021-05-20T10:13:43","guid":{"rendered":"https:\/\/www.cultureireland.ie\/reference-documents\/"},"modified":"2024-12-19T10:59:16","modified_gmt":"2024-12-19T10:59:16","slug":"reference-documents","status":"publish","type":"page","link":"https:\/\/www.cultureireland.ie\/ga\/resources\/reference-documents\/","title":{"rendered":"C\u00e1ip\u00e9is\u00ed tagartha"},"content":{"rendered":"<div style=\"position:relative;padding-top:max(60%,326px);height:0;width:100%\"><iframe allow=\"clipboard-write\" sandbox=\"allow-top-navigation allow-top-navigation-by-user-activation allow-downloads allow-scripts allow-same-origin allow-popups allow-modals allow-popups-to-escape-sandbox allow-forms\" allowfullscreen=\"true\" style=\"position:absolute;border:none;width:100%;height:100%;left:0;right:0;top:0;bottom:0;\" src=\"https:\/\/e.issuu.com\/embed.html?d=ci-showcase-programme-2025-issu_irish&#038;doAutoflipPages=true&#038;u=cultureireland\"><\/iframe><\/div>\n<h3><\/h3>\n<h3><img loading=\"lazy\" decoding=\"async\" class=\" wp-image-2899 aligncenter\" src=\"https:\/\/www.cultureireland.ie\/wp-content\/uploads\/2024\/12\/Feilire-Seothaispeantais-2025-300x213.png\" alt=\"\" width=\"1335\" height=\"948\" srcset=\"https:\/\/www.cultureireland.ie\/wp-content\/uploads\/2024\/12\/Feilire-Seothaispeantais-2025-300x213.png 300w, https:\/\/www.cultureireland.ie\/wp-content\/uploads\/2024\/12\/Feilire-Seothaispeantais-2025-1024x727.png 1024w, https:\/\/www.cultureireland.ie\/wp-content\/uploads\/2024\/12\/Feilire-Seothaispeantais-2025-768x545.png 768w, https:\/\/www.cultureireland.ie\/wp-content\/uploads\/2024\/12\/Feilire-Seothaispeantais-2025-1536x1090.png 1536w, https:\/\/www.cultureireland.ie\/wp-content\/uploads\/2024\/12\/Feilire-Seothaispeantais-2025-2048x1453.png 2048w\" sizes=\"auto, (max-width: 1335px) 100vw, 1335px\" \/><\/h3>\n<p><img loading=\"lazy\" decoding=\"async\" class=\" wp-image-2909 aligncenter\" src=\"https:\/\/www.cultureireland.ie\/wp-content\/uploads\/2024\/12\/Feilire-Feach-Anseo-2025-300x213.png\" alt=\"\" width=\"1338\" height=\"950\" srcset=\"https:\/\/www.cultureireland.ie\/wp-content\/uploads\/2024\/12\/Feilire-Feach-Anseo-2025-300x213.png 300w, https:\/\/www.cultureireland.ie\/wp-content\/uploads\/2024\/12\/Feilire-Feach-Anseo-2025-1024x727.png 1024w, https:\/\/www.cultureireland.ie\/wp-content\/uploads\/2024\/12\/Feilire-Feach-Anseo-2025-768x545.png 768w, https:\/\/www.cultureireland.ie\/wp-content\/uploads\/2024\/12\/Feilire-Feach-Anseo-2025-1536x1090.png 1536w, https:\/\/www.cultureireland.ie\/wp-content\/uploads\/2024\/12\/Feilire-Feach-Anseo-2025-2048x1453.png 2048w\" sizes=\"auto, (max-width: 1338px) 100vw, 1338px\" \/><\/p>\n<h3><a href=\"https:\/\/www.cultureireland.ie\/wp-content\/uploads\/2024\/04\/FAI-eflyer-2024.pdf\">Folk Alliance International 2024<\/a><\/h3>\n<h3><a href=\"https:\/\/www.cultureireland.ie\/wp-content\/uploads\/2024\/04\/Meet_The_Irish-New-York-2024.pdf\">Meet the Irish, New York 2024\u00a0<\/a><\/h3>\n<h3><a href=\"https:\/\/www.cultureireland.ie\/wp-content\/uploads\/2024\/04\/Strategy-Straiteis-2022-2025.pdf\">Strait\u00e9is Chult\u00far \u00c9ireann 2022\u20132025<\/a><\/h3>\n<h3><a href=\"https:\/\/www.cultureireland.ie\/wp-content\/uploads\/2024\/04\/Tradfest_2024_EFLYER.pdf\">Culture Ireland \u2013 Showcase at Tradfest<\/a><\/h3>\n<p>&nbsp;<\/p>\n<p>&nbsp;<\/p>\n<p>&nbsp;<\/p>\n","protected":false},"excerpt":{"rendered":"<p>Folk Alliance International 2024 Meet the Irish, New York 2024\u00a0 Strait\u00e9is Chult\u00far \u00c9ireann 2022\u20132025 Culture Ireland \u2013 Showcase at Tradfest &nbsp; &nbsp; &nbsp;<\/p>\n","protected":false},"author":16,"featured_media":0,"parent":2270,"menu_order":0,"comment_status":"closed","ping_status":"closed","template":"full-width.php","meta":{"_acf_changed":false,"footnotes":""},"class_list":["post-2256","page","type-page","status-publish","hentry"],"acf":[],"yoast_head":"<!-- This site is optimized with the Yoast SEO plugin v27.2 - https:\/\/yoast.com\/product\/yoast-seo-wordpress\/ -->\n<title>C\u00e1ip\u00e9is\u00ed tagartha - Culture Ireland | Cult\u00far \u00c9ireann<\/title>\n<meta name=\"robots\" content=\"index, follow, max-snippet:-1, max-image-preview:large, max-video-preview:-1\" \/>\n<link rel=\"canonical\" href=\"https:\/\/www.cultureireland.ie\/ga\/resources\/reference-documents\/\" \/>\n<meta property=\"og:locale\" content=\"ga_IE\" \/>\n<meta property=\"og:type\" content=\"article\" \/>\n<meta property=\"og:title\" content=\"C\u00e1ip\u00e9is\u00ed tagartha - Culture Ireland | Cult\u00far \u00c9ireann\" \/>\n<meta property=\"og:description\" content=\"Folk Alliance International 2024 Meet the Irish, New York 2024\u00a0 Strait\u00e9is Chult\u00far \u00c9ireann 2022\u20132025 Culture Ireland \u2013 Showcase at Tradfest &nbsp; &nbsp; &nbsp;\" \/>\n<meta property=\"og:url\" content=\"https:\/\/www.cultureireland.ie\/ga\/resources\/reference-documents\/\" \/>\n<meta property=\"og:site_name\" content=\"Culture Ireland | Cult\u00far \u00c9ireann\" \/>\n<meta property=\"article:modified_time\" content=\"2024-12-19T10:59:16+00:00\" \/>\n<meta property=\"og:image\" content=\"https:\/\/www.cultureireland.ie\/wp-content\/uploads\/2024\/12\/Feilire-Seothaispeantais-2025.png\" \/>\n\t<meta property=\"og:image:width\" content=\"2999\" \/>\n\t<meta property=\"og:image:height\" content=\"2128\" \/>\n\t<meta property=\"og:image:type\" content=\"image\/png\" \/>\n<meta name=\"twitter:card\" content=\"summary_large_image\" \/>\n<meta name=\"twitter:label1\" content=\"Est. reading time\" \/>\n\t<meta name=\"twitter:data1\" content=\"1 minute\" \/>\n<script type=\"application\/ld+json\" class=\"yoast-schema-graph\">{\"@context\":\"https:\/\/schema.org\",\"@graph\":[{\"@type\":\"WebPage\",\"@id\":\"https:\/\/www.cultureireland.ie\/ga\/resources\/reference-documents\/\",\"url\":\"https:\/\/www.cultureireland.ie\/ga\/resources\/reference-documents\/\",\"name\":\"C\u00e1ip\u00e9is\u00ed tagartha - Culture Ireland | Cult\u00far \u00c9ireann\",\"isPartOf\":{\"@id\":\"https:\/\/www.cultureireland.ie\/#website\"},\"primaryImageOfPage\":{\"@id\":\"https:\/\/www.cultureireland.ie\/ga\/resources\/reference-documents\/#primaryimage\"},\"image\":{\"@id\":\"https:\/\/www.cultureireland.ie\/ga\/resources\/reference-documents\/#primaryimage\"},\"thumbnailUrl\":\"https:\/\/www.cultureireland.ie\/wp-content\/uploads\/2024\/12\/Feilire-Seothaispeantais-2025-300x213.png\",\"datePublished\":\"2021-05-20T10:13:43+00:00\",\"dateModified\":\"2024-12-19T10:59:16+00:00\",\"breadcrumb\":{\"@id\":\"https:\/\/www.cultureireland.ie\/ga\/resources\/reference-documents\/#breadcrumb\"},\"inLanguage\":\"ga-IE\",\"potentialAction\":[{\"@type\":\"ReadAction\",\"target\":[\"https:\/\/www.cultureireland.ie\/ga\/resources\/reference-documents\/\"]}]},{\"@type\":\"ImageObject\",\"inLanguage\":\"ga-IE\",\"@id\":\"https:\/\/www.cultureireland.ie\/ga\/resources\/reference-documents\/#primaryimage\",\"url\":\"https:\/\/www.cultureireland.ie\/wp-content\/uploads\/2024\/12\/Feilire-Seothaispeantais-2025-300x213.png\",\"contentUrl\":\"https:\/\/www.cultureireland.ie\/wp-content\/uploads\/2024\/12\/Feilire-Seothaispeantais-2025-300x213.png\"},{\"@type\":\"BreadcrumbList\",\"@id\":\"https:\/\/www.cultureireland.ie\/ga\/resources\/reference-documents\/#breadcrumb\",\"itemListElement\":[{\"@type\":\"ListItem\",\"position\":1,\"name\":\"Home\",\"item\":\"https:\/\/www.cultureireland.ie\/\"},{\"@type\":\"ListItem\",\"position\":2,\"name\":\"Acmhainn\u00ed\",\"item\":\"https:\/\/www.cultureireland.ie\/ga\/resources\/\"},{\"@type\":\"ListItem\",\"position\":3,\"name\":\"C\u00e1ip\u00e9is\u00ed tagartha\"}]},{\"@type\":\"WebSite\",\"@id\":\"https:\/\/www.cultureireland.ie\/#website\",\"url\":\"https:\/\/www.cultureireland.ie\/\",\"name\":\"Culture Ireland | Cult\u00far \u00c9ireann\",\"description\":\"\",\"publisher\":{\"@id\":\"https:\/\/www.cultureireland.ie\/#organization\"},\"potentialAction\":[{\"@type\":\"SearchAction\",\"target\":{\"@type\":\"EntryPoint\",\"urlTemplate\":\"https:\/\/www.cultureireland.ie\/?s={search_term_string}\"},\"query-input\":{\"@type\":\"PropertyValueSpecification\",\"valueRequired\":true,\"valueName\":\"search_term_string\"}}],\"inLanguage\":\"ga-IE\"},{\"@type\":\"Organization\",\"@id\":\"https:\/\/www.cultureireland.ie\/#organization\",\"name\":\"Culture Ireland\",\"url\":\"https:\/\/www.cultureireland.ie\/\",\"logo\":{\"@type\":\"ImageObject\",\"inLanguage\":\"ga-IE\",\"@id\":\"https:\/\/www.cultureireland.ie\/#\/schema\/logo\/image\/\",\"url\":\"https:\/\/www.cultureireland.ie\/wp-content\/uploads\/2024\/04\/Department-Tourism.png\",\"contentUrl\":\"https:\/\/www.cultureireland.ie\/wp-content\/uploads\/2024\/04\/Department-Tourism.png\",\"width\":231,\"height\":218,\"caption\":\"Culture Ireland\"},\"image\":{\"@id\":\"https:\/\/www.cultureireland.ie\/#\/schema\/logo\/image\/\"}}]}<\/script>\n<!-- \/ Yoast SEO plugin. -->","yoast_head_json":{"title":"C\u00e1ip\u00e9is\u00ed tagartha - Culture Ireland | Cult\u00far \u00c9ireann","robots":{"index":"index","follow":"follow","max-snippet":"max-snippet:-1","max-image-preview":"max-image-preview:large","max-video-preview":"max-video-preview:-1"},"canonical":"https:\/\/www.cultureireland.ie\/ga\/resources\/reference-documents\/","og_locale":"ga_IE","og_type":"article","og_title":"C\u00e1ip\u00e9is\u00ed tagartha - Culture Ireland | Cult\u00far \u00c9ireann","og_description":"Folk Alliance International 2024 Meet the Irish, New York 2024\u00a0 Strait\u00e9is Chult\u00far \u00c9ireann 2022\u20132025 Culture Ireland \u2013 Showcase at Tradfest &nbsp; &nbsp; &nbsp;","og_url":"https:\/\/www.cultureireland.ie\/ga\/resources\/reference-documents\/","og_site_name":"Culture Ireland | Cult\u00far \u00c9ireann","article_modified_time":"2024-12-19T10:59:16+00:00","og_image":[{"width":2999,"height":2128,"url":"https:\/\/www.cultureireland.ie\/wp-content\/uploads\/2024\/12\/Feilire-Seothaispeantais-2025.png","type":"image\/png"}],"twitter_card":"summary_large_image","twitter_misc":{"Est. reading time":"1 minute"},"schema":{"@context":"https:\/\/schema.org","@graph":[{"@type":"WebPage","@id":"https:\/\/www.cultureireland.ie\/ga\/resources\/reference-documents\/","url":"https:\/\/www.cultureireland.ie\/ga\/resources\/reference-documents\/","name":"C\u00e1ip\u00e9is\u00ed tagartha - Culture Ireland | Cult\u00far \u00c9ireann","isPartOf":{"@id":"https:\/\/www.cultureireland.ie\/#website"},"primaryImageOfPage":{"@id":"https:\/\/www.cultureireland.ie\/ga\/resources\/reference-documents\/#primaryimage"},"image":{"@id":"https:\/\/www.cultureireland.ie\/ga\/resources\/reference-documents\/#primaryimage"},"thumbnailUrl":"https:\/\/www.cultureireland.ie\/wp-content\/uploads\/2024\/12\/Feilire-Seothaispeantais-2025-300x213.png","datePublished":"2021-05-20T10:13:43+00:00","dateModified":"2024-12-19T10:59:16+00:00","breadcrumb":{"@id":"https:\/\/www.cultureireland.ie\/ga\/resources\/reference-documents\/#breadcrumb"},"inLanguage":"ga-IE","potentialAction":[{"@type":"ReadAction","target":["https:\/\/www.cultureireland.ie\/ga\/resources\/reference-documents\/"]}]},{"@type":"ImageObject","inLanguage":"ga-IE","@id":"https:\/\/www.cultureireland.ie\/ga\/resources\/reference-documents\/#primaryimage","url":"https:\/\/www.cultureireland.ie\/wp-content\/uploads\/2024\/12\/Feilire-Seothaispeantais-2025-300x213.png","contentUrl":"https:\/\/www.cultureireland.ie\/wp-content\/uploads\/2024\/12\/Feilire-Seothaispeantais-2025-300x213.png"},{"@type":"BreadcrumbList","@id":"https:\/\/www.cultureireland.ie\/ga\/resources\/reference-documents\/#breadcrumb","itemListElement":[{"@type":"ListItem","position":1,"name":"Home","item":"https:\/\/www.cultureireland.ie\/"},{"@type":"ListItem","position":2,"name":"Acmhainn\u00ed","item":"https:\/\/www.cultureireland.ie\/ga\/resources\/"},{"@type":"ListItem","position":3,"name":"C\u00e1ip\u00e9is\u00ed tagartha"}]},{"@type":"WebSite","@id":"https:\/\/www.cultureireland.ie\/#website","url":"https:\/\/www.cultureireland.ie\/","name":"Culture Ireland | Cult\u00far \u00c9ireann","description":"","publisher":{"@id":"https:\/\/www.cultureireland.ie\/#organization"},"potentialAction":[{"@type":"SearchAction","target":{"@type":"EntryPoint","urlTemplate":"https:\/\/www.cultureireland.ie\/?s={search_term_string}"},"query-input":{"@type":"PropertyValueSpecification","valueRequired":true,"valueName":"search_term_string"}}],"inLanguage":"ga-IE"},{"@type":"Organization","@id":"https:\/\/www.cultureireland.ie\/#organization","name":"Culture Ireland","url":"https:\/\/www.cultureireland.ie\/","logo":{"@type":"ImageObject","inLanguage":"ga-IE","@id":"https:\/\/www.cultureireland.ie\/#\/schema\/logo\/image\/","url":"https:\/\/www.cultureireland.ie\/wp-content\/uploads\/2024\/04\/Department-Tourism.png","contentUrl":"https:\/\/www.cultureireland.ie\/wp-content\/uploads\/2024\/04\/Department-Tourism.png","width":231,"height":218,"caption":"Culture Ireland"},"image":{"@id":"https:\/\/www.cultureireland.ie\/#\/schema\/logo\/image\/"}}]}},"_links":{"self":[{"href":"https:\/\/www.cultureireland.ie\/ga\/wp-json\/wp\/v2\/pages\/2256","targetHints":{"allow":["GET"]}}],"collection":[{"href":"https:\/\/www.cultureireland.ie\/ga\/wp-json\/wp\/v2\/pages"}],"about":[{"href":"https:\/\/www.cultureireland.ie\/ga\/wp-json\/wp\/v2\/types\/page"}],"author":[{"embeddable":true,"href":"https:\/\/www.cultureireland.ie\/ga\/wp-json\/wp\/v2\/users\/16"}],"replies":[{"embeddable":true,"href":"https:\/\/www.cultureireland.ie\/ga\/wp-json\/wp\/v2\/comments?post=2256"}],"version-history":[{"count":7,"href":"https:\/\/www.cultureireland.ie\/ga\/wp-json\/wp\/v2\/pages\/2256\/revisions"}],"predecessor-version":[{"id":2921,"href":"https:\/\/www.cultureireland.ie\/ga\/wp-json\/wp\/v2\/pages\/2256\/revisions\/2921"}],"up":[{"embeddable":true,"href":"https:\/\/www.cultureireland.ie\/ga\/wp-json\/wp\/v2\/pages\/2270"}],"wp:attachment":[{"href":"https:\/\/www.cultureireland.ie\/ga\/wp-json\/wp\/v2\/media?parent=2256"}],"curies":[{"name":"wp","href":"https:\/\/api.w.org\/{rel}","templated":true}]}}