{"id":2212,"date":"2020-08-13T09:31:40","date_gmt":"2020-08-13T08:31:40","guid":{"rendered":"https:\/\/www.cultureireland.ie\/maoinithe\/how-to-draw-down-your-grant\/"},"modified":"2024-04-26T13:07:42","modified_gmt":"2024-04-26T12:07:42","slug":"how-to-draw-down-your-grant","status":"publish","type":"page","link":"https:\/\/www.cultureireland.ie\/ga\/maoinithe\/how-to-draw-down-your-grant\/","title":{"rendered":"An deontas a tharraingt anuas"},"content":{"rendered":"<p><strong>Sainmh\u00ednithe <\/strong><\/p>\n<p>Is \u00e9 is ciall le \u2018<strong>Deontas<\/strong>\u2019 maoini\u00fa a bhronnann Cult\u00far \u00c9ireann ar eagra\u00edochta\u00ed eala\u00edon,<br \/>\neala\u00edont\u00f3ir\u00ed n\u00f3 gr\u00fapa\u00ed at\u00e1 ag obair leis na heala\u00edona a bhfuil s\u00e9 mar chusp\u00f3ir acu<br \/>\neala\u00edona na h\u00c9ireann a chur chun cinn ar fud an domhain<br \/>\nIs \u00e9 is ciall le \u2018<strong>Deonta\u00ed<\/strong>\u2019 an t\u00e9 a fhaigheann maoini\u00fa \u00f3 Chult\u00far \u00c9ireann<br \/>\nIs \u00e9 is ciall le \u2018<strong>Imeacht<\/strong>\u2019 an t-imeacht, camchuairt, tionscadal n\u00f3 taispe\u00e1ntas lena bhfuil<br \/>\nDeontas ag tac\u00fa<\/p>\n<p>&nbsp;<\/p>\n<p>&nbsp;<\/p>\n<h3>Coinn\u00edollacha a bhaineann le Deontas a tharraingt anuas<\/h3>\n<p>&nbsp;<\/p>\n<h3>1. Deontas a Tharraingt Anuas<\/h3>\n<p>N\u00ed m\u00f3r clo\u00ed leis na n\u00f3sanna imeachta seo a leanas agus deontas \u00e1 tharraingt anuas. Mura gclo\u00edtear leo, b\u2019fh\u00e9idir go mbeadh moill ann deontas a \u00edoc agus\/n\u00f3 go<br \/>\ndtarraingeofa\u00ed an deontas siar. Caithfidh deontaithe an tarraingt anuas a bhainisti\u00fa iad f\u00e9in agus, mar chuid de sin, admh\u00e1lacha agus aon doicim\u00e9id eile a chur mar r\u00edomhphost chuig<br \/>\ngrants@cultureireland.gov.ie ach amh\u00e1in m\u00e1 deirtear leo rud \u00e9igin eile a dh\u00e9anamh.<\/p>\n<p>&nbsp;<\/p>\n<p>&nbsp;<\/p>\n<h3>2. \u00cdoca\u00edocht<\/h3>\n<p>N\u00ed \u00edocfar deontais ach go d\u00edreach i gcuntas bainc a bhfuil ainm an deonta\u00ed air. N\u00ed dh\u00e9anfar \u00edoca\u00edocht le haon tr\u00ed\u00fa p\u00e1irtithe. \u00das\u00e1idfear r\u00edomhaistri\u00fa airgid leis an<br \/>\n\u00edoca\u00edocht a dh\u00e9anamh. Caithfidh gach deonta\u00ed <a href=\"https:\/\/www.cultureireland.ie\/wp-content\/uploads\/2024\/04\/Bank-Mandate.doc\">Sainord\u00fa Bainc<\/a> a chur isteach roimh \u00e9ileamh a chur isteach (ach amh\u00e1in m\u00e1 fuarthas \u00edoca\u00edocht roimhe seo \u00f3 Chult\u00far<br \/>\n\u00c9ireann chuig an gcuntas bainc c\u00e9anna). N\u00ed f\u00e9idir \u00edoca\u00edocht a dh\u00e9anamh ach le cuntais bhainc at\u00e1 in ann glacadh le haistri\u00fa in Euro. T\u00e1 an deonta\u00ed f\u00e9in freagrach as<br \/>\na dheimhni\u00fa go bhfuil an banc in ann glacadh le h\u00edoca\u00edochta\u00ed in Euro.<\/p>\n<p>&nbsp;<\/p>\n<h3>3. Sonra\u00ed C\u00e1nach<\/h3>\n<p>Caithfidh deontaithe comhartha aitheantais bail\u00ed c\u00e1nach a thabhairt ar an bhFoirm Sonra\u00ed Bainc agus ar an iarratas ar l\u00edne.<br \/>\nN\u00ed m\u00f3r na doicim\u00e9id seo a leanas a chur ar f\u00e1il chomh maith ag brath ar ch\u00fains\u00ed an iarratas\u00f3ra:<\/p>\n<p>&nbsp;<\/p>\n<p>&nbsp;<\/p>\n<ul>\n<li>\u00a0i gc\u00e1s cuideachta\u00ed at\u00e1 lonnaithe in \u00c9irinn \u2013 gabh\u00e1il sc\u00e1ile\u00e1in \u00f3 chuntas ar l\u00edne na<br \/>\ngCoimisin\u00e9ir\u00ed Ioncaim a thaispe\u00e1nann sonra\u00ed cl\u00e1r\u00fach\u00e1in c\u00e1nach (CA agus an cine\u00e1l<br \/>\nc\u00e1nach); leis sin a dh\u00e9anamh, beidh orthu:i.\u00a0 \u00a0\u00a0 Log\u00e1il isteach in ROS<br \/>\nii.\u00a0 \u00a0 Lean\u00faint ar aghaidh go dt\u00ed an t\u00e1b \u201cTaifead na gCoimisin\u00e9ir\u00ed Ioncaim\u201d ag barr an<br \/>\nleathanaigh<br \/>\niii.\u00a0\u00a0 Ar an leathanach \u201cTaifead na gCoimisin\u00e9ir\u00ed Ioncaim\u201d ar thaobh na l\u00e1imhe cl\u00e9,<br \/>\n\u201cSonra\u00ed Cl\u00e1r\u00fach\u00e1in\u201d a roghn\u00fa<br \/>\nMura dtaispe\u00e1ntar an cine\u00e1l c\u00e1nach (C\u00e1in Chorpar\u00e1ideach\/C\u00e1in Ioncaim) ar an<br \/>\nsc\u00e1ile\u00e1n seo, caithfear c\u00f3ip de dhoicim\u00e9ad oifigi\u00fail \u00f3 na Coimisin\u00e9ir\u00ed Ioncaim a chur<br \/>\nar f\u00e1il ina ionad sin ar a dtugtar Ainm, Aitheantas C\u00e1nach agus Cine\u00e1l C\u00e1nach na<br \/>\ncuideachta.<br \/>\n<strong>\u2022<\/strong>\u00a0 i gc\u00e1s daoine at\u00e1 lonnaithe in \u00c9irinn agus at\u00e1 f\u00e9infhostaithe n\u00f3 a dh\u00e9anann f\u00e9inmheas\u00fan\u00fa c\u00e1nach \u2013 c\u00f3ip d\u2019fhoirm an Fh\u00e9inmheas\u00fanaithe ar a dtugtar ainm,<br \/>\nuimhir cl\u00e1raithe c\u00e1nach agus aicme c\u00e1nach ioncaim an duine<\/p>\n<p><strong>\u2022 <\/strong>i gc\u00e1s fostaithe at\u00e1 lonnaithe in \u00c9irinn \u2013 c\u00f3ip\/gabh\u00e1il sc\u00e1ile\u00e1in de Dheimhni\u00fa Creidmheasanna C\u00e1nach ar a dtugtar uimhir PSP agus ainm an duine (gheofar \u00e9 sin<br \/>\nar Ros.ie\/myaccounts\/mydocuments)<\/p>\n<p><strong>\u2022<\/strong>\u00a0 i gc\u00e1s deontaithe eachtracha nach bhfuil ina gc\u00f3na\u00ed in \u00c9irinn (m\u00e1 t\u00e1 siad cl\u00e1raithe le haghaidh ch\u00e1in \u00c9ireannach n\u00f3 nach bhfuil) \u2013 deimhni\u00fa ar aitheantas eachtrach<br \/>\nc\u00e1nach (i.e. doicim\u00e9ad oifigi\u00fail \u00f3 na h\u00fadar\u00e1is eachtracha chu\u00ed ch\u00e1nach)<\/li>\n<\/ul>\n<p>&nbsp;<\/p>\n<p>* I gc\u00e1s go bhfuil \u00edoca\u00ed i ndiaidh \u00edoca\u00edochta\u00ed de \u20ac10,000 n\u00f3 os a chionn a fh\u00e1il \u00f3 chist\u00edpoibl\u00ed taobh istigh de thr\u00e9imhse 12 mh\u00ed gan bhriseadh, beidh r\u00edomh-imr\u00e9iteach<br \/>\nc\u00e1nach ag teast\u00e1il chomh maith. Ba ch\u00f3ir do dheontaithe at\u00e1 lonnaithe in \u00c9irinn seirbh\u00eds\u00ed ar l\u00edne na gCoimisin\u00e9ir\u00ed Ioncaim (ROS) a \u00fas\u00e1id n\u00f3 teagmh\u00e1il a dh\u00e9anamh leis an oifig c\u00e1nach \u00e1iti\u00fail acu f\u00e9in<br \/>\nchun iarratas a dh\u00e9anamh ar r\u00edomh-imr\u00e9iteach c\u00e1nach. Is f\u00e9idir le hiarratas\u00f3ir\u00ed nach bhfuil c\u00f3na\u00ed orthu in \u00c9irinn an c\u00f3ras le haghaidh R\u00edomh-Imr\u00e9iteach C\u00e1nach (eTC) a<br \/>\n\u00fas\u00e1id chun r\u00edomh-imr\u00e9iteach c\u00e1nach a lorg (m\u00e1 t\u00e1 siad cl\u00e1raithe le haghaidh c\u00e1in \u00c9ireannach), n\u00f3 Foirm TC1 a chomhl\u00e1n\u00fa agus a chur chuig<br \/>\nnonrestaxclearance@revenue.ie (mura bhfuil siad cl\u00e1raithe le haghaidh c\u00e1in \u00c9ireannach). T\u00e1 tuilleadh eolais ar f\u00e1il anseo.<\/p>\n<p>&nbsp;<\/p>\n<p>M\u00e1s bainteach, caithfidh deontaithe Uimhir Rochtana Imr\u00e9itigh C\u00e1nach (TCAN) a chur ar f\u00e1il, mar aon le UPSP\/uimhir thagartha, a fh\u00e1gann go mbeidh Cult\u00far \u00c9ireann<br \/>\nin ann st\u00e1das c\u00e1nach deonta\u00ed a dheimhni\u00fa ar ROS nuair a bheidh an \u00edoca\u00edocht le h\u00fadar\u00fa. Gintear an TCAN nuair a dh\u00e9anann t\u00fa iarratas ar r\u00edomh-imr\u00e9iteach c\u00e1nach.<\/p>\n<p><strong>Gn\u00e1s nua maidir le R\u00e9amh\u00edoca\u00edocht<\/strong><br \/>\nMar is eol do chuid agaibh, in amanna d\u2019fh\u00e9adfadh s\u00e9 go mbeadh \u00edoca\u00edocht roimh r\u00e9 suas le 30% de dheontais ar f\u00e1il, \u00e9 sin ag brath ar acmhainn\u00ed a bheith ar f\u00e1il, mar<br \/>\nfhreagairt ar an mboilsci\u00fa suntasach at\u00e1 ann agus mar iarracht le go mbeidh teacht n\u00edos \u00e9asca ag eala\u00edont\u00f3ir\u00ed agus eagra\u00edochta\u00ed eala\u00edon \u00c9ireannacha ar shruthanna<br \/>\nmaoinithe Chult\u00far \u00c9ireann. N\u00edl maoini\u00fa roimh r\u00e9 ar f\u00e1il ach sa tr\u00e9imhse s\u00e9 mh\u00ed roimh an imeacht. M\u00e1s mian leat iarratas a dh\u00e9anamh ar \u00edoca\u00edocht roimh r\u00e9 suas le<br \/>\n30% den deontas, l\u00edon an t\u00e1bla seo a leanas agus cuir ar ais chuig grants@cultureireland.gov.ie \u00e9, uimhir an iarratais \u00e1 lua. B\u00ed cinnte freagra a<br \/>\nthabhairt ar gach ceist.<br \/>\n1. Luaigh an Uimhir Thagartha don Deontas<br \/>\n2. Deimhnigh an m\u00e9id is mian leat iarratas a dh\u00e9anamh lena tharraingt anuas roimh<br \/>\nr\u00e9 (30% den tairiscint deontais ar a mh\u00e9ad)<br \/>\n3. Tabhair na c\u00faiseanna a bhfuil \u00edoca\u00edocht roimh r\u00e9 \u00e1 lorg (tabhair sonra\u00ed maidir le<br \/>\ncostais a chl\u00fad\u00f3fa\u00ed leis an \u00edoca\u00edocht roimh r\u00e9 seo, m\u00e1s f\u00e9idir).<br \/>\n4. Deimhnigh go bhfuil an t-imeacht lena mbaineann an deontas seo le dul ar<br \/>\naghaidh, go bhfios duit. (Mura dt\u00e9ann an t-imeacht ar aghaidh i gc\u00e1s gur cuireadh<br \/>\nmaoini\u00fa roimh r\u00e9 ar f\u00e1il, b\u2019fh\u00e9idir go mbeadh an maoini\u00fa sin le h\u00edoc ar ais le Cult\u00far<br \/>\n\u00c9ireann n\u00f3 go mbainf\u00ed \u00e9 \u00f3 dheontais amach anseo).<\/p>\n<p>&nbsp;<\/p>\n<h3>4. D\u00e1ta don tarraingt anuas<\/h3>\n<p>N\u00ed m\u00f3r an deontas a \u00e9ileamh am \u00e9igin sa tr\u00e9imhse S\u00c9 SEACHTAINE i ndiaidh an imeachta. N\u00ed f\u00e9idir a dheimhni\u00fa go nd\u00e9anfar \u00edoca\u00edocht mura nd\u00e9anann t\u00fa \u00e9ileamh<br \/>\nroimh an spriocdh\u00e1ta seo. Aon suimeanna airgid nach nd\u00e9antar \u00e9ileamh orthu sa tr\u00e9imhse 12 mh\u00ed tar \u00e9is an imeachta, tarraingeofar siar iad.<br \/>\nN\u00ed \u00edocfaidh Cult\u00far \u00c9ireann deontais roimh an imeacht. Is \u00e9 an 15 Samhain an spriocdh\u00e1ta in aon bhliain f\u00e9ilire chun \u00e9ilimh ar \u00edoca\u00edocht a<br \/>\nchur isteach. M\u00e1 chuirtear \u00e9ilimh isteach i ndiaidh an d\u00e1ta sin, b\u2019fh\u00e9idir go mbeadh moill ann iad a phr\u00f3ise\u00e1il go dt\u00ed m\u00ed Ean\u00e1ir den bhliain d\u00e1r gcionn.<\/p>\n<p>&nbsp;<\/p>\n<p>&nbsp;<\/p>\n<h3>5. Cruth\u00fanas ar \u00cdoca\u00edocht<\/h3>\n<p>Is g\u00e1 c\u00f3ipeanna scanta de bhunch\u00f3ipeanna d\u2019admh\u00e1lacha n\u00f3 fianaise ar \u00edoca\u00edocht suas go luach an deontais a chur isteach leis an deontas a \u00e9ileamh. M\u00e1s i dteanga seachas<br \/>\nGaeilge n\u00f3 B\u00e9arla at\u00e1 aon admh\u00e1lacha n\u00f3 cruth\u00fanas eile ar \u00edoca\u00edocht, caithfear iad a aistri\u00fa sula gcuirtear isteach iad. Caithfidh d\u00e1ta na hadmh\u00e1la n\u00f3 an chruth\u00fanais ar<br \/>\n\u00edoca\u00edocht agus m\u00e9id at\u00e1 \u00e1 \u00e9ileamh a bheith le feice\u00e1il go soil\u00e9ir n\u00f3 di\u00falt\u00f3far don doicim\u00e9ad gan cheist.<br \/>\nT\u00e1 s\u00e9 de cheart ag Cult\u00far \u00c9ireann admh\u00e1lacha a dhi\u00falt\u00fa agus\/n\u00f3 bunch\u00f3ipeanna d\u2019admh\u00e1lacha n\u00f3 d\u2019aon chruth\u00fanas eile ar \u00edoca\u00edocht a \u00e9ileamh.Maidir le hadmh\u00e1lacha n\u00f3 cruth\u00fanas ar \u00edoca\u00edocht a \u00fas\u00e1idtear chun tac\u00fa leat i dtarraingt anuas an deontais, n\u00ed f\u00e9idir a leith\u00e9id a \u00fas\u00e1id chun tac\u00fa leat \u00e9ileamh eile<br \/>\na dh\u00e9anamh ar Chult\u00far \u00c9ireann n\u00f3 ar ais\u00edoca\u00edocht \u00f3 aon mhaoinitheoir eile<\/p>\n<p>&nbsp;<\/p>\n<p>&nbsp;<\/p>\n<h3>6. \u00c9ilimh in airgeadra seachas Euro<\/h3>\n<p>Caithfidh deontaithe r\u00e1ta malairte an Euro a bh\u00ed i gceist ar l\u00e1 an idirbhirt (i.e. an d\u00e1ta ar cheannaigh t\u00fa tic\u00e9ad aerl\u00edne n\u00f3 ar chuir t\u00fa l\u00f3ist\u00edn in \u00e1irithe). Seans go<br \/>\nmbeadh tiontaire stairi\u00fail airgeadra mar <a href=\"https:\/\/fxtop.com\/en\/historical-currency-converter.php?A=18.73&amp;C1=USD&amp;C2=EUR&amp;DD=17&amp;MM=03&amp;YYYY=2022&amp;B=1&amp;P=&amp;I=1&amp;btnOK=Go%21\">fxtop.com<\/a> \u00e1isi\u00fail sa ch\u00e1s sin<\/p>\n<p>&nbsp;<\/p>\n<h3>7. Summary Expenditure Sheet<\/h3>\n<p>N\u00ed m\u00f3r Bileog Chaiteachais Achomair a chur isteach leis an gcruth\u00fanas ar \u00edoca\u00edocht.<\/p>\n<p>&nbsp;<\/p>\n<h3>8. Online Report Form<\/h3>\n<p>Caithfidh deontaithe Foirm Thuairisce ar l\u00edne a \u00fas\u00e1id chun athbhreithni\u00fa a dh\u00e9anamh i ndiaidh an imeachta agus \u00e9ileamh a dh\u00e9anamh chun deontas a<br \/>\ntharraingt anuas. T\u00e1 na teimpl\u00e9id seo a leanas le haghaidh tuairisc\u00ed le f\u00e1il ar an su\u00edomh gr\u00e9as\u00e1in seo.<\/p>\n<p>&nbsp;<\/p>\n<p>Babhta Deontais: foirm thuairisce<br \/>\nSe\u00f3thaispe\u00e1ntas\/Toscaire: foirm thuairisce<br \/>\nF\u00e9ach Anseo: foirm thuairisce<\/p>\n<p>&nbsp;<\/p>\n<p>&nbsp;<\/p>\n<h3>9. Contact Details<\/h3>\n<p>Ba cheart gach ceist maidir le deontais a chur ar an r\u00edomhphost chuig <a href=\"mailto:grants@cultureireland.gov.ie\">grants@cultureireland.gov.ie<\/a> (tabhair uimhir thagartha an deontais i l\u00edne an \u00e1bhair)<\/p>\n<h4><\/h4>\n<p><strong>T\u00e1 s\u00e9 de cheart ag Cult\u00far \u00c9ireann aon cheann de na t\u00e9arma\u00ed agus coinn\u00edollacha thuas a ligean ar leataobh n\u00f3 a athr\u00fa.<\/strong><\/p>\n<p><strong>\u00a0<\/strong><\/p>\n<p><a href=\"https:\/\/www.cultureireland.ie\/downloads-public\/Bank_Mandate_form_to_use_2.doc\">Download Bank Mandate Form (WORD)<\/a><\/p>\n<p><a href=\"https:\/\/www.cultureireland.ie\/downloads-public\/Culture_Ireland_Summary_Expenditure_Sheet_3.xlsx\">Download Summary Expenditure Sheet (Excel)<\/a><\/p>\n","protected":false},"excerpt":{"rendered":"<p>Sainmh\u00ednithe Is \u00e9 is ciall le \u2018Deontas\u2019 maoini\u00fa a bhronnann Cult\u00far \u00c9ireann ar eagra\u00edochta\u00ed eala\u00edon, eala\u00edont\u00f3ir\u00ed n\u00f3 gr\u00fapa\u00ed at\u00e1 ag obair leis na heala\u00edona a bhfuil s\u00e9 mar chusp\u00f3ir acu eala\u00edona na h\u00c9ireann a chur chun cinn ar fud an domhain Is \u00e9 is ciall le \u2018Deonta\u00ed\u2019 an t\u00e9 a fhaigheann maoini\u00fa \u00f3 Chult\u00far \u00c9ireann&#8230; <\/p>\n","protected":false},"author":1,"featured_media":2007,"parent":2203,"menu_order":12,"comment_status":"closed","ping_status":"closed","template":"full-width.php","meta":{"_acf_changed":false,"footnotes":""},"class_list":["post-2212","page","type-page","status-publish","has-post-thumbnail","hentry"],"acf":[],"yoast_head":"<!-- This site is optimized with the Yoast SEO plugin v27.2 - https:\/\/yoast.com\/product\/yoast-seo-wordpress\/ -->\n<title>An deontas a tharraingt anuas - Culture Ireland | Cult\u00far \u00c9ireann<\/title>\n<meta name=\"robots\" content=\"index, follow, max-snippet:-1, max-image-preview:large, max-video-preview:-1\" \/>\n<link rel=\"canonical\" href=\"https:\/\/www.cultureireland.ie\/funding\/how-to-draw-down-your-funding\/\" \/>\n<meta property=\"og:locale\" content=\"ga_IE\" \/>\n<meta property=\"og:type\" content=\"article\" \/>\n<meta property=\"og:title\" content=\"An deontas a tharraingt anuas - Culture Ireland | Cult\u00far \u00c9ireann\" \/>\n<meta property=\"og:description\" content=\"Sainmh\u00ednithe Is \u00e9 is ciall le \u2018Deontas\u2019 maoini\u00fa a bhronnann Cult\u00far \u00c9ireann ar eagra\u00edochta\u00ed eala\u00edon, eala\u00edont\u00f3ir\u00ed n\u00f3 gr\u00fapa\u00ed at\u00e1 ag obair leis na heala\u00edona a bhfuil s\u00e9 mar chusp\u00f3ir acu eala\u00edona na h\u00c9ireann a chur chun cinn ar fud an domhain Is \u00e9 is ciall le \u2018Deonta\u00ed\u2019 an t\u00e9 a fhaigheann maoini\u00fa \u00f3 Chult\u00far \u00c9ireann...\" \/>\n<meta property=\"og:url\" content=\"https:\/\/www.cultureireland.ie\/funding\/how-to-draw-down-your-funding\/\" \/>\n<meta property=\"og:site_name\" content=\"Culture Ireland | Cult\u00far \u00c9ireann\" \/>\n<meta property=\"article:modified_time\" content=\"2024-04-26T12:07:42+00:00\" \/>\n<meta property=\"og:image\" content=\"https:\/\/www.cultureireland.ie\/wp-content\/uploads\/2021\/05\/1400x544_Redemption-of-a-Rogue-Stills.png\" \/>\n\t<meta property=\"og:image:width\" content=\"1400\" \/>\n\t<meta property=\"og:image:height\" content=\"544\" \/>\n\t<meta property=\"og:image:type\" content=\"image\/png\" \/>\n<meta name=\"twitter:card\" content=\"summary_large_image\" \/>\n<meta name=\"twitter:label1\" content=\"Est. reading time\" \/>\n\t<meta name=\"twitter:data1\" content=\"6 minutes\" \/>\n<script type=\"application\/ld+json\" class=\"yoast-schema-graph\">{\"@context\":\"https:\/\/schema.org\",\"@graph\":[{\"@type\":\"WebPage\",\"@id\":\"https:\/\/www.cultureireland.ie\/funding\/how-to-draw-down-your-funding\/\",\"url\":\"https:\/\/www.cultureireland.ie\/funding\/how-to-draw-down-your-funding\/\",\"name\":\"An deontas a tharraingt anuas - Culture Ireland | Cult\u00far \u00c9ireann\",\"isPartOf\":{\"@id\":\"https:\/\/www.cultureireland.ie\/#website\"},\"primaryImageOfPage\":{\"@id\":\"https:\/\/www.cultureireland.ie\/funding\/how-to-draw-down-your-funding\/#primaryimage\"},\"image\":{\"@id\":\"https:\/\/www.cultureireland.ie\/funding\/how-to-draw-down-your-funding\/#primaryimage\"},\"thumbnailUrl\":\"https:\/\/www.cultureireland.ie\/wp-content\/uploads\/2021\/05\/1400x544_Redemption-of-a-Rogue-Stills.png\",\"datePublished\":\"2020-08-13T08:31:40+00:00\",\"dateModified\":\"2024-04-26T12:07:42+00:00\",\"breadcrumb\":{\"@id\":\"https:\/\/www.cultureireland.ie\/funding\/how-to-draw-down-your-funding\/#breadcrumb\"},\"inLanguage\":\"ga-IE\",\"potentialAction\":[{\"@type\":\"ReadAction\",\"target\":[\"https:\/\/www.cultureireland.ie\/funding\/how-to-draw-down-your-funding\/\"]}]},{\"@type\":\"ImageObject\",\"inLanguage\":\"ga-IE\",\"@id\":\"https:\/\/www.cultureireland.ie\/funding\/how-to-draw-down-your-funding\/#primaryimage\",\"url\":\"https:\/\/www.cultureireland.ie\/wp-content\/uploads\/2021\/05\/1400x544_Redemption-of-a-Rogue-Stills.png\",\"contentUrl\":\"https:\/\/www.cultureireland.ie\/wp-content\/uploads\/2021\/05\/1400x544_Redemption-of-a-Rogue-Stills.png\",\"width\":1400,\"height\":544},{\"@type\":\"BreadcrumbList\",\"@id\":\"https:\/\/www.cultureireland.ie\/funding\/how-to-draw-down-your-funding\/#breadcrumb\",\"itemListElement\":[{\"@type\":\"ListItem\",\"position\":1,\"name\":\"Home\",\"item\":\"https:\/\/www.cultureireland.ie\/\"},{\"@type\":\"ListItem\",\"position\":2,\"name\":\"Maoinithe\",\"item\":\"https:\/\/www.cultureireland.ie\/funding\/\"},{\"@type\":\"ListItem\",\"position\":3,\"name\":\"An deontas a tharraingt anuas\"}]},{\"@type\":\"WebSite\",\"@id\":\"https:\/\/www.cultureireland.ie\/#website\",\"url\":\"https:\/\/www.cultureireland.ie\/\",\"name\":\"Culture Ireland | Cult\u00far \u00c9ireann\",\"description\":\"\",\"publisher\":{\"@id\":\"https:\/\/www.cultureireland.ie\/#organization\"},\"potentialAction\":[{\"@type\":\"SearchAction\",\"target\":{\"@type\":\"EntryPoint\",\"urlTemplate\":\"https:\/\/www.cultureireland.ie\/?s={search_term_string}\"},\"query-input\":{\"@type\":\"PropertyValueSpecification\",\"valueRequired\":true,\"valueName\":\"search_term_string\"}}],\"inLanguage\":\"ga-IE\"},{\"@type\":\"Organization\",\"@id\":\"https:\/\/www.cultureireland.ie\/#organization\",\"name\":\"Culture Ireland\",\"url\":\"https:\/\/www.cultureireland.ie\/\",\"logo\":{\"@type\":\"ImageObject\",\"inLanguage\":\"ga-IE\",\"@id\":\"https:\/\/www.cultureireland.ie\/#\/schema\/logo\/image\/\",\"url\":\"https:\/\/www.cultureireland.ie\/wp-content\/uploads\/2024\/04\/Department-Tourism.png\",\"contentUrl\":\"https:\/\/www.cultureireland.ie\/wp-content\/uploads\/2024\/04\/Department-Tourism.png\",\"width\":231,\"height\":218,\"caption\":\"Culture Ireland\"},\"image\":{\"@id\":\"https:\/\/www.cultureireland.ie\/#\/schema\/logo\/image\/\"}}]}<\/script>\n<!-- \/ Yoast SEO plugin. -->","yoast_head_json":{"title":"An deontas a tharraingt anuas - Culture Ireland | Cult\u00far \u00c9ireann","robots":{"index":"index","follow":"follow","max-snippet":"max-snippet:-1","max-image-preview":"max-image-preview:large","max-video-preview":"max-video-preview:-1"},"canonical":"https:\/\/www.cultureireland.ie\/funding\/how-to-draw-down-your-funding\/","og_locale":"ga_IE","og_type":"article","og_title":"An deontas a tharraingt anuas - Culture Ireland | Cult\u00far \u00c9ireann","og_description":"Sainmh\u00ednithe Is \u00e9 is ciall le \u2018Deontas\u2019 maoini\u00fa a bhronnann Cult\u00far \u00c9ireann ar eagra\u00edochta\u00ed eala\u00edon, eala\u00edont\u00f3ir\u00ed n\u00f3 gr\u00fapa\u00ed at\u00e1 ag obair leis na heala\u00edona a bhfuil s\u00e9 mar chusp\u00f3ir acu eala\u00edona na h\u00c9ireann a chur chun cinn ar fud an domhain Is \u00e9 is ciall le \u2018Deonta\u00ed\u2019 an t\u00e9 a fhaigheann maoini\u00fa \u00f3 Chult\u00far \u00c9ireann...","og_url":"https:\/\/www.cultureireland.ie\/funding\/how-to-draw-down-your-funding\/","og_site_name":"Culture Ireland | Cult\u00far \u00c9ireann","article_modified_time":"2024-04-26T12:07:42+00:00","og_image":[{"width":1400,"height":544,"url":"https:\/\/www.cultureireland.ie\/wp-content\/uploads\/2021\/05\/1400x544_Redemption-of-a-Rogue-Stills.png","type":"image\/png"}],"twitter_card":"summary_large_image","twitter_misc":{"Est. reading time":"6 minutes"},"schema":{"@context":"https:\/\/schema.org","@graph":[{"@type":"WebPage","@id":"https:\/\/www.cultureireland.ie\/funding\/how-to-draw-down-your-funding\/","url":"https:\/\/www.cultureireland.ie\/funding\/how-to-draw-down-your-funding\/","name":"An deontas a tharraingt anuas - Culture Ireland | Cult\u00far \u00c9ireann","isPartOf":{"@id":"https:\/\/www.cultureireland.ie\/#website"},"primaryImageOfPage":{"@id":"https:\/\/www.cultureireland.ie\/funding\/how-to-draw-down-your-funding\/#primaryimage"},"image":{"@id":"https:\/\/www.cultureireland.ie\/funding\/how-to-draw-down-your-funding\/#primaryimage"},"thumbnailUrl":"https:\/\/www.cultureireland.ie\/wp-content\/uploads\/2021\/05\/1400x544_Redemption-of-a-Rogue-Stills.png","datePublished":"2020-08-13T08:31:40+00:00","dateModified":"2024-04-26T12:07:42+00:00","breadcrumb":{"@id":"https:\/\/www.cultureireland.ie\/funding\/how-to-draw-down-your-funding\/#breadcrumb"},"inLanguage":"ga-IE","potentialAction":[{"@type":"ReadAction","target":["https:\/\/www.cultureireland.ie\/funding\/how-to-draw-down-your-funding\/"]}]},{"@type":"ImageObject","inLanguage":"ga-IE","@id":"https:\/\/www.cultureireland.ie\/funding\/how-to-draw-down-your-funding\/#primaryimage","url":"https:\/\/www.cultureireland.ie\/wp-content\/uploads\/2021\/05\/1400x544_Redemption-of-a-Rogue-Stills.png","contentUrl":"https:\/\/www.cultureireland.ie\/wp-content\/uploads\/2021\/05\/1400x544_Redemption-of-a-Rogue-Stills.png","width":1400,"height":544},{"@type":"BreadcrumbList","@id":"https:\/\/www.cultureireland.ie\/funding\/how-to-draw-down-your-funding\/#breadcrumb","itemListElement":[{"@type":"ListItem","position":1,"name":"Home","item":"https:\/\/www.cultureireland.ie\/"},{"@type":"ListItem","position":2,"name":"Maoinithe","item":"https:\/\/www.cultureireland.ie\/funding\/"},{"@type":"ListItem","position":3,"name":"An deontas a tharraingt anuas"}]},{"@type":"WebSite","@id":"https:\/\/www.cultureireland.ie\/#website","url":"https:\/\/www.cultureireland.ie\/","name":"Culture Ireland | Cult\u00far \u00c9ireann","description":"","publisher":{"@id":"https:\/\/www.cultureireland.ie\/#organization"},"potentialAction":[{"@type":"SearchAction","target":{"@type":"EntryPoint","urlTemplate":"https:\/\/www.cultureireland.ie\/?s={search_term_string}"},"query-input":{"@type":"PropertyValueSpecification","valueRequired":true,"valueName":"search_term_string"}}],"inLanguage":"ga-IE"},{"@type":"Organization","@id":"https:\/\/www.cultureireland.ie\/#organization","name":"Culture Ireland","url":"https:\/\/www.cultureireland.ie\/","logo":{"@type":"ImageObject","inLanguage":"ga-IE","@id":"https:\/\/www.cultureireland.ie\/#\/schema\/logo\/image\/","url":"https:\/\/www.cultureireland.ie\/wp-content\/uploads\/2024\/04\/Department-Tourism.png","contentUrl":"https:\/\/www.cultureireland.ie\/wp-content\/uploads\/2024\/04\/Department-Tourism.png","width":231,"height":218,"caption":"Culture Ireland"},"image":{"@id":"https:\/\/www.cultureireland.ie\/#\/schema\/logo\/image\/"}}]}},"_links":{"self":[{"href":"https:\/\/www.cultureireland.ie\/ga\/wp-json\/wp\/v2\/pages\/2212","targetHints":{"allow":["GET"]}}],"collection":[{"href":"https:\/\/www.cultureireland.ie\/ga\/wp-json\/wp\/v2\/pages"}],"about":[{"href":"https:\/\/www.cultureireland.ie\/ga\/wp-json\/wp\/v2\/types\/page"}],"author":[{"embeddable":true,"href":"https:\/\/www.cultureireland.ie\/ga\/wp-json\/wp\/v2\/users\/1"}],"replies":[{"embeddable":true,"href":"https:\/\/www.cultureireland.ie\/ga\/wp-json\/wp\/v2\/comments?post=2212"}],"version-history":[{"count":4,"href":"https:\/\/www.cultureireland.ie\/ga\/wp-json\/wp\/v2\/pages\/2212\/revisions"}],"predecessor-version":[{"id":2446,"href":"https:\/\/www.cultureireland.ie\/ga\/wp-json\/wp\/v2\/pages\/2212\/revisions\/2446"}],"up":[{"embeddable":true,"href":"https:\/\/www.cultureireland.ie\/ga\/wp-json\/wp\/v2\/pages\/2203"}],"wp:featuredmedia":[{"embeddable":true,"href":"https:\/\/www.cultureireland.ie\/ga\/wp-json\/wp\/v2\/media\/2007"}],"wp:attachment":[{"href":"https:\/\/www.cultureireland.ie\/ga\/wp-json\/wp\/v2\/media?parent=2212"}],"curies":[{"name":"wp","href":"https:\/\/api.w.org\/{rel}","templated":true}]}}