{"id":2209,"date":"2020-08-13T09:30:46","date_gmt":"2020-08-13T08:30:46","guid":{"rendered":"https:\/\/www.cultureireland.ie\/maoinithe\/regular-grant-scheme\/"},"modified":"2025-10-23T12:57:18","modified_gmt":"2025-10-23T11:57:18","slug":"regular-grant-scheme","status":"publish","type":"page","link":"https:\/\/www.cultureireland.ie\/ga\/maoinithe\/regular-grant-scheme\/","title":{"rendered":"Bhabhta Rialta"},"content":{"rendered":"<p>Tugann Cult\u00far \u00c9ireann taca\u00edocht d\u2019eala\u00edont\u00f3ir\u00ed gairmi\u00fala \u00c9ireannacha, d\u2019eagra\u00edochta\u00ed eala\u00edon agus do l\u00e1ithreoir\u00ed idirn\u00e1isi\u00fanta saothar le heala\u00edont\u00f3ir\u00ed \u00c9ireannacha a chur i l\u00e1thair in ionaid agus i bhf\u00e9ilte suntasacha idirn\u00e1isi\u00fanta.<\/p>\n<p>Agus Cult\u00far \u00c9ireann ag tac\u00fa le himeacht, cuirtear maoini\u00fa deontais ar f\u00e1il faoi chomhair costais a bhaineann go d\u00edreach leis an imeacht a chur i l\u00e1thair go hidirn\u00e1isi\u00fanta, i.e., costais taistil agus costais a bhaineann le taisteal mar shampla iompar, l\u00f3ist\u00edn agus coth\u00fa.<\/p>\n<p><a href=\"https:\/\/www.cultureireland.ie\/ga\/maoinithe\/riachtanais-agus-criteir-chailithe-an-iarratais\/\">Riachtanais agus Crit\u00e9ir Ch\u00e1ilithe an Iarratais<\/a><\/p>\n<p><a href=\"https:\/\/www.cultureireland.ie\/ga\/maoinithe\/culture-ireland-regular-grant-assessment-process\/\">T\u00e9arma\u00ed agus Coinn\u00edollacha an Deontais<\/a><\/p>\n<p><a href=\"https:\/\/www.cultureireland.ie\/ga\/maoinithe\/how-to-draw-down-your-grant\/\">An deontas a tharraingt anuas<\/a><\/p>\n<p><i><strong>Nuashonr\u00fa \u2013 Spriocdh\u00e1ta\u00ed Babhta\u00ed Deontais Chult\u00far \u00c9ireann daingnithe do 2025<\/strong><\/i><\/p>\n<p><i>Beidh ceithre bhabhta deontais ann in 2025 a chl\u00fad\u00f3idh gach deis gn\u00edomha\u00edochta i rith na bliana.<\/i><\/p>\n<p><i>Bunaithe ar aiseolas, t\u00e1imid ag cur leis an aml\u00edne gn\u00edomha\u00edochta do gach babhta freisin \u2013 sonra\u00ed ioml\u00e1na th\u00edos \u2013 seice\u00e1il le do thoil go bhfuil do thionscadal inch\u00e1ilithe sula gcuirtear isteach \u00e9.<\/i><\/p>\n<p>Is \u00e9 me\u00e1no\u00edche, an\u00a0<b>6<\/b>\u00a0<b>Samhain 2025\u00a0<\/b>an ch\u00e9ad spriocdh\u00e1ta eile d\u2019iarratais deontais. Caitear iarratas a dh\u00e9anamh ar mhaoini\u00fa faoin d\u00e1ta seo chun saothar a l\u00e9iri\u00fa go hidirn\u00e1isi\u00fanta \u00f3 l\u00e1r mh\u00ed an\u00a0<b>Feabhra\u00a0<\/b>ar aghaidh.<\/p>\n<p><img loading=\"lazy\" decoding=\"async\" class=\"wp-image-3429 aligncenter\" src=\"https:\/\/www.cultureireland.ie\/wp-content\/uploads\/2025\/09\/2-300x168.png\" alt=\"\" width=\"1104\" height=\"618\" srcset=\"https:\/\/www.cultureireland.ie\/wp-content\/uploads\/2025\/09\/2-300x168.png 300w, https:\/\/www.cultureireland.ie\/wp-content\/uploads\/2025\/09\/2-768x430.png 768w, https:\/\/www.cultureireland.ie\/wp-content\/uploads\/2025\/09\/2.png 992w\" sizes=\"auto, (max-width: 1104px) 100vw, 1104px\" \/><\/p>\n<ul style=\"margin: 0px; padding: 0px; border: 0px; font-variant-numeric: inherit; font-variant-east-asian: inherit; font-stretch: inherit; font-size: 16.44px; line-height: inherit; font-family: Helvetica-Neue, Helvetica, sans-serif; vertical-align: baseline; list-style: none; color: #000000; letter-spacing: 0.2166px; text-align: right;\">\n<li style=\"list-style-type: none;\">\n<ul style=\"margin: 0px; padding: 0px; border: 0px; font-variant-numeric: inherit; font-variant-east-asian: inherit; font-stretch: inherit; font-size: 16.44px; line-height: inherit; font-family: Helvetica-Neue, Helvetica, sans-serif; vertical-align: baseline; list-style: none; color: #000000; letter-spacing: 0.2166px; text-align: right;\">\n<li class=\"alert2\" style=\"margin: 30px 0px 0px; padding: 15px 30px; border-width: 0px 0px 1px; border-image: initial; font-variant-numeric: normal; font-variant-east-asian: normal; font-stretch: normal; font-size: 1.25em; line-height: 1.3em; font-family: adrianne, Georgia, serif; vertical-align: baseline; text-align: left; position: relative; height: inherit; width: 300px; background-color: #ed174f; color: #ffffff; border-color: initial initial #ffffff initial; border-style: initial initial solid initial;\"><a class=\"alert-link\" style=\"margin: 0px; padding: 0px; border: 0px; font-variant-numeric: normal; font-variant-east-asian: normal; font-stretch: normal; font-size: 1em; line-height: 1.3em; vertical-align: baseline; color: white; text-decoration-line: none;\" href=\"https:\/\/applications.cultureireland.ie\/index.php?r=form1\/index\">clice\u00e1il anseo le do thoil<\/a><\/li>\n<\/ul>\n<\/li>\n<\/ul>\n<p>&nbsp;<\/p>\n","protected":false},"excerpt":{"rendered":"<p>Tugann Cult\u00far \u00c9ireann taca\u00edocht d\u2019eala\u00edont\u00f3ir\u00ed gairmi\u00fala \u00c9ireannacha, d\u2019eagra\u00edochta\u00ed eala\u00edon agus do l\u00e1ithreoir\u00ed idirn\u00e1isi\u00fanta saothar le heala\u00edont\u00f3ir\u00ed \u00c9ireannacha a chur i l\u00e1thair in ionaid agus i bhf\u00e9ilte suntasacha idirn\u00e1isi\u00fanta. Agus Cult\u00far \u00c9ireann ag tac\u00fa le himeacht, cuirtear maoini\u00fa deontais ar f\u00e1il faoi chomhair costais a bhaineann go d\u00edreach leis an imeacht a chur i l\u00e1thair go&#8230; <\/p>\n","protected":false},"author":1,"featured_media":2312,"parent":2203,"menu_order":7,"comment_status":"closed","ping_status":"closed","template":"full-width.php","meta":{"_acf_changed":false,"footnotes":""},"class_list":["post-2209","page","type-page","status-publish","has-post-thumbnail","hentry"],"acf":[],"yoast_head":"<!-- This site is optimized with the Yoast SEO plugin v27.2 - https:\/\/yoast.com\/product\/yoast-seo-wordpress\/ -->\n<title>Bhabhta Rialta - Culture Ireland | Cult\u00far \u00c9ireann<\/title>\n<meta name=\"robots\" content=\"index, follow, max-snippet:-1, max-image-preview:large, max-video-preview:-1\" \/>\n<link rel=\"canonical\" href=\"https:\/\/www.cultureireland.ie\/ga\/maoinithe\/regular-grant-scheme\/\" \/>\n<meta property=\"og:locale\" content=\"ga_IE\" \/>\n<meta property=\"og:type\" content=\"article\" \/>\n<meta property=\"og:title\" content=\"Bhabhta Rialta - Culture Ireland | Cult\u00far \u00c9ireann\" \/>\n<meta property=\"og:description\" content=\"Tugann Cult\u00far \u00c9ireann taca\u00edocht d\u2019eala\u00edont\u00f3ir\u00ed gairmi\u00fala \u00c9ireannacha, d\u2019eagra\u00edochta\u00ed eala\u00edon agus do l\u00e1ithreoir\u00ed idirn\u00e1isi\u00fanta saothar le heala\u00edont\u00f3ir\u00ed \u00c9ireannacha a chur i l\u00e1thair in ionaid agus i bhf\u00e9ilte suntasacha idirn\u00e1isi\u00fanta. Agus Cult\u00far \u00c9ireann ag tac\u00fa le himeacht, cuirtear maoini\u00fa deontais ar f\u00e1il faoi chomhair costais a bhaineann go d\u00edreach leis an imeacht a chur i l\u00e1thair go...\" \/>\n<meta property=\"og:url\" content=\"https:\/\/www.cultureireland.ie\/ga\/maoinithe\/regular-grant-scheme\/\" \/>\n<meta property=\"og:site_name\" content=\"Culture Ireland | Cult\u00far \u00c9ireann\" \/>\n<meta property=\"article:modified_time\" content=\"2025-10-23T11:57:18+00:00\" \/>\n<meta property=\"og:image\" content=\"https:\/\/www.cultureireland.ie\/wp-content\/uploads\/2024\/04\/Clare-Sands-Photo-by-Cathal-Mac-an-Bheatha-1.jpg\" \/>\n\t<meta property=\"og:image:width\" content=\"2048\" \/>\n\t<meta property=\"og:image:height\" content=\"1365\" \/>\n\t<meta property=\"og:image:type\" content=\"image\/jpeg\" \/>\n<meta name=\"twitter:card\" content=\"summary_large_image\" \/>\n<meta name=\"twitter:label1\" content=\"Est. reading time\" \/>\n\t<meta name=\"twitter:data1\" content=\"2 minutes\" \/>\n<script type=\"application\/ld+json\" class=\"yoast-schema-graph\">{\"@context\":\"https:\/\/schema.org\",\"@graph\":[{\"@type\":\"WebPage\",\"@id\":\"https:\/\/www.cultureireland.ie\/ga\/maoinithe\/regular-grant-scheme\/\",\"url\":\"https:\/\/www.cultureireland.ie\/ga\/maoinithe\/regular-grant-scheme\/\",\"name\":\"Bhabhta Rialta - Culture Ireland | Cult\u00far \u00c9ireann\",\"isPartOf\":{\"@id\":\"https:\/\/www.cultureireland.ie\/#website\"},\"primaryImageOfPage\":{\"@id\":\"https:\/\/www.cultureireland.ie\/ga\/maoinithe\/regular-grant-scheme\/#primaryimage\"},\"image\":{\"@id\":\"https:\/\/www.cultureireland.ie\/ga\/maoinithe\/regular-grant-scheme\/#primaryimage\"},\"thumbnailUrl\":\"https:\/\/www.cultureireland.ie\/wp-content\/uploads\/2024\/04\/Clare-Sands-Photo-by-Cathal-Mac-an-Bheatha-1.jpg\",\"datePublished\":\"2020-08-13T08:30:46+00:00\",\"dateModified\":\"2025-10-23T11:57:18+00:00\",\"breadcrumb\":{\"@id\":\"https:\/\/www.cultureireland.ie\/ga\/maoinithe\/regular-grant-scheme\/#breadcrumb\"},\"inLanguage\":\"ga-IE\",\"potentialAction\":[{\"@type\":\"ReadAction\",\"target\":[\"https:\/\/www.cultureireland.ie\/ga\/maoinithe\/regular-grant-scheme\/\"]}]},{\"@type\":\"ImageObject\",\"inLanguage\":\"ga-IE\",\"@id\":\"https:\/\/www.cultureireland.ie\/ga\/maoinithe\/regular-grant-scheme\/#primaryimage\",\"url\":\"https:\/\/www.cultureireland.ie\/wp-content\/uploads\/2024\/04\/Clare-Sands-Photo-by-Cathal-Mac-an-Bheatha-1.jpg\",\"contentUrl\":\"https:\/\/www.cultureireland.ie\/wp-content\/uploads\/2024\/04\/Clare-Sands-Photo-by-Cathal-Mac-an-Bheatha-1.jpg\",\"width\":2048,\"height\":1365},{\"@type\":\"BreadcrumbList\",\"@id\":\"https:\/\/www.cultureireland.ie\/ga\/maoinithe\/regular-grant-scheme\/#breadcrumb\",\"itemListElement\":[{\"@type\":\"ListItem\",\"position\":1,\"name\":\"Home\",\"item\":\"https:\/\/www.cultureireland.ie\/\"},{\"@type\":\"ListItem\",\"position\":2,\"name\":\"Maoinithe\",\"item\":\"https:\/\/www.cultureireland.ie\/funding\/\"},{\"@type\":\"ListItem\",\"position\":3,\"name\":\"Bhabhta Rialta\"}]},{\"@type\":\"WebSite\",\"@id\":\"https:\/\/www.cultureireland.ie\/#website\",\"url\":\"https:\/\/www.cultureireland.ie\/\",\"name\":\"Culture Ireland | Cult\u00far \u00c9ireann\",\"description\":\"\",\"publisher\":{\"@id\":\"https:\/\/www.cultureireland.ie\/#organization\"},\"potentialAction\":[{\"@type\":\"SearchAction\",\"target\":{\"@type\":\"EntryPoint\",\"urlTemplate\":\"https:\/\/www.cultureireland.ie\/?s={search_term_string}\"},\"query-input\":{\"@type\":\"PropertyValueSpecification\",\"valueRequired\":true,\"valueName\":\"search_term_string\"}}],\"inLanguage\":\"ga-IE\"},{\"@type\":\"Organization\",\"@id\":\"https:\/\/www.cultureireland.ie\/#organization\",\"name\":\"Culture Ireland\",\"url\":\"https:\/\/www.cultureireland.ie\/\",\"logo\":{\"@type\":\"ImageObject\",\"inLanguage\":\"ga-IE\",\"@id\":\"https:\/\/www.cultureireland.ie\/#\/schema\/logo\/image\/\",\"url\":\"https:\/\/www.cultureireland.ie\/wp-content\/uploads\/2024\/04\/Department-Tourism.png\",\"contentUrl\":\"https:\/\/www.cultureireland.ie\/wp-content\/uploads\/2024\/04\/Department-Tourism.png\",\"width\":231,\"height\":218,\"caption\":\"Culture Ireland\"},\"image\":{\"@id\":\"https:\/\/www.cultureireland.ie\/#\/schema\/logo\/image\/\"}}]}<\/script>\n<!-- \/ Yoast SEO plugin. -->","yoast_head_json":{"title":"Bhabhta Rialta - Culture Ireland | Cult\u00far \u00c9ireann","robots":{"index":"index","follow":"follow","max-snippet":"max-snippet:-1","max-image-preview":"max-image-preview:large","max-video-preview":"max-video-preview:-1"},"canonical":"https:\/\/www.cultureireland.ie\/ga\/maoinithe\/regular-grant-scheme\/","og_locale":"ga_IE","og_type":"article","og_title":"Bhabhta Rialta - Culture Ireland | Cult\u00far \u00c9ireann","og_description":"Tugann Cult\u00far \u00c9ireann taca\u00edocht d\u2019eala\u00edont\u00f3ir\u00ed gairmi\u00fala \u00c9ireannacha, d\u2019eagra\u00edochta\u00ed eala\u00edon agus do l\u00e1ithreoir\u00ed idirn\u00e1isi\u00fanta saothar le heala\u00edont\u00f3ir\u00ed \u00c9ireannacha a chur i l\u00e1thair in ionaid agus i bhf\u00e9ilte suntasacha idirn\u00e1isi\u00fanta. Agus Cult\u00far \u00c9ireann ag tac\u00fa le himeacht, cuirtear maoini\u00fa deontais ar f\u00e1il faoi chomhair costais a bhaineann go d\u00edreach leis an imeacht a chur i l\u00e1thair go...","og_url":"https:\/\/www.cultureireland.ie\/ga\/maoinithe\/regular-grant-scheme\/","og_site_name":"Culture Ireland | Cult\u00far \u00c9ireann","article_modified_time":"2025-10-23T11:57:18+00:00","og_image":[{"width":2048,"height":1365,"url":"https:\/\/www.cultureireland.ie\/wp-content\/uploads\/2024\/04\/Clare-Sands-Photo-by-Cathal-Mac-an-Bheatha-1.jpg","type":"image\/jpeg"}],"twitter_card":"summary_large_image","twitter_misc":{"Est. reading time":"2 minutes"},"schema":{"@context":"https:\/\/schema.org","@graph":[{"@type":"WebPage","@id":"https:\/\/www.cultureireland.ie\/ga\/maoinithe\/regular-grant-scheme\/","url":"https:\/\/www.cultureireland.ie\/ga\/maoinithe\/regular-grant-scheme\/","name":"Bhabhta Rialta - Culture Ireland | Cult\u00far \u00c9ireann","isPartOf":{"@id":"https:\/\/www.cultureireland.ie\/#website"},"primaryImageOfPage":{"@id":"https:\/\/www.cultureireland.ie\/ga\/maoinithe\/regular-grant-scheme\/#primaryimage"},"image":{"@id":"https:\/\/www.cultureireland.ie\/ga\/maoinithe\/regular-grant-scheme\/#primaryimage"},"thumbnailUrl":"https:\/\/www.cultureireland.ie\/wp-content\/uploads\/2024\/04\/Clare-Sands-Photo-by-Cathal-Mac-an-Bheatha-1.jpg","datePublished":"2020-08-13T08:30:46+00:00","dateModified":"2025-10-23T11:57:18+00:00","breadcrumb":{"@id":"https:\/\/www.cultureireland.ie\/ga\/maoinithe\/regular-grant-scheme\/#breadcrumb"},"inLanguage":"ga-IE","potentialAction":[{"@type":"ReadAction","target":["https:\/\/www.cultureireland.ie\/ga\/maoinithe\/regular-grant-scheme\/"]}]},{"@type":"ImageObject","inLanguage":"ga-IE","@id":"https:\/\/www.cultureireland.ie\/ga\/maoinithe\/regular-grant-scheme\/#primaryimage","url":"https:\/\/www.cultureireland.ie\/wp-content\/uploads\/2024\/04\/Clare-Sands-Photo-by-Cathal-Mac-an-Bheatha-1.jpg","contentUrl":"https:\/\/www.cultureireland.ie\/wp-content\/uploads\/2024\/04\/Clare-Sands-Photo-by-Cathal-Mac-an-Bheatha-1.jpg","width":2048,"height":1365},{"@type":"BreadcrumbList","@id":"https:\/\/www.cultureireland.ie\/ga\/maoinithe\/regular-grant-scheme\/#breadcrumb","itemListElement":[{"@type":"ListItem","position":1,"name":"Home","item":"https:\/\/www.cultureireland.ie\/"},{"@type":"ListItem","position":2,"name":"Maoinithe","item":"https:\/\/www.cultureireland.ie\/funding\/"},{"@type":"ListItem","position":3,"name":"Bhabhta Rialta"}]},{"@type":"WebSite","@id":"https:\/\/www.cultureireland.ie\/#website","url":"https:\/\/www.cultureireland.ie\/","name":"Culture Ireland | Cult\u00far \u00c9ireann","description":"","publisher":{"@id":"https:\/\/www.cultureireland.ie\/#organization"},"potentialAction":[{"@type":"SearchAction","target":{"@type":"EntryPoint","urlTemplate":"https:\/\/www.cultureireland.ie\/?s={search_term_string}"},"query-input":{"@type":"PropertyValueSpecification","valueRequired":true,"valueName":"search_term_string"}}],"inLanguage":"ga-IE"},{"@type":"Organization","@id":"https:\/\/www.cultureireland.ie\/#organization","name":"Culture Ireland","url":"https:\/\/www.cultureireland.ie\/","logo":{"@type":"ImageObject","inLanguage":"ga-IE","@id":"https:\/\/www.cultureireland.ie\/#\/schema\/logo\/image\/","url":"https:\/\/www.cultureireland.ie\/wp-content\/uploads\/2024\/04\/Department-Tourism.png","contentUrl":"https:\/\/www.cultureireland.ie\/wp-content\/uploads\/2024\/04\/Department-Tourism.png","width":231,"height":218,"caption":"Culture Ireland"},"image":{"@id":"https:\/\/www.cultureireland.ie\/#\/schema\/logo\/image\/"}}]}},"_links":{"self":[{"href":"https:\/\/www.cultureireland.ie\/ga\/wp-json\/wp\/v2\/pages\/2209","targetHints":{"allow":["GET"]}}],"collection":[{"href":"https:\/\/www.cultureireland.ie\/ga\/wp-json\/wp\/v2\/pages"}],"about":[{"href":"https:\/\/www.cultureireland.ie\/ga\/wp-json\/wp\/v2\/types\/page"}],"author":[{"embeddable":true,"href":"https:\/\/www.cultureireland.ie\/ga\/wp-json\/wp\/v2\/users\/1"}],"replies":[{"embeddable":true,"href":"https:\/\/www.cultureireland.ie\/ga\/wp-json\/wp\/v2\/comments?post=2209"}],"version-history":[{"count":10,"href":"https:\/\/www.cultureireland.ie\/ga\/wp-json\/wp\/v2\/pages\/2209\/revisions"}],"predecessor-version":[{"id":3485,"href":"https:\/\/www.cultureireland.ie\/ga\/wp-json\/wp\/v2\/pages\/2209\/revisions\/3485"}],"up":[{"embeddable":true,"href":"https:\/\/www.cultureireland.ie\/ga\/wp-json\/wp\/v2\/pages\/2203"}],"wp:featuredmedia":[{"embeddable":true,"href":"https:\/\/www.cultureireland.ie\/ga\/wp-json\/wp\/v2\/media\/2312"}],"wp:attachment":[{"href":"https:\/\/www.cultureireland.ie\/ga\/wp-json\/wp\/v2\/media?parent=2209"}],"curies":[{"name":"wp","href":"https:\/\/api.w.org\/{rel}","templated":true}]}}