{"id":2207,"date":"2020-08-13T09:31:19","date_gmt":"2020-08-13T08:31:19","guid":{"rendered":"https:\/\/www.cultureireland.ie\/maoinithe\/culture-ireland-regular-grant-assessment-process\/"},"modified":"2024-04-09T12:20:14","modified_gmt":"2024-04-09T11:20:14","slug":"culture-ireland-regular-grant-assessment-process","status":"publish","type":"page","link":"https:\/\/www.cultureireland.ie\/ga\/maoinithe\/culture-ireland-regular-grant-assessment-process\/","title":{"rendered":"Cult\u00far \u00c9ireann : Pr\u00f3iseas chun Deontas Rialta a mheas\u00fan\u00fa"},"content":{"rendered":"<p>T\u00e1 sc\u00e9im maoinithe deontais rialta Chult\u00far \u00c9ireann deartha chun tac\u00fa leis na heala\u00edona \u00c9ireannacha a chur i l\u00e1thair agus a chur chun cinn go hidirn\u00e1isi\u00fanta. T\u00e1 sceideal ch\u00f3ras na ndeontas athraithe ag Cult\u00far \u00c9ireann. T\u00e1 m\u00e9ad\u00fa ar an l\u00edon babhta\u00ed deontais gach bliain chun freastal ar eala\u00edont\u00f3ir\u00ed agus l\u00e1ithreoir\u00ed domhanda sa tr\u00e9imhse dh\u00fashl\u00e1nach seo. Sa doicim\u00e9ad \u201cCult\u00far \u00c9ireann: Pr\u00f3iseas chun Deontas Rialta a mheas\u00fan\u00fa\u201d tugtar m\u00edni\u00fa go mion ar an tsl\u00ed a nd\u00e9anann Cult\u00far \u00c9ireann iarratais ar dheontas a mheas\u00fan\u00fa.<\/p>\n<p>&nbsp;<\/p>\n<p><strong>Forl\u00e9argas<\/strong><\/p>\n<p>C\u00e1ilitheacht: T\u00e1 bunriachtanais ch\u00e1ilitheachta i bhfeidhm i gc\u00e1s iarratas ar thaca\u00edocht mhaoini\u00fach\u00e1n. F\u00e9ach an doicim\u00e9ad faoi riachtanais ch\u00e1ilitheachta at\u00e1 leis seo chun tuilleadh eolais a l\u00e9amh.<\/p>\n<p>&nbsp;<\/p>\n<p><u>N\u00edl na gn\u00edomha\u00edochta\u00ed\/nithe seo i dteideal taca\u00edochta: deiseanna taighde, staid\u00e9ar, oili\u00faint ghairmi\u00fail, costais l\u00e9iri\u00fach\u00e1in, deiseanna c\u00f3naitheachta, spar\u00e1nachta\u00ed, imeachta\u00ed amait\u00e9aracha, ceardlanna\/comhdh\u00e1lacha, saothar d\u00e9anta ag eala\u00edont\u00f3ir\u00ed neamhghairmi\u00fala agus saothair ioma\u00edocha.<\/u><\/p>\n<p><u>\u00a0<\/u><\/p>\n<p>Costais a Ghlacfar: agus Cult\u00far \u00c9ireann ag tac\u00fa le himeacht, cuirtear maoini\u00fa deontais ar f\u00e1il faoi chomhair costais taistil agus costais a bhaineann le taisteal a bhaineann go d\u00edreach leis an imeacht a chur i l\u00e1thair go hidirn\u00e1isi\u00fanta, i.e., taisteal\/iompar, lastas, l\u00f3ist\u00edn agus coth\u00fa. N\u00ed f\u00e9idir maoini\u00fa \u00f3 Chult\u00far \u00c9ireann a \u00fas\u00e1id le t\u00e1ill\u00ed eala\u00edont\u00f3ir\u00ed a chl\u00fadach. Ba ch\u00f3ir d\u2019eala\u00edont\u00f3ir\u00ed t\u00e1ille luach a saothair a fh\u00e1il. Ar na costais as imeachta\u00ed ar l\u00edne a chuirfidh Cult\u00far \u00c9ireann san \u00e1ireamh t\u00e1 costais theicni\u00fala, costais taifeadta, costais as an ionad a fh\u00e1il ar c\u00edos, costais as trealamh a fh\u00e1il ar c\u00edos, costais iarl\u00e9irithe, ach d\u2019fh\u00e9adfa\u00ed nithe eile a chur san \u00e1ireamh chomh maith. Is g\u00e1 c\u00f3ipeanna scanta de bhunch\u00f3ipeanna d\u2019admh\u00e1lacha n\u00f3 fianaise ar \u00edoca\u00edocht suas go luach an deontais a chur isteach leis an deontas a \u00e9ileamh. T\u00e1 tuilleadh eolais le f\u00e1il i gcuid 5 den doicim\u00e9ad An Deontas a Tharraingt Anuas.<\/p>\n<p>&nbsp;<\/p>\n<p><strong>Foirm Iarratais<\/strong>: caithfidh gach iarratas\u00f3ir foirm iarratais a chomhl\u00e1n\u00fa ina hioml\u00e1ine. Ba ch\u00f3ir aon iarratais a dh\u00e9antar i nGaeilge a sheoladh chuig info@cultureireland.gov.ie. Measfar gur iarratais neamh-inch\u00e1ilithe iad iarratais neamhioml\u00e1na. Maille leis sin, m\u00e1 iarrann Cult\u00far \u00c9ireann tuilleadh eolais ar iarratas\u00f3ir\u00ed agus mura n-\u00e9ir\u00edonn le hiarratas\u00f3ir\u00ed an t-eolas sin a chur ar f\u00e1il, beidh an t-iarratas sin neamh-inch\u00e1ilithe.<\/p>\n<p>&nbsp;<\/p>\n<p><strong>Meas\u00fan\u00fa:<\/strong> I gc\u00e1s iarratais a chomhl\u00edonann na riachtanais ch\u00e1ilitheachta agus a bhfuil an t-eolas \u00e1bhartha go l\u00e9ir ina dtaobh curtha isteach, d\u00e9anann Feidhmeannas Chult\u00far \u00c9ireann na hiarratais sin a mheas\u00fan\u00fa i gcomhr\u00e9ir le crit\u00e9ir fhoilsithe Chult\u00far \u00c9ireann.<\/p>\n<p>Ina theannta sin, cuirtear iarratais ar aghaidh chuig speisialt\u00f3ir\u00ed neamhsple\u00e1cha seachtracha i bhfoirmeacha eala\u00edne \u00e9ags\u00fala, \u00f3 Phain\u00e9al Speisialt\u00f3ir\u00ed. Cuireann na speisialt\u00f3ir\u00ed sin n\u00f3ta\u00ed isteach bunaithe ar an eolas at\u00e1 acu ar chaighde\u00e1n eala\u00edonta na hoibre a bhfuil taca\u00edocht \u00e1 lorg ina leith agus tr\u00e1th\u00falacht an tseans seo i ngairm an eala\u00edont\u00f3ra an obair a chur i l\u00e1thair mar at\u00e1 beartaithe.<\/p>\n<p>&nbsp;<\/p>\n<p>Agus dearctha\u00ed faighte \u00f3 Shaineolaithe agus \u00f3 l\u00edonra na hambas\u00e1ide, agus meas\u00fan\u00fa d\u00e9anta ag Feidhmeannas Chult\u00far \u00c9ireann, cuirtear gach iarratas c\u00e1ilithe mar aon le molta\u00ed \u00f3 thaobh maoinithe de faoi bhr\u00e1id Choiste Comhairleach Saineolaithe. Chult\u00far \u00c9ireann. T\u00e1 cur s\u00edos ar an bpr\u00f3iseas ioml\u00e1n sa doicim\u00e9ad a ghabhann leis seo ar f\u00e9idir \u00e9 a \u00edosl\u00f3d\u00e1il th\u00edos.<\/p>\n<p>&nbsp;<\/p>\n<p><strong>Tugtar faoi deara: \u00f3s rud \u00e9 go bhfuil comhth\u00e9acs ioma\u00edoch ag baint le gach babhta den deontas, m\u00e9id teoranta maoinithe agus l\u00edon ard iarratas\u00f3ir\u00ed ann, n\u00ed f\u00e9idir maoini\u00fa a mholadh le haghaidh na n-iarratas\u00f3ir\u00ed c\u00e1ilithe ar fad. N\u00ed deimhni\u00fa \u00e9 go bhfaighidh t\u00fa maoini\u00fa deontais m\u00e1 sh\u00e1sa\u00edonn agus m\u00e1 chomhl\u00edonann t\u00fa na crit\u00e9ir don mheas\u00fan\u00fa.<\/strong><\/p>\n","protected":false},"excerpt":{"rendered":"<p>T\u00e1 sc\u00e9im maoinithe deontais rialta Chult\u00far \u00c9ireann deartha chun tac\u00fa leis na heala\u00edona \u00c9ireannacha a chur i l\u00e1thair agus a chur chun cinn go hidirn\u00e1isi\u00fanta. T\u00e1 sceideal ch\u00f3ras na ndeontas athraithe ag Cult\u00far \u00c9ireann. T\u00e1 m\u00e9ad\u00fa ar an l\u00edon babhta\u00ed deontais gach bliain chun freastal ar eala\u00edont\u00f3ir\u00ed agus l\u00e1ithreoir\u00ed domhanda sa tr\u00e9imhse dh\u00fashl\u00e1nach seo. Sa&#8230; <\/p>\n","protected":false},"author":1,"featured_media":2007,"parent":2203,"menu_order":13,"comment_status":"closed","ping_status":"closed","template":"full-width.php","meta":{"_acf_changed":false,"footnotes":""},"class_list":["post-2207","page","type-page","status-publish","has-post-thumbnail","hentry"],"acf":[],"yoast_head":"<!-- This site is optimized with the Yoast SEO plugin v27.2 - https:\/\/yoast.com\/product\/yoast-seo-wordpress\/ -->\n<title>Cult\u00far \u00c9ireann : Pr\u00f3iseas chun Deontas Rialta a mheas\u00fan\u00fa - Culture Ireland | Cult\u00far \u00c9ireann<\/title>\n<meta name=\"robots\" content=\"index, follow, max-snippet:-1, max-image-preview:large, max-video-preview:-1\" \/>\n<link rel=\"canonical\" href=\"https:\/\/www.cultureireland.ie\/funding\/looking-for-funding\/\" \/>\n<meta property=\"og:locale\" content=\"ga_IE\" \/>\n<meta property=\"og:type\" content=\"article\" \/>\n<meta property=\"og:title\" content=\"Cult\u00far \u00c9ireann : Pr\u00f3iseas chun Deontas Rialta a mheas\u00fan\u00fa - Culture Ireland | Cult\u00far \u00c9ireann\" \/>\n<meta property=\"og:description\" content=\"T\u00e1 sc\u00e9im maoinithe deontais rialta Chult\u00far \u00c9ireann deartha chun tac\u00fa leis na heala\u00edona \u00c9ireannacha a chur i l\u00e1thair agus a chur chun cinn go hidirn\u00e1isi\u00fanta. T\u00e1 sceideal ch\u00f3ras na ndeontas athraithe ag Cult\u00far \u00c9ireann. T\u00e1 m\u00e9ad\u00fa ar an l\u00edon babhta\u00ed deontais gach bliain chun freastal ar eala\u00edont\u00f3ir\u00ed agus l\u00e1ithreoir\u00ed domhanda sa tr\u00e9imhse dh\u00fashl\u00e1nach seo. Sa...\" \/>\n<meta property=\"og:url\" content=\"https:\/\/www.cultureireland.ie\/funding\/looking-for-funding\/\" \/>\n<meta property=\"og:site_name\" content=\"Culture Ireland | Cult\u00far \u00c9ireann\" \/>\n<meta property=\"article:modified_time\" content=\"2024-04-09T11:20:14+00:00\" \/>\n<meta property=\"og:image\" content=\"https:\/\/www.cultureireland.ie\/wp-content\/uploads\/2021\/05\/1400x544_Redemption-of-a-Rogue-Stills.png\" \/>\n\t<meta property=\"og:image:width\" content=\"1400\" \/>\n\t<meta property=\"og:image:height\" content=\"544\" \/>\n\t<meta property=\"og:image:type\" content=\"image\/png\" \/>\n<meta name=\"twitter:card\" content=\"summary_large_image\" \/>\n<meta name=\"twitter:label1\" content=\"Est. reading time\" \/>\n\t<meta name=\"twitter:data1\" content=\"3 minutes\" \/>\n<script type=\"application\/ld+json\" class=\"yoast-schema-graph\">{\"@context\":\"https:\/\/schema.org\",\"@graph\":[{\"@type\":\"WebPage\",\"@id\":\"https:\/\/www.cultureireland.ie\/funding\/looking-for-funding\/\",\"url\":\"https:\/\/www.cultureireland.ie\/funding\/looking-for-funding\/\",\"name\":\"Cult\u00far \u00c9ireann : Pr\u00f3iseas chun Deontas Rialta a mheas\u00fan\u00fa - Culture Ireland | Cult\u00far \u00c9ireann\",\"isPartOf\":{\"@id\":\"https:\/\/www.cultureireland.ie\/#website\"},\"primaryImageOfPage\":{\"@id\":\"https:\/\/www.cultureireland.ie\/funding\/looking-for-funding\/#primaryimage\"},\"image\":{\"@id\":\"https:\/\/www.cultureireland.ie\/funding\/looking-for-funding\/#primaryimage\"},\"thumbnailUrl\":\"https:\/\/www.cultureireland.ie\/wp-content\/uploads\/2021\/05\/1400x544_Redemption-of-a-Rogue-Stills.png\",\"datePublished\":\"2020-08-13T08:31:19+00:00\",\"dateModified\":\"2024-04-09T11:20:14+00:00\",\"breadcrumb\":{\"@id\":\"https:\/\/www.cultureireland.ie\/funding\/looking-for-funding\/#breadcrumb\"},\"inLanguage\":\"ga-IE\",\"potentialAction\":[{\"@type\":\"ReadAction\",\"target\":[\"https:\/\/www.cultureireland.ie\/funding\/looking-for-funding\/\"]}]},{\"@type\":\"ImageObject\",\"inLanguage\":\"ga-IE\",\"@id\":\"https:\/\/www.cultureireland.ie\/funding\/looking-for-funding\/#primaryimage\",\"url\":\"https:\/\/www.cultureireland.ie\/wp-content\/uploads\/2021\/05\/1400x544_Redemption-of-a-Rogue-Stills.png\",\"contentUrl\":\"https:\/\/www.cultureireland.ie\/wp-content\/uploads\/2021\/05\/1400x544_Redemption-of-a-Rogue-Stills.png\",\"width\":1400,\"height\":544},{\"@type\":\"BreadcrumbList\",\"@id\":\"https:\/\/www.cultureireland.ie\/funding\/looking-for-funding\/#breadcrumb\",\"itemListElement\":[{\"@type\":\"ListItem\",\"position\":1,\"name\":\"Home\",\"item\":\"https:\/\/www.cultureireland.ie\/\"},{\"@type\":\"ListItem\",\"position\":2,\"name\":\"Maoinithe\",\"item\":\"https:\/\/www.cultureireland.ie\/funding\/\"},{\"@type\":\"ListItem\",\"position\":3,\"name\":\"Cult\u00far \u00c9ireann : Pr\u00f3iseas chun Deontas Rialta a mheas\u00fan\u00fa\"}]},{\"@type\":\"WebSite\",\"@id\":\"https:\/\/www.cultureireland.ie\/#website\",\"url\":\"https:\/\/www.cultureireland.ie\/\",\"name\":\"Culture Ireland | Cult\u00far \u00c9ireann\",\"description\":\"\",\"publisher\":{\"@id\":\"https:\/\/www.cultureireland.ie\/#organization\"},\"potentialAction\":[{\"@type\":\"SearchAction\",\"target\":{\"@type\":\"EntryPoint\",\"urlTemplate\":\"https:\/\/www.cultureireland.ie\/?s={search_term_string}\"},\"query-input\":{\"@type\":\"PropertyValueSpecification\",\"valueRequired\":true,\"valueName\":\"search_term_string\"}}],\"inLanguage\":\"ga-IE\"},{\"@type\":\"Organization\",\"@id\":\"https:\/\/www.cultureireland.ie\/#organization\",\"name\":\"Culture Ireland\",\"url\":\"https:\/\/www.cultureireland.ie\/\",\"logo\":{\"@type\":\"ImageObject\",\"inLanguage\":\"ga-IE\",\"@id\":\"https:\/\/www.cultureireland.ie\/#\/schema\/logo\/image\/\",\"url\":\"https:\/\/www.cultureireland.ie\/wp-content\/uploads\/2024\/04\/Department-Tourism.png\",\"contentUrl\":\"https:\/\/www.cultureireland.ie\/wp-content\/uploads\/2024\/04\/Department-Tourism.png\",\"width\":231,\"height\":218,\"caption\":\"Culture Ireland\"},\"image\":{\"@id\":\"https:\/\/www.cultureireland.ie\/#\/schema\/logo\/image\/\"}}]}<\/script>\n<!-- \/ Yoast SEO plugin. -->","yoast_head_json":{"title":"Cult\u00far \u00c9ireann : Pr\u00f3iseas chun Deontas Rialta a mheas\u00fan\u00fa - Culture Ireland | Cult\u00far \u00c9ireann","robots":{"index":"index","follow":"follow","max-snippet":"max-snippet:-1","max-image-preview":"max-image-preview:large","max-video-preview":"max-video-preview:-1"},"canonical":"https:\/\/www.cultureireland.ie\/funding\/looking-for-funding\/","og_locale":"ga_IE","og_type":"article","og_title":"Cult\u00far \u00c9ireann : Pr\u00f3iseas chun Deontas Rialta a mheas\u00fan\u00fa - Culture Ireland | Cult\u00far \u00c9ireann","og_description":"T\u00e1 sc\u00e9im maoinithe deontais rialta Chult\u00far \u00c9ireann deartha chun tac\u00fa leis na heala\u00edona \u00c9ireannacha a chur i l\u00e1thair agus a chur chun cinn go hidirn\u00e1isi\u00fanta. T\u00e1 sceideal ch\u00f3ras na ndeontas athraithe ag Cult\u00far \u00c9ireann. T\u00e1 m\u00e9ad\u00fa ar an l\u00edon babhta\u00ed deontais gach bliain chun freastal ar eala\u00edont\u00f3ir\u00ed agus l\u00e1ithreoir\u00ed domhanda sa tr\u00e9imhse dh\u00fashl\u00e1nach seo. Sa...","og_url":"https:\/\/www.cultureireland.ie\/funding\/looking-for-funding\/","og_site_name":"Culture Ireland | Cult\u00far \u00c9ireann","article_modified_time":"2024-04-09T11:20:14+00:00","og_image":[{"width":1400,"height":544,"url":"https:\/\/www.cultureireland.ie\/wp-content\/uploads\/2021\/05\/1400x544_Redemption-of-a-Rogue-Stills.png","type":"image\/png"}],"twitter_card":"summary_large_image","twitter_misc":{"Est. reading time":"3 minutes"},"schema":{"@context":"https:\/\/schema.org","@graph":[{"@type":"WebPage","@id":"https:\/\/www.cultureireland.ie\/funding\/looking-for-funding\/","url":"https:\/\/www.cultureireland.ie\/funding\/looking-for-funding\/","name":"Cult\u00far \u00c9ireann : Pr\u00f3iseas chun Deontas Rialta a mheas\u00fan\u00fa - Culture Ireland | Cult\u00far \u00c9ireann","isPartOf":{"@id":"https:\/\/www.cultureireland.ie\/#website"},"primaryImageOfPage":{"@id":"https:\/\/www.cultureireland.ie\/funding\/looking-for-funding\/#primaryimage"},"image":{"@id":"https:\/\/www.cultureireland.ie\/funding\/looking-for-funding\/#primaryimage"},"thumbnailUrl":"https:\/\/www.cultureireland.ie\/wp-content\/uploads\/2021\/05\/1400x544_Redemption-of-a-Rogue-Stills.png","datePublished":"2020-08-13T08:31:19+00:00","dateModified":"2024-04-09T11:20:14+00:00","breadcrumb":{"@id":"https:\/\/www.cultureireland.ie\/funding\/looking-for-funding\/#breadcrumb"},"inLanguage":"ga-IE","potentialAction":[{"@type":"ReadAction","target":["https:\/\/www.cultureireland.ie\/funding\/looking-for-funding\/"]}]},{"@type":"ImageObject","inLanguage":"ga-IE","@id":"https:\/\/www.cultureireland.ie\/funding\/looking-for-funding\/#primaryimage","url":"https:\/\/www.cultureireland.ie\/wp-content\/uploads\/2021\/05\/1400x544_Redemption-of-a-Rogue-Stills.png","contentUrl":"https:\/\/www.cultureireland.ie\/wp-content\/uploads\/2021\/05\/1400x544_Redemption-of-a-Rogue-Stills.png","width":1400,"height":544},{"@type":"BreadcrumbList","@id":"https:\/\/www.cultureireland.ie\/funding\/looking-for-funding\/#breadcrumb","itemListElement":[{"@type":"ListItem","position":1,"name":"Home","item":"https:\/\/www.cultureireland.ie\/"},{"@type":"ListItem","position":2,"name":"Maoinithe","item":"https:\/\/www.cultureireland.ie\/funding\/"},{"@type":"ListItem","position":3,"name":"Cult\u00far \u00c9ireann : Pr\u00f3iseas chun Deontas Rialta a mheas\u00fan\u00fa"}]},{"@type":"WebSite","@id":"https:\/\/www.cultureireland.ie\/#website","url":"https:\/\/www.cultureireland.ie\/","name":"Culture Ireland | Cult\u00far \u00c9ireann","description":"","publisher":{"@id":"https:\/\/www.cultureireland.ie\/#organization"},"potentialAction":[{"@type":"SearchAction","target":{"@type":"EntryPoint","urlTemplate":"https:\/\/www.cultureireland.ie\/?s={search_term_string}"},"query-input":{"@type":"PropertyValueSpecification","valueRequired":true,"valueName":"search_term_string"}}],"inLanguage":"ga-IE"},{"@type":"Organization","@id":"https:\/\/www.cultureireland.ie\/#organization","name":"Culture Ireland","url":"https:\/\/www.cultureireland.ie\/","logo":{"@type":"ImageObject","inLanguage":"ga-IE","@id":"https:\/\/www.cultureireland.ie\/#\/schema\/logo\/image\/","url":"https:\/\/www.cultureireland.ie\/wp-content\/uploads\/2024\/04\/Department-Tourism.png","contentUrl":"https:\/\/www.cultureireland.ie\/wp-content\/uploads\/2024\/04\/Department-Tourism.png","width":231,"height":218,"caption":"Culture Ireland"},"image":{"@id":"https:\/\/www.cultureireland.ie\/#\/schema\/logo\/image\/"}}]}},"_links":{"self":[{"href":"https:\/\/www.cultureireland.ie\/ga\/wp-json\/wp\/v2\/pages\/2207","targetHints":{"allow":["GET"]}}],"collection":[{"href":"https:\/\/www.cultureireland.ie\/ga\/wp-json\/wp\/v2\/pages"}],"about":[{"href":"https:\/\/www.cultureireland.ie\/ga\/wp-json\/wp\/v2\/types\/page"}],"author":[{"embeddable":true,"href":"https:\/\/www.cultureireland.ie\/ga\/wp-json\/wp\/v2\/users\/1"}],"replies":[{"embeddable":true,"href":"https:\/\/www.cultureireland.ie\/ga\/wp-json\/wp\/v2\/comments?post=2207"}],"version-history":[{"count":1,"href":"https:\/\/www.cultureireland.ie\/ga\/wp-json\/wp\/v2\/pages\/2207\/revisions"}],"predecessor-version":[{"id":2208,"href":"https:\/\/www.cultureireland.ie\/ga\/wp-json\/wp\/v2\/pages\/2207\/revisions\/2208"}],"up":[{"embeddable":true,"href":"https:\/\/www.cultureireland.ie\/ga\/wp-json\/wp\/v2\/pages\/2203"}],"wp:featuredmedia":[{"embeddable":true,"href":"https:\/\/www.cultureireland.ie\/ga\/wp-json\/wp\/v2\/media\/2007"}],"wp:attachment":[{"href":"https:\/\/www.cultureireland.ie\/ga\/wp-json\/wp\/v2\/media?parent=2207"}],"curies":[{"name":"wp","href":"https:\/\/api.w.org\/{rel}","templated":true}]}}