{"id":2204,"date":"2020-08-25T14:14:59","date_gmt":"2020-08-25T13:14:59","guid":{"rendered":"https:\/\/www.cultureireland.ie\/maoinithe\/application-eligibility-requirements-and-criteria\/"},"modified":"2026-03-31T11:59:23","modified_gmt":"2026-03-31T10:59:23","slug":"riachtanais-agus-criteir-chailithe-an-iarratais","status":"publish","type":"page","link":"https:\/\/www.cultureireland.ie\/ga\/maoinithe\/riachtanais-agus-criteir-chailithe-an-iarratais\/","title":{"rendered":"Riachtanais agus Crit\u00e9ir Ch\u00e1ilithe an Iarratais"},"content":{"rendered":"<p>Tugann Cult\u00far \u00c9ireann taca\u00edocht d\u2019eala\u00edont\u00f3ir\u00ed gairmi\u00fala \u00c9ireannacha, d\u2019eagra\u00edochta\u00ed eala\u00edon agus do l\u00e1ithreoir\u00ed idirn\u00e1isi\u00fanta saothar le heala\u00edont\u00f3ir\u00ed \u00c9ireannacha a chur i l\u00e1thair in ionaid agus i bhf\u00e9ilte suntasacha idirn\u00e1isi\u00fanta. Glacfar le hiarratais \u00f3n eala\u00edont\u00f3ir, \u00f3n eagra\u00edocht eala\u00edon n\u00f3 \u00f3n gcomhph\u00e1irt\u00ed idirn\u00e1isi\u00fanta a chuirfidh an saothar i l\u00e1thair.<\/p>\n<p>D\u00e9anann Cult\u00far \u00c9ireann iarratais a mheas a bhaineann le heala\u00edont\u00f3ir\u00ed comhaimseartha na h\u00c9ireann agus le gach foirm eala\u00edne de r\u00e9ir mar at\u00e1 sainmh\u00ednithe san Acht Eala\u00edon, 2003: \u201ccialla\u00edonn na heala\u00edona aon l\u00e9iri\u00fa cruthaitheach n\u00f3 l\u00e9irmh\u00ednitheach (b\u00edodh s\u00e9 sin traidisi\u00fanta n\u00f3 comhaimseartha), is cuma c\u00e9n fhoirm, agus cuims\u00edonn siad, go h\u00e1irithe, amharc-eala\u00edona, amharclanna\u00edocht, litr\u00edocht, ceol, damhsa, ceoldr\u00e1ma\u00edocht, scann\u00e1na\u00edocht, sorcas agus ailtireacht, agus cuims\u00edtear aon mhe\u00e1n a \u00fas\u00e1idtear chun na gcr\u00edoch sin\u201d.<\/p>\n<p><strong>Bunriachtanais Ch\u00e1ilitheachta: <\/strong><\/p>\n<ol>\n<li>Caithfear iarratas a dh\u00e9anamh i dtaca le heala\u00edont\u00f3ir gairmi\u00fail \u00c9ireannach, eala\u00edont\u00f3ir\u00ed gairmi\u00fala \u00c9ireannacha n\u00f3 eagra\u00edocht eala\u00edon.<\/li>\n<li>N\u00ed m\u00f3r an t-iarratas a dh\u00e9anamh i dtaca le foirm eala\u00edne mar a shainmh\u00edn\u00edtear faoin n Acht Eala\u00edon, 2003<\/li>\n<li>N\u00edl taca\u00edocht ar f\u00e1il ach le haghaidh imeachta\u00ed idirn\u00e1isi\u00fanta (i.e. \u00e1it ar bith seachas oile\u00e1n na h\u00c9ireann)<\/li>\n<li>Caithfear teacht a bheith ag lucht f\u00e9achana\/\u00e9isteachta oscailte poibl\u00ed ar an imeacht, caithfear \u00e9 a chur chun cinn go forleathan agus caithfear t\u00e1ill\u00ed a \u00edoc leis an eala\u00edont\u00f3ir, leis na heala\u00edont\u00f3ir\u00ed n\u00f3 leis an eagra\u00edocht eala\u00edon.<\/li>\n<\/ol>\n<p>T\u00e1 an-tiomantas ag Cult\u00far \u00c9ireann don chomhionannas, don \u00e9ags\u00falacht agus don ionchuimsitheacht.<\/p>\n<p>Ba cheart go mbeadh cur amach ag gach iarratas\u00f3ir ar na luachanna seo. Ba ch\u00f3ir c\u00farsa\u00ed inbhuanaitheachta a chur san \u00e1ireamh i ngach c\u00e9im den tionscadal.<\/p>\n<p><strong>D\u00e9antar iarratais ch\u00e1ilithe a mheas\u00fan\u00fa i gcomhr\u00e9ir leis na crit\u00e9ir seo<\/strong>:<\/p>\n<ol>\n<li>C\u00e1il\u00edocht eala\u00edonta oibre agus dea-theist an eala\u00edont\u00f3ra, na n-eala\u00edont\u00f3ir\u00ed n\u00f3 na heagra\u00edochta eala\u00edne.<\/li>\n<li>Inmharthanacht airgeadais agus oibri\u00fach\u00e1in an imeachta (lena n-\u00e1ir\u00edtear t\u00e1ill\u00ed agus an leibh\u00e9al taca\u00edochta \u00f3 l\u00e1ithreoir\/ionad\/comhph\u00e1irtithe eile)<\/li>\n<li>\u00cdomh\u00e1 an ionaid\/na f\u00e9ile idirn\u00e1isi\u00fanta.<\/li>\n<li>Dea-theist l\u00e9irithe ag iarratas\u00f3ir, eala\u00edont\u00f3ir, eala\u00edont\u00f3ir\u00ed n\u00f3 eagra\u00edocht eala\u00edon saothar a chur i l\u00e1thair go hidirn\u00e1isi\u00fanta.<\/li>\n<li>Tionchar prom\u00f3isin agus me\u00e1n i gcoitinne.<\/li>\n<\/ol>\n<p>&nbsp;<\/p>\n<p><strong>Cad at\u00e1 i gceist ag Cult\u00far \u00c9ireann le c\u00e1il\u00edocht eala\u00edonta?<\/strong><\/p>\n<p>Is \u00e9ard is c\u00e1il\u00edocht eala\u00edonta ann saothar at\u00e1 uaillmhianach, ar ardchaighde\u00e1n, ceannr\u00f3da\u00edoch, a th\u00e9ann i bhfeidhm ar lucht f\u00e9achana\/\u00e9isteachta agus at\u00e1 curtha i l\u00e1thair go n\u00e1isi\u00fanta agus ardmholadh faighte ina leith. Baintear feidhm as eolas, taith\u00ed agus sainchomhairle chun meas\u00fan\u00fa a dh\u00e9anamh ar ch\u00e1il\u00edocht eala\u00edonta an tsaothair at\u00e1 beartaithe.<\/p>\n<p><strong>Sampla\u00ed d\u2019iarratais inch\u00e1ilithe<\/strong>:<\/p>\n<ul>\n<li>Taispe\u00e1ntais amharclanna\u00edochta, sorcais agus damhsa ag comp\u00e1ntais ghairmi\u00fala<\/li>\n<li>D\u00e9ant\u00f3ir\u00ed scann\u00e1n ag cur scann\u00e1in i l\u00e1thair le linn f\u00e9ilte t\u00e1bhachtacha idirn\u00e1isi\u00fanta scann\u00e1n<\/li>\n<li>L\u00e9irithe ag ceolt\u00f3ir\u00ed agus gr\u00fapa\u00ed gairmi\u00fala n\u00f3 a bhfuil sti\u00farth\u00f3ir gairmi\u00fail acu.<br \/>\n\u2022 Amharc-eala\u00edont\u00f3ir\u00ed\/gailearaithe at\u00e1 chun saothar a thaispe\u00e1int in aonta\u00ed\/i ngailearaithe aitheanta \u2022 L\u00e9amha ag scr\u00edbhneoir\u00ed\/fil\u00ed i mB\u00e9arla, i nGaeilge n\u00f3 i dteanga eile i bhf\u00e9ilte liteartha idirn\u00e1isi\u00fanta<\/li>\n<\/ul>\n<p><strong>Sampla\u00ed d\u2019iarratais neamh-inch\u00e1ilithe:<\/strong><\/p>\n<ul>\n<li>Imeachta\u00ed a bh\u00ed ann cheana f\u00e9in<\/li>\n<li>Deiseanna taighde, staid\u00e9ar n\u00f3 oili\u00faint ghairmi\u00fail<\/li>\n<li>Costais L\u00e9iri\u00fach\u00e1in<\/li>\n<li>C\u00f3naitheachta\u00ed \u2022 Spar\u00e1nachta\u00ed<\/li>\n<li>Ceardlanna\/Comhdh\u00e1lacha<\/li>\n<li>Imeachta\u00ed amait\u00e9aracha<\/li>\n<li>Obair d\u00e9anta ag eala\u00edont\u00f3ir\u00ed neamhghairmi\u00fala<\/li>\n<li>Imeachta\u00ed ioma\u00edocha<\/li>\n<\/ul>\n<p><strong>\u00d3s rud \u00e9 go bhfuil comhth\u00e9acs ioma\u00edoch ag baint le gach babhta den deontas, m\u00e9id teoranta maoinithe agus l\u00edon ard iarratas\u00f3ir\u00ed ann, is g\u00e1 a thabhairt faoi deara nach deimhni\u00fa go bhfaighidh t\u00fa\/sibh maoini\u00fa deontais \u00e9 iarratas c\u00e1ilithe a bheith ann a chomhl\u00edonann crit\u00e9ir an mheas\u00fanaithe<\/strong>.<\/p>\n","protected":false},"excerpt":{"rendered":"<p>Tugann Cult\u00far \u00c9ireann taca\u00edocht d\u2019eala\u00edont\u00f3ir\u00ed gairmi\u00fala \u00c9ireannacha, d\u2019eagra\u00edochta\u00ed eala\u00edon agus do l\u00e1ithreoir\u00ed idirn\u00e1isi\u00fanta saothar le heala\u00edont\u00f3ir\u00ed \u00c9ireannacha a chur i l\u00e1thair in ionaid agus i bhf\u00e9ilte suntasacha idirn\u00e1isi\u00fanta. Glacfar le hiarratais \u00f3n eala\u00edont\u00f3ir, \u00f3n eagra\u00edocht eala\u00edon n\u00f3 \u00f3n gcomhph\u00e1irt\u00ed idirn\u00e1isi\u00fanta a chuirfidh an saothar i l\u00e1thair. D\u00e9anann Cult\u00far \u00c9ireann iarratais a mheas a bhaineann le&#8230; <\/p>\n","protected":false},"author":1,"featured_media":2007,"parent":2203,"menu_order":10,"comment_status":"closed","ping_status":"closed","template":"full-width.php","meta":{"_acf_changed":false,"footnotes":""},"class_list":["post-2204","page","type-page","status-publish","has-post-thumbnail","hentry"],"acf":[],"yoast_head":"<!-- This site is optimized with the Yoast SEO plugin v27.2 - https:\/\/yoast.com\/product\/yoast-seo-wordpress\/ -->\n<title>Riachtanais agus Crit\u00e9ir Ch\u00e1ilithe an Iarratais - Culture Ireland | Cult\u00far \u00c9ireann<\/title>\n<meta name=\"robots\" content=\"index, follow, max-snippet:-1, max-image-preview:large, max-video-preview:-1\" \/>\n<link rel=\"canonical\" href=\"https:\/\/www.cultureireland.ie\/ga\/maoinithe\/riachtanais-agus-criteir-chailithe-an-iarratais\/\" \/>\n<meta property=\"og:locale\" content=\"ga_IE\" \/>\n<meta property=\"og:type\" content=\"article\" \/>\n<meta property=\"og:title\" content=\"Riachtanais agus Crit\u00e9ir Ch\u00e1ilithe an Iarratais - Culture Ireland | Cult\u00far \u00c9ireann\" \/>\n<meta property=\"og:description\" content=\"Tugann Cult\u00far \u00c9ireann taca\u00edocht d\u2019eala\u00edont\u00f3ir\u00ed gairmi\u00fala \u00c9ireannacha, d\u2019eagra\u00edochta\u00ed eala\u00edon agus do l\u00e1ithreoir\u00ed idirn\u00e1isi\u00fanta saothar le heala\u00edont\u00f3ir\u00ed \u00c9ireannacha a chur i l\u00e1thair in ionaid agus i bhf\u00e9ilte suntasacha idirn\u00e1isi\u00fanta. Glacfar le hiarratais \u00f3n eala\u00edont\u00f3ir, \u00f3n eagra\u00edocht eala\u00edon n\u00f3 \u00f3n gcomhph\u00e1irt\u00ed idirn\u00e1isi\u00fanta a chuirfidh an saothar i l\u00e1thair. D\u00e9anann Cult\u00far \u00c9ireann iarratais a mheas a bhaineann le...\" \/>\n<meta property=\"og:url\" content=\"https:\/\/www.cultureireland.ie\/ga\/maoinithe\/riachtanais-agus-criteir-chailithe-an-iarratais\/\" \/>\n<meta property=\"og:site_name\" content=\"Culture Ireland | Cult\u00far \u00c9ireann\" \/>\n<meta property=\"article:modified_time\" content=\"2026-03-31T10:59:23+00:00\" \/>\n<meta property=\"og:image\" content=\"https:\/\/www.cultureireland.ie\/wp-content\/uploads\/2021\/05\/1400x544_Redemption-of-a-Rogue-Stills.png\" \/>\n\t<meta property=\"og:image:width\" content=\"1400\" \/>\n\t<meta property=\"og:image:height\" content=\"544\" \/>\n\t<meta property=\"og:image:type\" content=\"image\/png\" \/>\n<meta name=\"twitter:card\" content=\"summary_large_image\" \/>\n<meta name=\"twitter:label1\" content=\"Est. reading time\" \/>\n\t<meta name=\"twitter:data1\" content=\"3 minutes\" \/>\n<script type=\"application\/ld+json\" class=\"yoast-schema-graph\">{\"@context\":\"https:\/\/schema.org\",\"@graph\":[{\"@type\":\"WebPage\",\"@id\":\"https:\/\/www.cultureireland.ie\/ga\/maoinithe\/riachtanais-agus-criteir-chailithe-an-iarratais\/\",\"url\":\"https:\/\/www.cultureireland.ie\/ga\/maoinithe\/riachtanais-agus-criteir-chailithe-an-iarratais\/\",\"name\":\"Riachtanais agus Crit\u00e9ir Ch\u00e1ilithe an Iarratais - Culture Ireland | Cult\u00far \u00c9ireann\",\"isPartOf\":{\"@id\":\"https:\/\/www.cultureireland.ie\/#website\"},\"primaryImageOfPage\":{\"@id\":\"https:\/\/www.cultureireland.ie\/ga\/maoinithe\/riachtanais-agus-criteir-chailithe-an-iarratais\/#primaryimage\"},\"image\":{\"@id\":\"https:\/\/www.cultureireland.ie\/ga\/maoinithe\/riachtanais-agus-criteir-chailithe-an-iarratais\/#primaryimage\"},\"thumbnailUrl\":\"https:\/\/www.cultureireland.ie\/wp-content\/uploads\/2021\/05\/1400x544_Redemption-of-a-Rogue-Stills.png\",\"datePublished\":\"2020-08-25T13:14:59+00:00\",\"dateModified\":\"2026-03-31T10:59:23+00:00\",\"breadcrumb\":{\"@id\":\"https:\/\/www.cultureireland.ie\/ga\/maoinithe\/riachtanais-agus-criteir-chailithe-an-iarratais\/#breadcrumb\"},\"inLanguage\":\"ga-IE\",\"potentialAction\":[{\"@type\":\"ReadAction\",\"target\":[\"https:\/\/www.cultureireland.ie\/ga\/maoinithe\/riachtanais-agus-criteir-chailithe-an-iarratais\/\"]}]},{\"@type\":\"ImageObject\",\"inLanguage\":\"ga-IE\",\"@id\":\"https:\/\/www.cultureireland.ie\/ga\/maoinithe\/riachtanais-agus-criteir-chailithe-an-iarratais\/#primaryimage\",\"url\":\"https:\/\/www.cultureireland.ie\/wp-content\/uploads\/2021\/05\/1400x544_Redemption-of-a-Rogue-Stills.png\",\"contentUrl\":\"https:\/\/www.cultureireland.ie\/wp-content\/uploads\/2021\/05\/1400x544_Redemption-of-a-Rogue-Stills.png\",\"width\":1400,\"height\":544},{\"@type\":\"BreadcrumbList\",\"@id\":\"https:\/\/www.cultureireland.ie\/ga\/maoinithe\/riachtanais-agus-criteir-chailithe-an-iarratais\/#breadcrumb\",\"itemListElement\":[{\"@type\":\"ListItem\",\"position\":1,\"name\":\"Home\",\"item\":\"https:\/\/www.cultureireland.ie\/\"},{\"@type\":\"ListItem\",\"position\":2,\"name\":\"Maoinithe\",\"item\":\"https:\/\/www.cultureireland.ie\/funding\/\"},{\"@type\":\"ListItem\",\"position\":3,\"name\":\"Riachtanais agus Crit\u00e9ir Ch\u00e1ilithe an Iarratais\"}]},{\"@type\":\"WebSite\",\"@id\":\"https:\/\/www.cultureireland.ie\/#website\",\"url\":\"https:\/\/www.cultureireland.ie\/\",\"name\":\"Culture Ireland | Cult\u00far \u00c9ireann\",\"description\":\"\",\"publisher\":{\"@id\":\"https:\/\/www.cultureireland.ie\/#organization\"},\"potentialAction\":[{\"@type\":\"SearchAction\",\"target\":{\"@type\":\"EntryPoint\",\"urlTemplate\":\"https:\/\/www.cultureireland.ie\/?s={search_term_string}\"},\"query-input\":{\"@type\":\"PropertyValueSpecification\",\"valueRequired\":true,\"valueName\":\"search_term_string\"}}],\"inLanguage\":\"ga-IE\"},{\"@type\":\"Organization\",\"@id\":\"https:\/\/www.cultureireland.ie\/#organization\",\"name\":\"Culture Ireland\",\"url\":\"https:\/\/www.cultureireland.ie\/\",\"logo\":{\"@type\":\"ImageObject\",\"inLanguage\":\"ga-IE\",\"@id\":\"https:\/\/www.cultureireland.ie\/#\/schema\/logo\/image\/\",\"url\":\"https:\/\/www.cultureireland.ie\/wp-content\/uploads\/2024\/04\/Department-Tourism.png\",\"contentUrl\":\"https:\/\/www.cultureireland.ie\/wp-content\/uploads\/2024\/04\/Department-Tourism.png\",\"width\":231,\"height\":218,\"caption\":\"Culture Ireland\"},\"image\":{\"@id\":\"https:\/\/www.cultureireland.ie\/#\/schema\/logo\/image\/\"}}]}<\/script>\n<!-- \/ Yoast SEO plugin. -->","yoast_head_json":{"title":"Riachtanais agus Crit\u00e9ir Ch\u00e1ilithe an Iarratais - Culture Ireland | Cult\u00far \u00c9ireann","robots":{"index":"index","follow":"follow","max-snippet":"max-snippet:-1","max-image-preview":"max-image-preview:large","max-video-preview":"max-video-preview:-1"},"canonical":"https:\/\/www.cultureireland.ie\/ga\/maoinithe\/riachtanais-agus-criteir-chailithe-an-iarratais\/","og_locale":"ga_IE","og_type":"article","og_title":"Riachtanais agus Crit\u00e9ir Ch\u00e1ilithe an Iarratais - Culture Ireland | Cult\u00far \u00c9ireann","og_description":"Tugann Cult\u00far \u00c9ireann taca\u00edocht d\u2019eala\u00edont\u00f3ir\u00ed gairmi\u00fala \u00c9ireannacha, d\u2019eagra\u00edochta\u00ed eala\u00edon agus do l\u00e1ithreoir\u00ed idirn\u00e1isi\u00fanta saothar le heala\u00edont\u00f3ir\u00ed \u00c9ireannacha a chur i l\u00e1thair in ionaid agus i bhf\u00e9ilte suntasacha idirn\u00e1isi\u00fanta. Glacfar le hiarratais \u00f3n eala\u00edont\u00f3ir, \u00f3n eagra\u00edocht eala\u00edon n\u00f3 \u00f3n gcomhph\u00e1irt\u00ed idirn\u00e1isi\u00fanta a chuirfidh an saothar i l\u00e1thair. D\u00e9anann Cult\u00far \u00c9ireann iarratais a mheas a bhaineann le...","og_url":"https:\/\/www.cultureireland.ie\/ga\/maoinithe\/riachtanais-agus-criteir-chailithe-an-iarratais\/","og_site_name":"Culture Ireland | Cult\u00far \u00c9ireann","article_modified_time":"2026-03-31T10:59:23+00:00","og_image":[{"width":1400,"height":544,"url":"https:\/\/www.cultureireland.ie\/wp-content\/uploads\/2021\/05\/1400x544_Redemption-of-a-Rogue-Stills.png","type":"image\/png"}],"twitter_card":"summary_large_image","twitter_misc":{"Est. reading time":"3 minutes"},"schema":{"@context":"https:\/\/schema.org","@graph":[{"@type":"WebPage","@id":"https:\/\/www.cultureireland.ie\/ga\/maoinithe\/riachtanais-agus-criteir-chailithe-an-iarratais\/","url":"https:\/\/www.cultureireland.ie\/ga\/maoinithe\/riachtanais-agus-criteir-chailithe-an-iarratais\/","name":"Riachtanais agus Crit\u00e9ir Ch\u00e1ilithe an Iarratais - Culture Ireland | Cult\u00far \u00c9ireann","isPartOf":{"@id":"https:\/\/www.cultureireland.ie\/#website"},"primaryImageOfPage":{"@id":"https:\/\/www.cultureireland.ie\/ga\/maoinithe\/riachtanais-agus-criteir-chailithe-an-iarratais\/#primaryimage"},"image":{"@id":"https:\/\/www.cultureireland.ie\/ga\/maoinithe\/riachtanais-agus-criteir-chailithe-an-iarratais\/#primaryimage"},"thumbnailUrl":"https:\/\/www.cultureireland.ie\/wp-content\/uploads\/2021\/05\/1400x544_Redemption-of-a-Rogue-Stills.png","datePublished":"2020-08-25T13:14:59+00:00","dateModified":"2026-03-31T10:59:23+00:00","breadcrumb":{"@id":"https:\/\/www.cultureireland.ie\/ga\/maoinithe\/riachtanais-agus-criteir-chailithe-an-iarratais\/#breadcrumb"},"inLanguage":"ga-IE","potentialAction":[{"@type":"ReadAction","target":["https:\/\/www.cultureireland.ie\/ga\/maoinithe\/riachtanais-agus-criteir-chailithe-an-iarratais\/"]}]},{"@type":"ImageObject","inLanguage":"ga-IE","@id":"https:\/\/www.cultureireland.ie\/ga\/maoinithe\/riachtanais-agus-criteir-chailithe-an-iarratais\/#primaryimage","url":"https:\/\/www.cultureireland.ie\/wp-content\/uploads\/2021\/05\/1400x544_Redemption-of-a-Rogue-Stills.png","contentUrl":"https:\/\/www.cultureireland.ie\/wp-content\/uploads\/2021\/05\/1400x544_Redemption-of-a-Rogue-Stills.png","width":1400,"height":544},{"@type":"BreadcrumbList","@id":"https:\/\/www.cultureireland.ie\/ga\/maoinithe\/riachtanais-agus-criteir-chailithe-an-iarratais\/#breadcrumb","itemListElement":[{"@type":"ListItem","position":1,"name":"Home","item":"https:\/\/www.cultureireland.ie\/"},{"@type":"ListItem","position":2,"name":"Maoinithe","item":"https:\/\/www.cultureireland.ie\/funding\/"},{"@type":"ListItem","position":3,"name":"Riachtanais agus Crit\u00e9ir Ch\u00e1ilithe an Iarratais"}]},{"@type":"WebSite","@id":"https:\/\/www.cultureireland.ie\/#website","url":"https:\/\/www.cultureireland.ie\/","name":"Culture Ireland | Cult\u00far \u00c9ireann","description":"","publisher":{"@id":"https:\/\/www.cultureireland.ie\/#organization"},"potentialAction":[{"@type":"SearchAction","target":{"@type":"EntryPoint","urlTemplate":"https:\/\/www.cultureireland.ie\/?s={search_term_string}"},"query-input":{"@type":"PropertyValueSpecification","valueRequired":true,"valueName":"search_term_string"}}],"inLanguage":"ga-IE"},{"@type":"Organization","@id":"https:\/\/www.cultureireland.ie\/#organization","name":"Culture Ireland","url":"https:\/\/www.cultureireland.ie\/","logo":{"@type":"ImageObject","inLanguage":"ga-IE","@id":"https:\/\/www.cultureireland.ie\/#\/schema\/logo\/image\/","url":"https:\/\/www.cultureireland.ie\/wp-content\/uploads\/2024\/04\/Department-Tourism.png","contentUrl":"https:\/\/www.cultureireland.ie\/wp-content\/uploads\/2024\/04\/Department-Tourism.png","width":231,"height":218,"caption":"Culture Ireland"},"image":{"@id":"https:\/\/www.cultureireland.ie\/#\/schema\/logo\/image\/"}}]}},"_links":{"self":[{"href":"https:\/\/www.cultureireland.ie\/ga\/wp-json\/wp\/v2\/pages\/2204","targetHints":{"allow":["GET"]}}],"collection":[{"href":"https:\/\/www.cultureireland.ie\/ga\/wp-json\/wp\/v2\/pages"}],"about":[{"href":"https:\/\/www.cultureireland.ie\/ga\/wp-json\/wp\/v2\/types\/page"}],"author":[{"embeddable":true,"href":"https:\/\/www.cultureireland.ie\/ga\/wp-json\/wp\/v2\/users\/1"}],"replies":[{"embeddable":true,"href":"https:\/\/www.cultureireland.ie\/ga\/wp-json\/wp\/v2\/comments?post=2204"}],"version-history":[{"count":4,"href":"https:\/\/www.cultureireland.ie\/ga\/wp-json\/wp\/v2\/pages\/2204\/revisions"}],"predecessor-version":[{"id":3754,"href":"https:\/\/www.cultureireland.ie\/ga\/wp-json\/wp\/v2\/pages\/2204\/revisions\/3754"}],"up":[{"embeddable":true,"href":"https:\/\/www.cultureireland.ie\/ga\/wp-json\/wp\/v2\/pages\/2203"}],"wp:featuredmedia":[{"embeddable":true,"href":"https:\/\/www.cultureireland.ie\/ga\/wp-json\/wp\/v2\/media\/2007"}],"wp:attachment":[{"href":"https:\/\/www.cultureireland.ie\/ga\/wp-json\/wp\/v2\/media?parent=2204"}],"curies":[{"name":"wp","href":"https:\/\/api.w.org\/{rel}","templated":true}]}}