{"id":2203,"date":"2020-06-26T16:19:15","date_gmt":"2020-06-26T15:19:15","guid":{"rendered":"https:\/\/www.cultureireland.ie\/maoinithe\/"},"modified":"2024-04-26T13:05:04","modified_gmt":"2024-04-26T12:05:04","slug":"maoinithe","status":"publish","type":"page","link":"https:\/\/www.cultureireland.ie\/ga\/maoinithe\/","title":{"rendered":"Maoinithe"},"content":{"rendered":"<p><strong>T\u00e1 raon de chl\u00e1ir mhaoini\u00fach\u00e1in i bhfeidhm ag Cult\u00far \u00c9ireann chun tac\u00fa le heala\u00edona na h\u00c9ireann a thaispe\u00e1int ar an st\u00e1itse idirn\u00e1isi\u00fanta agus chun iad a chur chun cinn chomh maith. <\/strong><\/p>\n<p><strong>I measc na dtionscnamh at\u00e1 ann faoi l\u00e1thair, t\u00e1 an babhta deontais r\u00e1ithi\u00fail, an sc\u00e9im See Here agus cl\u00e1r Showcase. <\/strong><\/p>\n<p>Tabhair faoi deara, le do thoil, gur cheart \u00fas\u00e1id a bhaint as Google Chrome agus gl\u00e9as Windows nuair at\u00e1 t\u00fa ag d\u00e9anamh iarratas ar l\u00edne (lena chinnti\u00fa nach gcliseann d\u2019iarratas).<\/p>\n<p>Is f\u00e9idir iarratas a dh\u00e9anamh ar dheontas i mB\u00e9arla n\u00f3 i nGaeilge. Is f\u00e9idir tuilleadh eolais maidir leis na tionscnaimh seo, lena n-\u00e1ir\u00edtear foirmeacha iarratais a fh\u00e1il i nGaeilge faoi Acmhainn\u00ed.<\/p>\n<p>&nbsp;<\/p>\n<p><a href=\"\/funding\/application-eligibility-requirements-and-criteria\"><strong>Riachtanais agus Crit\u00e9ir Ch\u00e1ilithe an Iarratais<\/strong><\/a><\/p>\n<p><a href=\"\/funding\/looking-for-funding\"><strong>Cult\u00far \u00c9ireann : Pr\u00f3iseas chun Deontas Rialta a mheas\u00fan\u00fa<\/strong><\/a><\/p>\n<p><a href=\"\/funding\/looking-for-funding\"><strong>T\u00e9arma\u00ed agus Coinn\u00edollacha an Deontais<\/strong><\/a><\/p>\n<p><a href=\"\/funding\/how-to-draw-down-your-funding\"><strong>An deontas a tharraingt anuas<\/strong><\/a><\/p>\n<p><a href=\"https:\/\/applications.cultureireland.ie\/index.php?r=form5\/index\"><strong>Foirm Tuairisce Babhta Deontais<\/strong><\/a><\/p>\n<p><a href=\"https:\/\/applications.cultureireland.ie\/index.php?r=form12\"><strong>Foirm Tuairisce Taispe\u00e1ntais<\/strong><\/a><\/p>\n<p><a href=\"https:\/\/applications.cultureireland.ie\/index.php?r=form10\"><strong>F\u00e9ch Anseo Foirm Tuairisce<\/strong><\/a><\/p>\n<p><a href=\"https:\/\/www.cultureireland.ie\/wp-content\/uploads\/2024\/04\/Bank-Mandate.doc\"><strong>Sainord\u00fa Bainc<\/strong><\/a><\/p>\n<p>&nbsp;<\/p>\n","protected":false},"excerpt":{"rendered":"<p>T\u00e1 raon de chl\u00e1ir mhaoini\u00fach\u00e1in i bhfeidhm ag Cult\u00far \u00c9ireann chun tac\u00fa le heala\u00edona na h\u00c9ireann a thaispe\u00e1int ar an st\u00e1itse idirn\u00e1isi\u00fanta agus chun iad a chur chun cinn chomh maith. I measc na dtionscnamh at\u00e1 ann faoi l\u00e1thair, t\u00e1 an babhta deontais r\u00e1ithi\u00fail, an sc\u00e9im See Here agus cl\u00e1r Showcase. Tabhair faoi deara, le&#8230; <\/p>\n","protected":false},"author":1,"featured_media":2297,"parent":0,"menu_order":6,"comment_status":"closed","ping_status":"closed","template":"full-width.php","meta":{"_acf_changed":false,"footnotes":""},"class_list":["post-2203","page","type-page","status-publish","has-post-thumbnail","hentry"],"acf":[],"yoast_head":"<!-- This site is optimized with the Yoast SEO plugin v27.2 - https:\/\/yoast.com\/product\/yoast-seo-wordpress\/ -->\n<title>Maoinithe - Culture Ireland | Cult\u00far \u00c9ireann<\/title>\n<meta name=\"robots\" content=\"index, follow, max-snippet:-1, max-image-preview:large, max-video-preview:-1\" \/>\n<link rel=\"canonical\" href=\"https:\/\/www.cultureireland.ie\/funding\/\" \/>\n<meta property=\"og:locale\" content=\"ga_IE\" \/>\n<meta property=\"og:type\" content=\"article\" \/>\n<meta property=\"og:title\" content=\"Maoinithe - Culture Ireland | Cult\u00far \u00c9ireann\" \/>\n<meta property=\"og:description\" content=\"T\u00e1 raon de chl\u00e1ir mhaoini\u00fach\u00e1in i bhfeidhm ag Cult\u00far \u00c9ireann chun tac\u00fa le heala\u00edona na h\u00c9ireann a thaispe\u00e1int ar an st\u00e1itse idirn\u00e1isi\u00fanta agus chun iad a chur chun cinn chomh maith. I measc na dtionscnamh at\u00e1 ann faoi l\u00e1thair, t\u00e1 an babhta deontais r\u00e1ithi\u00fail, an sc\u00e9im See Here agus cl\u00e1r Showcase. Tabhair faoi deara, le...\" \/>\n<meta property=\"og:url\" content=\"https:\/\/www.cultureireland.ie\/funding\/\" \/>\n<meta property=\"og:site_name\" content=\"Culture Ireland | Cult\u00far \u00c9ireann\" \/>\n<meta property=\"article:modified_time\" content=\"2024-04-26T12:05:04+00:00\" \/>\n<meta property=\"og:image\" content=\"https:\/\/www.cultureireland.ie\/wp-content\/uploads\/2024\/04\/Volcano_114.jpg\" \/>\n\t<meta property=\"og:image:width\" content=\"2048\" \/>\n\t<meta property=\"og:image:height\" content=\"1365\" \/>\n\t<meta property=\"og:image:type\" content=\"image\/jpeg\" \/>\n<meta name=\"twitter:card\" content=\"summary_large_image\" \/>\n<meta name=\"twitter:label1\" content=\"Est. reading time\" \/>\n\t<meta name=\"twitter:data1\" content=\"1 minute\" \/>\n<script type=\"application\/ld+json\" class=\"yoast-schema-graph\">{\"@context\":\"https:\/\/schema.org\",\"@graph\":[{\"@type\":\"WebPage\",\"@id\":\"https:\/\/www.cultureireland.ie\/funding\/\",\"url\":\"https:\/\/www.cultureireland.ie\/funding\/\",\"name\":\"Maoinithe - Culture Ireland | Cult\u00far \u00c9ireann\",\"isPartOf\":{\"@id\":\"https:\/\/www.cultureireland.ie\/#website\"},\"primaryImageOfPage\":{\"@id\":\"https:\/\/www.cultureireland.ie\/funding\/#primaryimage\"},\"image\":{\"@id\":\"https:\/\/www.cultureireland.ie\/funding\/#primaryimage\"},\"thumbnailUrl\":\"https:\/\/www.cultureireland.ie\/wp-content\/uploads\/2024\/04\/Volcano_114.jpg\",\"datePublished\":\"2020-06-26T15:19:15+00:00\",\"dateModified\":\"2024-04-26T12:05:04+00:00\",\"breadcrumb\":{\"@id\":\"https:\/\/www.cultureireland.ie\/funding\/#breadcrumb\"},\"inLanguage\":\"ga-IE\",\"potentialAction\":[{\"@type\":\"ReadAction\",\"target\":[\"https:\/\/www.cultureireland.ie\/funding\/\"]}]},{\"@type\":\"ImageObject\",\"inLanguage\":\"ga-IE\",\"@id\":\"https:\/\/www.cultureireland.ie\/funding\/#primaryimage\",\"url\":\"https:\/\/www.cultureireland.ie\/wp-content\/uploads\/2024\/04\/Volcano_114.jpg\",\"contentUrl\":\"https:\/\/www.cultureireland.ie\/wp-content\/uploads\/2024\/04\/Volcano_114.jpg\",\"width\":2048,\"height\":1365,\"caption\":\"Luke Murphy\/Attic Projects Pic: Emilia Jefremova\"},{\"@type\":\"BreadcrumbList\",\"@id\":\"https:\/\/www.cultureireland.ie\/funding\/#breadcrumb\",\"itemListElement\":[{\"@type\":\"ListItem\",\"position\":1,\"name\":\"Home\",\"item\":\"https:\/\/www.cultureireland.ie\/\"},{\"@type\":\"ListItem\",\"position\":2,\"name\":\"Maoinithe\"}]},{\"@type\":\"WebSite\",\"@id\":\"https:\/\/www.cultureireland.ie\/#website\",\"url\":\"https:\/\/www.cultureireland.ie\/\",\"name\":\"Culture Ireland | Cult\u00far \u00c9ireann\",\"description\":\"\",\"publisher\":{\"@id\":\"https:\/\/www.cultureireland.ie\/#organization\"},\"potentialAction\":[{\"@type\":\"SearchAction\",\"target\":{\"@type\":\"EntryPoint\",\"urlTemplate\":\"https:\/\/www.cultureireland.ie\/?s={search_term_string}\"},\"query-input\":{\"@type\":\"PropertyValueSpecification\",\"valueRequired\":true,\"valueName\":\"search_term_string\"}}],\"inLanguage\":\"ga-IE\"},{\"@type\":\"Organization\",\"@id\":\"https:\/\/www.cultureireland.ie\/#organization\",\"name\":\"Culture Ireland\",\"url\":\"https:\/\/www.cultureireland.ie\/\",\"logo\":{\"@type\":\"ImageObject\",\"inLanguage\":\"ga-IE\",\"@id\":\"https:\/\/www.cultureireland.ie\/#\/schema\/logo\/image\/\",\"url\":\"https:\/\/www.cultureireland.ie\/wp-content\/uploads\/2024\/04\/Department-Tourism.png\",\"contentUrl\":\"https:\/\/www.cultureireland.ie\/wp-content\/uploads\/2024\/04\/Department-Tourism.png\",\"width\":231,\"height\":218,\"caption\":\"Culture Ireland\"},\"image\":{\"@id\":\"https:\/\/www.cultureireland.ie\/#\/schema\/logo\/image\/\"}}]}<\/script>\n<!-- \/ Yoast SEO plugin. -->","yoast_head_json":{"title":"Maoinithe - Culture Ireland | Cult\u00far \u00c9ireann","robots":{"index":"index","follow":"follow","max-snippet":"max-snippet:-1","max-image-preview":"max-image-preview:large","max-video-preview":"max-video-preview:-1"},"canonical":"https:\/\/www.cultureireland.ie\/funding\/","og_locale":"ga_IE","og_type":"article","og_title":"Maoinithe - Culture Ireland | Cult\u00far \u00c9ireann","og_description":"T\u00e1 raon de chl\u00e1ir mhaoini\u00fach\u00e1in i bhfeidhm ag Cult\u00far \u00c9ireann chun tac\u00fa le heala\u00edona na h\u00c9ireann a thaispe\u00e1int ar an st\u00e1itse idirn\u00e1isi\u00fanta agus chun iad a chur chun cinn chomh maith. I measc na dtionscnamh at\u00e1 ann faoi l\u00e1thair, t\u00e1 an babhta deontais r\u00e1ithi\u00fail, an sc\u00e9im See Here agus cl\u00e1r Showcase. Tabhair faoi deara, le...","og_url":"https:\/\/www.cultureireland.ie\/funding\/","og_site_name":"Culture Ireland | Cult\u00far \u00c9ireann","article_modified_time":"2024-04-26T12:05:04+00:00","og_image":[{"width":2048,"height":1365,"url":"https:\/\/www.cultureireland.ie\/wp-content\/uploads\/2024\/04\/Volcano_114.jpg","type":"image\/jpeg"}],"twitter_card":"summary_large_image","twitter_misc":{"Est. reading time":"1 minute"},"schema":{"@context":"https:\/\/schema.org","@graph":[{"@type":"WebPage","@id":"https:\/\/www.cultureireland.ie\/funding\/","url":"https:\/\/www.cultureireland.ie\/funding\/","name":"Maoinithe - Culture Ireland | Cult\u00far \u00c9ireann","isPartOf":{"@id":"https:\/\/www.cultureireland.ie\/#website"},"primaryImageOfPage":{"@id":"https:\/\/www.cultureireland.ie\/funding\/#primaryimage"},"image":{"@id":"https:\/\/www.cultureireland.ie\/funding\/#primaryimage"},"thumbnailUrl":"https:\/\/www.cultureireland.ie\/wp-content\/uploads\/2024\/04\/Volcano_114.jpg","datePublished":"2020-06-26T15:19:15+00:00","dateModified":"2024-04-26T12:05:04+00:00","breadcrumb":{"@id":"https:\/\/www.cultureireland.ie\/funding\/#breadcrumb"},"inLanguage":"ga-IE","potentialAction":[{"@type":"ReadAction","target":["https:\/\/www.cultureireland.ie\/funding\/"]}]},{"@type":"ImageObject","inLanguage":"ga-IE","@id":"https:\/\/www.cultureireland.ie\/funding\/#primaryimage","url":"https:\/\/www.cultureireland.ie\/wp-content\/uploads\/2024\/04\/Volcano_114.jpg","contentUrl":"https:\/\/www.cultureireland.ie\/wp-content\/uploads\/2024\/04\/Volcano_114.jpg","width":2048,"height":1365,"caption":"Luke Murphy\/Attic Projects Pic: Emilia Jefremova"},{"@type":"BreadcrumbList","@id":"https:\/\/www.cultureireland.ie\/funding\/#breadcrumb","itemListElement":[{"@type":"ListItem","position":1,"name":"Home","item":"https:\/\/www.cultureireland.ie\/"},{"@type":"ListItem","position":2,"name":"Maoinithe"}]},{"@type":"WebSite","@id":"https:\/\/www.cultureireland.ie\/#website","url":"https:\/\/www.cultureireland.ie\/","name":"Culture Ireland | Cult\u00far \u00c9ireann","description":"","publisher":{"@id":"https:\/\/www.cultureireland.ie\/#organization"},"potentialAction":[{"@type":"SearchAction","target":{"@type":"EntryPoint","urlTemplate":"https:\/\/www.cultureireland.ie\/?s={search_term_string}"},"query-input":{"@type":"PropertyValueSpecification","valueRequired":true,"valueName":"search_term_string"}}],"inLanguage":"ga-IE"},{"@type":"Organization","@id":"https:\/\/www.cultureireland.ie\/#organization","name":"Culture Ireland","url":"https:\/\/www.cultureireland.ie\/","logo":{"@type":"ImageObject","inLanguage":"ga-IE","@id":"https:\/\/www.cultureireland.ie\/#\/schema\/logo\/image\/","url":"https:\/\/www.cultureireland.ie\/wp-content\/uploads\/2024\/04\/Department-Tourism.png","contentUrl":"https:\/\/www.cultureireland.ie\/wp-content\/uploads\/2024\/04\/Department-Tourism.png","width":231,"height":218,"caption":"Culture Ireland"},"image":{"@id":"https:\/\/www.cultureireland.ie\/#\/schema\/logo\/image\/"}}]}},"_links":{"self":[{"href":"https:\/\/www.cultureireland.ie\/ga\/wp-json\/wp\/v2\/pages\/2203","targetHints":{"allow":["GET"]}}],"collection":[{"href":"https:\/\/www.cultureireland.ie\/ga\/wp-json\/wp\/v2\/pages"}],"about":[{"href":"https:\/\/www.cultureireland.ie\/ga\/wp-json\/wp\/v2\/types\/page"}],"author":[{"embeddable":true,"href":"https:\/\/www.cultureireland.ie\/ga\/wp-json\/wp\/v2\/users\/1"}],"replies":[{"embeddable":true,"href":"https:\/\/www.cultureireland.ie\/ga\/wp-json\/wp\/v2\/comments?post=2203"}],"version-history":[{"count":5,"href":"https:\/\/www.cultureireland.ie\/ga\/wp-json\/wp\/v2\/pages\/2203\/revisions"}],"predecessor-version":[{"id":2444,"href":"https:\/\/www.cultureireland.ie\/ga\/wp-json\/wp\/v2\/pages\/2203\/revisions\/2444"}],"wp:featuredmedia":[{"embeddable":true,"href":"https:\/\/www.cultureireland.ie\/ga\/wp-json\/wp\/v2\/media\/2297"}],"wp:attachment":[{"href":"https:\/\/www.cultureireland.ie\/ga\/wp-json\/wp\/v2\/media?parent=2203"}],"curies":[{"name":"wp","href":"https:\/\/api.w.org\/{rel}","templated":true}]}}