{"id":2184,"date":"2020-06-23T15:48:54","date_gmt":"2020-06-23T14:48:54","guid":{"rendered":"https:\/\/www.cultureireland.ie\/teagmhail\/"},"modified":"2024-04-24T15:59:31","modified_gmt":"2024-04-24T14:59:31","slug":"teagmhail","status":"publish","type":"page","link":"https:\/\/www.cultureireland.ie\/ga\/teagmhail\/","title":{"rendered":"Teagmh\u00e1il"},"content":{"rendered":"&#13;\n<p><strong>Sharon Barry<\/strong>&#13;\nSti\u00farth\u00f3ir<\/p>&#13;\n<p><strong>Ciaran Walsh<\/strong>&#13;\nSti\u00farth\u00f3ir C\u00fanta<\/p>&#13;\n<p><strong>Alison Geraghty<\/strong>&#13;\nCeann na gCl\u00e1ir Deontais<\/p>&#13;\n<p>\u00a0<\/p>&#13;\n<p><strong>Ceisteanna ginear\u00e1lta<\/strong><\/p>&#13;\n<p><a href=\"mailto:info@cultureireland.gov.ie\">info@cultureireland.gov.ie<\/a><\/p>&#13;\n<p>\u00a0<\/p>&#13;\n<p><strong>Ceisteanna maidir le h\u00edoca\u00edochta\u00ed deontais<\/strong><\/p>&#13;\n<p><a href=\"mailto:grants@cultureireland.gov.ie\">grants@cultureireland.gov.ie<\/a><\/p>&#13;\n<p>\u00a0<\/p>&#13;\n<p><strong>Uimhir Theileaf\u00f3in Oifige<\/strong><\/p>&#13;\n<p>+353 (0)1 6437700<\/p>&#13;\n<p>\u00a0<\/p>&#13;\n<p>Tabhair faoi deara, le do thoil, go mb\u00edonn foireann Chult\u00far \u00c9ireann ag obair \u00f3 chian, go pr\u00edomha. Is \u00e9 an bealach is fearr chun teagmh\u00e1il a dh\u00e9anamh n\u00e1 tr\u00ed r\u00edomhphost.<\/p>&#13;\n<p>\u00a0<\/p>&#13;\n<h5>\u00a0<\/h5>&#13;\n<p>\u00a0<\/p>&#13;\n<p>\u00a0<\/p>&#13;\n<p>\u00a0<\/p>&#13;\n","protected":false},"excerpt":{"rendered":"<p>&#13; Sharon Barry&#13; Sti\u00farth\u00f3ir &#13; Ciaran Walsh&#13; Sti\u00farth\u00f3ir C\u00fanta &#13; Alison Geraghty&#13; Ceann na gCl\u00e1ir Deontais &#13; \u00a0 &#13; Ceisteanna ginear\u00e1lta &#13; info@cultureireland.gov.ie &#13; \u00a0 &#13; Ceisteanna maidir le h\u00edoca\u00edochta\u00ed deontais &#13; grants@cultureireland.gov.ie &#13; \u00a0 &#13; Uimhir Theileaf\u00f3in Oifige &#13; +353 (0)1 6437700 &#13; \u00a0 &#13; Tabhair faoi deara, le do thoil, go mb\u00edonn foireann&#8230; <\/p>\n","protected":false},"author":1,"featured_media":1997,"parent":0,"menu_order":17,"comment_status":"closed","ping_status":"closed","template":"full-width.php","meta":{"_acf_changed":false,"footnotes":""},"class_list":["post-2184","page","type-page","status-publish","has-post-thumbnail","hentry"],"acf":[],"yoast_head":"<!-- This site is optimized with the Yoast SEO plugin v27.2 - https:\/\/yoast.com\/product\/yoast-seo-wordpress\/ -->\n<title>Teagmh\u00e1il - Culture Ireland | Cult\u00far \u00c9ireann<\/title>\n<meta name=\"robots\" content=\"index, follow, max-snippet:-1, max-image-preview:large, max-video-preview:-1\" \/>\n<link rel=\"canonical\" href=\"https:\/\/www.cultureireland.ie\/contact\/\" \/>\n<meta property=\"og:locale\" content=\"ga_IE\" \/>\n<meta property=\"og:type\" content=\"article\" \/>\n<meta property=\"og:title\" content=\"Teagmh\u00e1il - Culture Ireland | Cult\u00far \u00c9ireann\" \/>\n<meta property=\"og:description\" content=\"&#013; Sharon Barry&#013; Sti\u00farth\u00f3ir &#013; Ciaran Walsh&#013; Sti\u00farth\u00f3ir C\u00fanta &#013; Alison Geraghty&#013; Ceann na gCl\u00e1ir Deontais &#013; \u00a0 &#013; Ceisteanna ginear\u00e1lta &#013; info@cultureireland.gov.ie &#013; \u00a0 &#013; Ceisteanna maidir le h\u00edoca\u00edochta\u00ed deontais &#013; grants@cultureireland.gov.ie &#013; \u00a0 &#013; Uimhir Theileaf\u00f3in Oifige &#013; +353 (0)1 6437700 &#013; \u00a0 &#013; Tabhair faoi deara, le do thoil, go mb\u00edonn foireann...\" \/>\n<meta property=\"og:url\" content=\"https:\/\/www.cultureireland.ie\/contact\/\" \/>\n<meta property=\"og:site_name\" content=\"Culture Ireland | Cult\u00far \u00c9ireann\" \/>\n<meta property=\"article:modified_time\" content=\"2024-04-24T14:59:31+00:00\" \/>\n<meta property=\"og:image\" content=\"https:\/\/www.cultureireland.ie\/wp-content\/uploads\/2021\/05\/1400x544_Pages_Kerlin-Gallery-at-Art-Basel-2019.png\" \/>\n\t<meta property=\"og:image:width\" content=\"1400\" \/>\n\t<meta property=\"og:image:height\" content=\"544\" \/>\n\t<meta property=\"og:image:type\" content=\"image\/png\" \/>\n<meta name=\"twitter:card\" content=\"summary_large_image\" \/>\n<script type=\"application\/ld+json\" class=\"yoast-schema-graph\">{\"@context\":\"https:\/\/schema.org\",\"@graph\":[{\"@type\":\"WebPage\",\"@id\":\"https:\/\/www.cultureireland.ie\/contact\/\",\"url\":\"https:\/\/www.cultureireland.ie\/contact\/\",\"name\":\"Teagmh\u00e1il - Culture Ireland | Cult\u00far \u00c9ireann\",\"isPartOf\":{\"@id\":\"https:\/\/www.cultureireland.ie\/#website\"},\"primaryImageOfPage\":{\"@id\":\"https:\/\/www.cultureireland.ie\/contact\/#primaryimage\"},\"image\":{\"@id\":\"https:\/\/www.cultureireland.ie\/contact\/#primaryimage\"},\"thumbnailUrl\":\"https:\/\/www.cultureireland.ie\/wp-content\/uploads\/2021\/05\/1400x544_Pages_Kerlin-Gallery-at-Art-Basel-2019.png\",\"datePublished\":\"2020-06-23T14:48:54+00:00\",\"dateModified\":\"2024-04-24T14:59:31+00:00\",\"breadcrumb\":{\"@id\":\"https:\/\/www.cultureireland.ie\/contact\/#breadcrumb\"},\"inLanguage\":\"ga-IE\",\"potentialAction\":[{\"@type\":\"ReadAction\",\"target\":[\"https:\/\/www.cultureireland.ie\/contact\/\"]}]},{\"@type\":\"ImageObject\",\"inLanguage\":\"ga-IE\",\"@id\":\"https:\/\/www.cultureireland.ie\/contact\/#primaryimage\",\"url\":\"https:\/\/www.cultureireland.ie\/wp-content\/uploads\/2021\/05\/1400x544_Pages_Kerlin-Gallery-at-Art-Basel-2019.png\",\"contentUrl\":\"https:\/\/www.cultureireland.ie\/wp-content\/uploads\/2021\/05\/1400x544_Pages_Kerlin-Gallery-at-Art-Basel-2019.png\",\"width\":1400,\"height\":544,\"caption\":\"Gerard Byrne\"},{\"@type\":\"BreadcrumbList\",\"@id\":\"https:\/\/www.cultureireland.ie\/contact\/#breadcrumb\",\"itemListElement\":[{\"@type\":\"ListItem\",\"position\":1,\"name\":\"Home\",\"item\":\"https:\/\/www.cultureireland.ie\/\"},{\"@type\":\"ListItem\",\"position\":2,\"name\":\"Teagmh\u00e1il\"}]},{\"@type\":\"WebSite\",\"@id\":\"https:\/\/www.cultureireland.ie\/#website\",\"url\":\"https:\/\/www.cultureireland.ie\/\",\"name\":\"Culture Ireland | Cult\u00far \u00c9ireann\",\"description\":\"\",\"publisher\":{\"@id\":\"https:\/\/www.cultureireland.ie\/#organization\"},\"potentialAction\":[{\"@type\":\"SearchAction\",\"target\":{\"@type\":\"EntryPoint\",\"urlTemplate\":\"https:\/\/www.cultureireland.ie\/?s={search_term_string}\"},\"query-input\":{\"@type\":\"PropertyValueSpecification\",\"valueRequired\":true,\"valueName\":\"search_term_string\"}}],\"inLanguage\":\"ga-IE\"},{\"@type\":\"Organization\",\"@id\":\"https:\/\/www.cultureireland.ie\/#organization\",\"name\":\"Culture Ireland\",\"url\":\"https:\/\/www.cultureireland.ie\/\",\"logo\":{\"@type\":\"ImageObject\",\"inLanguage\":\"ga-IE\",\"@id\":\"https:\/\/www.cultureireland.ie\/#\/schema\/logo\/image\/\",\"url\":\"https:\/\/www.cultureireland.ie\/wp-content\/uploads\/2024\/04\/Department-Tourism.png\",\"contentUrl\":\"https:\/\/www.cultureireland.ie\/wp-content\/uploads\/2024\/04\/Department-Tourism.png\",\"width\":231,\"height\":218,\"caption\":\"Culture Ireland\"},\"image\":{\"@id\":\"https:\/\/www.cultureireland.ie\/#\/schema\/logo\/image\/\"}}]}<\/script>\n<!-- \/ Yoast SEO plugin. -->","yoast_head_json":{"title":"Teagmh\u00e1il - Culture Ireland | Cult\u00far \u00c9ireann","robots":{"index":"index","follow":"follow","max-snippet":"max-snippet:-1","max-image-preview":"max-image-preview:large","max-video-preview":"max-video-preview:-1"},"canonical":"https:\/\/www.cultureireland.ie\/contact\/","og_locale":"ga_IE","og_type":"article","og_title":"Teagmh\u00e1il - Culture Ireland | Cult\u00far \u00c9ireann","og_description":"&#13; Sharon Barry&#13; Sti\u00farth\u00f3ir &#13; Ciaran Walsh&#13; Sti\u00farth\u00f3ir C\u00fanta &#13; Alison Geraghty&#13; Ceann na gCl\u00e1ir Deontais &#13; \u00a0 &#13; Ceisteanna ginear\u00e1lta &#13; info@cultureireland.gov.ie &#13; \u00a0 &#13; Ceisteanna maidir le h\u00edoca\u00edochta\u00ed deontais &#13; grants@cultureireland.gov.ie &#13; \u00a0 &#13; Uimhir Theileaf\u00f3in Oifige &#13; +353 (0)1 6437700 &#13; \u00a0 &#13; Tabhair faoi deara, le do thoil, go mb\u00edonn foireann...","og_url":"https:\/\/www.cultureireland.ie\/contact\/","og_site_name":"Culture Ireland | Cult\u00far \u00c9ireann","article_modified_time":"2024-04-24T14:59:31+00:00","og_image":[{"width":1400,"height":544,"url":"https:\/\/www.cultureireland.ie\/wp-content\/uploads\/2021\/05\/1400x544_Pages_Kerlin-Gallery-at-Art-Basel-2019.png","type":"image\/png"}],"twitter_card":"summary_large_image","schema":{"@context":"https:\/\/schema.org","@graph":[{"@type":"WebPage","@id":"https:\/\/www.cultureireland.ie\/contact\/","url":"https:\/\/www.cultureireland.ie\/contact\/","name":"Teagmh\u00e1il - Culture Ireland | Cult\u00far \u00c9ireann","isPartOf":{"@id":"https:\/\/www.cultureireland.ie\/#website"},"primaryImageOfPage":{"@id":"https:\/\/www.cultureireland.ie\/contact\/#primaryimage"},"image":{"@id":"https:\/\/www.cultureireland.ie\/contact\/#primaryimage"},"thumbnailUrl":"https:\/\/www.cultureireland.ie\/wp-content\/uploads\/2021\/05\/1400x544_Pages_Kerlin-Gallery-at-Art-Basel-2019.png","datePublished":"2020-06-23T14:48:54+00:00","dateModified":"2024-04-24T14:59:31+00:00","breadcrumb":{"@id":"https:\/\/www.cultureireland.ie\/contact\/#breadcrumb"},"inLanguage":"ga-IE","potentialAction":[{"@type":"ReadAction","target":["https:\/\/www.cultureireland.ie\/contact\/"]}]},{"@type":"ImageObject","inLanguage":"ga-IE","@id":"https:\/\/www.cultureireland.ie\/contact\/#primaryimage","url":"https:\/\/www.cultureireland.ie\/wp-content\/uploads\/2021\/05\/1400x544_Pages_Kerlin-Gallery-at-Art-Basel-2019.png","contentUrl":"https:\/\/www.cultureireland.ie\/wp-content\/uploads\/2021\/05\/1400x544_Pages_Kerlin-Gallery-at-Art-Basel-2019.png","width":1400,"height":544,"caption":"Gerard Byrne"},{"@type":"BreadcrumbList","@id":"https:\/\/www.cultureireland.ie\/contact\/#breadcrumb","itemListElement":[{"@type":"ListItem","position":1,"name":"Home","item":"https:\/\/www.cultureireland.ie\/"},{"@type":"ListItem","position":2,"name":"Teagmh\u00e1il"}]},{"@type":"WebSite","@id":"https:\/\/www.cultureireland.ie\/#website","url":"https:\/\/www.cultureireland.ie\/","name":"Culture Ireland | Cult\u00far \u00c9ireann","description":"","publisher":{"@id":"https:\/\/www.cultureireland.ie\/#organization"},"potentialAction":[{"@type":"SearchAction","target":{"@type":"EntryPoint","urlTemplate":"https:\/\/www.cultureireland.ie\/?s={search_term_string}"},"query-input":{"@type":"PropertyValueSpecification","valueRequired":true,"valueName":"search_term_string"}}],"inLanguage":"ga-IE"},{"@type":"Organization","@id":"https:\/\/www.cultureireland.ie\/#organization","name":"Culture Ireland","url":"https:\/\/www.cultureireland.ie\/","logo":{"@type":"ImageObject","inLanguage":"ga-IE","@id":"https:\/\/www.cultureireland.ie\/#\/schema\/logo\/image\/","url":"https:\/\/www.cultureireland.ie\/wp-content\/uploads\/2024\/04\/Department-Tourism.png","contentUrl":"https:\/\/www.cultureireland.ie\/wp-content\/uploads\/2024\/04\/Department-Tourism.png","width":231,"height":218,"caption":"Culture Ireland"},"image":{"@id":"https:\/\/www.cultureireland.ie\/#\/schema\/logo\/image\/"}}]}},"_links":{"self":[{"href":"https:\/\/www.cultureireland.ie\/ga\/wp-json\/wp\/v2\/pages\/2184","targetHints":{"allow":["GET"]}}],"collection":[{"href":"https:\/\/www.cultureireland.ie\/ga\/wp-json\/wp\/v2\/pages"}],"about":[{"href":"https:\/\/www.cultureireland.ie\/ga\/wp-json\/wp\/v2\/types\/page"}],"author":[{"embeddable":true,"href":"https:\/\/www.cultureireland.ie\/ga\/wp-json\/wp\/v2\/users\/1"}],"replies":[{"embeddable":true,"href":"https:\/\/www.cultureireland.ie\/ga\/wp-json\/wp\/v2\/comments?post=2184"}],"version-history":[{"count":1,"href":"https:\/\/www.cultureireland.ie\/ga\/wp-json\/wp\/v2\/pages\/2184\/revisions"}],"predecessor-version":[{"id":2185,"href":"https:\/\/www.cultureireland.ie\/ga\/wp-json\/wp\/v2\/pages\/2184\/revisions\/2185"}],"wp:featuredmedia":[{"embeddable":true,"href":"https:\/\/www.cultureireland.ie\/ga\/wp-json\/wp\/v2\/media\/1997"}],"wp:attachment":[{"href":"https:\/\/www.cultureireland.ie\/ga\/wp-json\/wp\/v2\/media?parent=2184"}],"curies":[{"name":"wp","href":"https:\/\/api.w.org\/{rel}","templated":true}]}}